{"id":3322,"date":"2017-04-03T10:53:33","date_gmt":"2017-04-03T10:53:33","guid":{"rendered":"http:\/\/volcanosurflanzarote.com\/?page_id=3322\/"},"modified":"2017-06-12T10:47:48","modified_gmt":"2017-06-12T10:47:48","slug":"propos-de-nous","status":"publish","type":"page","link":"https:\/\/volcanosurflanzarote.com\/fr\/propos-de-nous\/","title":{"rendered":"\u00e0 propos de nous"},"content":{"rendered":"<div class=\"well normal\">\n<h1><span style=\"color: #999999;\">Bienvenue au Paradis du Surfer!!<\/span><\/h1>\n<\/div>\n<div class=\"well normal\">\n<h4><a href=\"http:\/\/volcanosurflanzarote.com\/wp-content\/uploads\/2011\/07\/SurfingFamara.jpg\" rel=\"attachment wp-att-2197\"><img decoding=\"async\" loading=\"lazy\" class=\"alignleft wp-image-2197\" src=\"http:\/\/volcanosurflanzarote.com\/wp-content\/uploads\/2011\/07\/SurfingFamara-300x189.jpg\" alt=\"surfing-famara\" width=\"314\" height=\"198\" srcset=\"https:\/\/volcanosurflanzarote.com\/wp-content\/uploads\/2011\/07\/SurfingFamara-300x189.jpg 300w, https:\/\/volcanosurflanzarote.com\/wp-content\/uploads\/2011\/07\/SurfingFamara.jpg 704w\" sizes=\"(max-width: 314px) 100vw, 314px\" \/><\/a>Volcano surf school...<\/h4>\n<p>Nous sommes la seule \u00e9cole fran\u00e7aise de surf a Lanzarote, bas\u00e9e a Costa Teguise. Cette merveilleuse \u00eele volcanique offre toute l\u2019ann\u00e9e de tr\u00e8s bonnes conditions de surf pour tous les niveaux. Avec l\u2019aide de nos moniteurs exp\u00e9riment\u00e9s, nous vous garantissons un s\u00e9jour sportif et humain inoubliable. Plages superbes, qualit\u00e9 d\u2019enseignement et le plaisir d\u2019\u00e9voluer dans l\u2019oc\u00e9an en toute s\u00e9curit\u00e9 afin de d\u00e9couvrir cette sensation unique de glisser sur les vagues.<\/p>\n<p><strong>Surfer c\u2019est plus qu\u2019un sport, beaucoup plus que savoir monter sur sa planche, surfer c\u2019est aussi un \u00e9tat d\u2019esprit que nous voulons aussi vous faire d\u00e9couvrir.<\/strong><\/p>\n<\/div>\n<div class=\"well normal\">\n<h4><strong><a href=\"http:\/\/volcanosurflanzarote.com\/wp-content\/uploads\/2016\/04\/stretchingfamara.jpg\" rel=\"attachment wp-att-2222\"><img decoding=\"async\" loading=\"lazy\" class=\"alignleft wp-image-2222\" src=\"http:\/\/volcanosurflanzarote.com\/wp-content\/uploads\/2016\/04\/stretchingfamara-300x189.jpg\" alt=\"stretching in famara\" width=\"308\" height=\"194\" srcset=\"https:\/\/volcanosurflanzarote.com\/wp-content\/uploads\/2016\/04\/stretchingfamara-300x189.jpg 300w, https:\/\/volcanosurflanzarote.com\/wp-content\/uploads\/2016\/04\/stretchingfamara.jpg 704w\" sizes=\"(max-width: 308px) 100vw, 308px\" \/><\/a><\/strong>Le spirit Volcanosurf..<\/h4>\n<p><span style=\"color: #808080;\">La philosophie de notre \u00e9cole est de permettre a nos clients, gr\u00e2ce une approche personnalis\u00e9e, de progresser dans de bonnes conditions, et de saisir toute la beaut\u00e9 de l'\u00e9l\u00e9ment. Un stretching de pr\u00e9paration au petit matin sur une plage idyllique, attendre sa vague face a des falaises volcanique a la beaut\u00e9 saisissante..\u00a0Tous les jours, nos moniteurs choisissent le meilleur site en fonction des conditions.\u00a0Tout est inclus, mat\u00e9riel, transport, assurance, un savoureux pic nic et une bonne humeur a toute \u00e9preuve..:)<\/span><\/p>\n<div class=\"well normal\"><\/div>\n<a href=\"http:\/\/volcanosurflanzarote.com\/wp-content\/uploads\/2016\/04\/volcanosurf-31-of-35.jpg\" rel=\"attachment wp-att-2223\"><img decoding=\"async\" loading=\"lazy\" class=\"alignleft wp-image-2223\" src=\"http:\/\/volcanosurflanzarote.com\/wp-content\/uploads\/2016\/04\/volcanosurf-31-of-35-300x200.jpg\" alt=\"sonja surfing with volcano surf\" width=\"295\" height=\"194\" \/><\/a><\/p>\n<h4><span style=\"color: #000000;\">Pourquoi choisir<br \/>\n<span style=\"color: #ff9900;\">Volcano Surf School<\/span><br \/>\net pas une autre \u00e9cole de surf? <\/span><\/h4>\n<p>Car notre plus grand int\u00e9r\u00eat est que chaque personne qui surfe avec nous puisse profiter de tous les conseils techniques n\u00e9cessaires pour am\u00e9liorer son niveau et repartir \u00e0 la fin de son stage sur de nouveaux objectifs. La philosophie de notre \u00e9cole est de promouvoir, pour nos clients, une assistance professionnelle et individuelle de qualit\u00e9, pour que toute personne, d\u00e9butant, surfeur confirm\u00e9, familles, enfants puisse pratiquer dans les meilleures conditions. ( bonne atmosph\u00e8re et s\u00e9curit\u00e9)<\/p>\n<\/div>\n<div class=\"well normal\">\n<h4>Tous nos instructeurs<\/h4>\n<p>sont dipl\u00f4m\u00e9s, moniteurs de surf, f\u00e9d\u00e9ration fran\u00e7aise, et espagnole, ceci inclut aussi un brevet de nageur-sauveteur en mer. Nous garantissons de petits groupes de pratique (8 prs maxi.), pour que chaque personne profite des conseils du moniteur. pas de mar\u00e9e humaine sur 50 m2 \u00e0 Volcanosurf.<br \/>\nNos moniteurs seront avec vous dans l\u2019eau de votre premi\u00e8re mousse jusqu\u2019\u00e0 votre premier take off sur une vague..<\/p>\n<p>Certaines plages ne fonctionnent qu\u2019avec certaines conditions m\u00e9t\u00e9orologiques. Suivant la m\u00e9t\u00e9o du jour, nous choisissons le meilleur endroit de l'\u00eele, adapt\u00e9 \u00e0 votre niveau.<\/p>\n<p>Gr\u00e2ce \u00e0 notre mobilit\u00e9 (van \u00a09 places) et notre emplacement, Costa Teguise se situe \u00e0 proximit\u00e9 de tous les spots de l\u2019\u00eele de lanzarote, vous serez toujours \u201c au bon endroit au bon moment \u201c l\u2019incontournable plage de Famara, le shorebreak rapide d\u2019Arrieta ou la perfection de la plage d\u2019Orzola et beaucoup d\u2019autres endroits \u00e0 la discr\u00e9tion de votre moniteur. C\u2019est aussi une belle mani\u00e8re de d\u00e9couvrir l\u2019\u00eele aux 300 volcans.<\/p>\n<p>Un autre aspect int\u00e9ressant, nous sommes situ\u00e9s directement en face de la plage de sable blanc de Las Cucharas, spot de la coupe du monde de windsurf. Nous offrons la possibilit\u00e9 aux surfeur\/windsurfeur, novice ou confirm\u00e9, de pouvoir composer avec leur 2 sports favoris durant tout leur s\u00e9jour ainsi que la pratique du Stand Up Paddle.<\/p>\n<p><a href=\"http:\/\/volcanosurflanzarote.com\/wp-content\/uploads\/2011\/07\/VolcanoSurf-AboutusBanner.jpg\" rel=\"attachment wp-att-2234\"><img decoding=\"async\" loading=\"lazy\" class=\"alignleft wp-image-2234 size-full\" src=\"http:\/\/volcanosurflanzarote.com\/wp-content\/uploads\/2011\/07\/VolcanoSurf-AboutusBanner.jpg\" alt=\"surfing lessons with volcano surf lanzarote\" width=\"1562\" height=\"413\" srcset=\"https:\/\/volcanosurflanzarote.com\/wp-content\/uploads\/2011\/07\/VolcanoSurf-AboutusBanner.jpg 1562w, https:\/\/volcanosurflanzarote.com\/wp-content\/uploads\/2011\/07\/VolcanoSurf-AboutusBanner-300x79.jpg 300w, https:\/\/volcanosurflanzarote.com\/wp-content\/uploads\/2011\/07\/VolcanoSurf-AboutusBanner-768x203.jpg 768w, https:\/\/volcanosurflanzarote.com\/wp-content\/uploads\/2011\/07\/VolcanoSurf-AboutusBanner-1024x271.jpg 1024w\" sizes=\"(max-width: 1562px) 100vw, 1562px\" \/><\/a><\/p>\n<h4><\/h4>\n<p>De nombreuses autres activit\u00e9s vous sont propos\u00e9es, vous trouverez aussi, centres de plong\u00e9, centre d\u2019excursion p\u00e9destre ou \u00e0 v\u00e9lo pour d\u00e9couvrir les beaut\u00e9s de Lanzarote. Nous voulons, r\u00e9ellement, que vous passiez un s\u00e9jour inoubliable en notre compagnie, en<\/p>\n<p>esp\u00e9rant vous faire d\u00e9couvrir le vrai message du \u201c Surfing Spirit \u201c. Une \u00eele id\u00e9ale pour un s\u00e9jour de surf inoubliable, qualit\u00e9 de vagues, paysages d\u2019une beaut\u00e9 surprenante, climat agr\u00e9able durant toute l\u2019ann\u00e9e \u00e0 quelques \u00abcoups de rame\u00bb de la France.<\/p>\n<\/div>\n<div class=\"hero-unit \"><h1>Nous sommes impatients de vous faire partager notre Volcanosurf  Surfing Spirit!<\/h1><\/div><!-- .hero-unit (end) -->\n<a href=\"http:\/\/volcanosurflanzarote.com\/fr\/contact-nous\/\" title=\"Contactez-nous!\" class=\"btn btn-default btn-normal btn-inline \" target=\"_self\">Contactez-nous!<\/a><!-- .btn -->\n<p>&nbsp;<\/p>\n","protected":false},"excerpt":{"rendered":"&nbsp;","protected":false},"author":1,"featured_media":0,"parent":0,"menu_order":1,"comment_status":"open","ping_status":"closed","template":"","meta":{"_themeisle_gutenberg_block_has_review":false},"yoast_head":"<!-- This site is optimized with the Yoast SEO plugin v18.4.1 - https:\/\/yoast.com\/wordpress\/plugins\/seo\/ -->\n<title>Volcanosurf Lanzarote surfcamp tous niveaux Famara transport location paradis surf<\/title>\n<meta name=\"description\" content=\"Nous sommes une \u00e9cole de surf bas\u00e9e \u00e0, Costa Teguise. Cette merveilleuse \u00eele volcanique offre toute l\u2019ann\u00e9e de tr\u00e8s bonnes conditions de surf\" \/>\n<meta name=\"robots\" content=\"index, follow, max-snippet:-1, max-image-preview:large, max-video-preview:-1\" \/>\n<link rel=\"canonical\" href=\"https:\/\/volcanosurflanzarote.com\/fr\/propos-de-nous\/\" \/>\n<meta property=\"og:locale\" content=\"fr_FR\" \/>\n<meta property=\"og:type\" content=\"article\" \/>\n<meta property=\"og:title\" content=\"Volcanosurf Lanzarote surfcamp tous niveaux Famara transport location paradis surf\" \/>\n<meta property=\"og:description\" content=\"Nous sommes une \u00e9cole de surf bas\u00e9e \u00e0, Costa Teguise. Cette merveilleuse \u00eele volcanique offre toute l\u2019ann\u00e9e de tr\u00e8s bonnes conditions de surf\" \/>\n<meta property=\"og:url\" content=\"https:\/\/volcanosurflanzarote.com\/fr\/propos-de-nous\/\" \/>\n<meta property=\"og:site_name\" content=\"Volcano Surf School Lanzarote\" \/>\n<meta property=\"article:publisher\" content=\"https:\/\/www.facebook.com\/Volcanosurf-Lanzarote-503974406430753\/?ref=br_rs\" \/>\n<meta property=\"article:modified_time\" content=\"2017-06-12T10:47:48+00:00\" \/>\n<meta property=\"og:image\" content=\"http:\/\/volcanosurflanzarote.com\/wp-content\/uploads\/2011\/07\/SurfingFamara-300x189.jpg\" \/>\n<meta name=\"twitter:card\" content=\"summary\" \/>\n<meta name=\"twitter:label1\" content=\"Dur\u00e9e de lecture estim\u00e9e\" \/>\n\t<meta name=\"twitter:data1\" content=\"3 minutes\" \/>\n<script type=\"application\/ld+json\" class=\"yoast-schema-graph\">{\"@context\":\"https:\/\/schema.org\",\"@graph\":[{\"@type\":\"Organization\",\"@id\":\"https:\/\/volcanosurflanzarote.com\/#organization\",\"name\":\"Volcano surf school Lanzarote\",\"url\":\"https:\/\/volcanosurflanzarote.com\/\",\"sameAs\":[\"https:\/\/www.facebook.com\/Volcanosurf-Lanzarote-503974406430753\/?ref=br_rs\"],\"logo\":{\"@type\":\"ImageObject\",\"@id\":\"https:\/\/volcanosurflanzarote.com\/#logo\",\"inLanguage\":\"fr-FR\",\"url\":\"http:\/\/volcanosurflanzarote.com\/wp-content\/uploads\/2017\/03\/logo_volcanosurflanzarote.jpg\",\"contentUrl\":\"http:\/\/volcanosurflanzarote.com\/wp-content\/uploads\/2017\/03\/logo_volcanosurflanzarote.jpg\",\"width\":968,\"height\":847,\"caption\":\"Volcano surf school Lanzarote\"},\"image\":{\"@id\":\"https:\/\/volcanosurflanzarote.com\/#logo\"}},{\"@type\":\"WebSite\",\"@id\":\"https:\/\/volcanosurflanzarote.com\/#website\",\"url\":\"https:\/\/volcanosurflanzarote.com\/\",\"name\":\"Volcano Surf School Lanzarote\",\"description\":\"Surf School in Lanzarote`s Surf Paradise\",\"publisher\":{\"@id\":\"https:\/\/volcanosurflanzarote.com\/#organization\"},\"potentialAction\":[{\"@type\":\"SearchAction\",\"target\":{\"@type\":\"EntryPoint\",\"urlTemplate\":\"https:\/\/volcanosurflanzarote.com\/?s={search_term_string}\"},\"query-input\":\"required name=search_term_string\"}],\"inLanguage\":\"fr-FR\"},{\"@type\":\"ImageObject\",\"@id\":\"https:\/\/volcanosurflanzarote.com\/fr\/propos-de-nous\/#primaryimage\",\"inLanguage\":\"fr-FR\",\"url\":\"https:\/\/volcanosurflanzarote.com\/wp-content\/uploads\/2011\/07\/SurfingFamara.jpg\",\"contentUrl\":\"https:\/\/volcanosurflanzarote.com\/wp-content\/uploads\/2011\/07\/SurfingFamara.jpg\",\"width\":704,\"height\":444,\"caption\":\"Famara\"},{\"@type\":\"WebPage\",\"@id\":\"https:\/\/volcanosurflanzarote.com\/fr\/propos-de-nous\/#webpage\",\"url\":\"https:\/\/volcanosurflanzarote.com\/fr\/propos-de-nous\/\",\"name\":\"Volcanosurf Lanzarote surfcamp tous niveaux Famara transport location paradis surf\",\"isPartOf\":{\"@id\":\"https:\/\/volcanosurflanzarote.com\/#website\"},\"primaryImageOfPage\":{\"@id\":\"https:\/\/volcanosurflanzarote.com\/fr\/propos-de-nous\/#primaryimage\"},\"datePublished\":\"2017-04-03T10:53:33+00:00\",\"dateModified\":\"2017-06-12T10:47:48+00:00\",\"description\":\"Nous sommes une \u00e9cole de surf bas\u00e9e \u00e0, Costa Teguise. Cette merveilleuse \u00eele volcanique offre toute l\u2019ann\u00e9e de tr\u00e8s bonnes conditions de surf\",\"breadcrumb\":{\"@id\":\"https:\/\/volcanosurflanzarote.com\/fr\/propos-de-nous\/#breadcrumb\"},\"inLanguage\":\"fr-FR\",\"potentialAction\":[{\"@type\":\"ReadAction\",\"target\":[\"https:\/\/volcanosurflanzarote.com\/fr\/propos-de-nous\/\"]}]},{\"@type\":\"BreadcrumbList\",\"@id\":\"https:\/\/volcanosurflanzarote.com\/fr\/propos-de-nous\/#breadcrumb\",\"itemListElement\":[{\"@type\":\"ListItem\",\"position\":1,\"name\":\"Home\",\"item\":\"https:\/\/volcanosurflanzarote.com\/fr\/\"},{\"@type\":\"ListItem\",\"position\":2,\"name\":\"\u00e0 propos de nous\"}]}]}<\/script>\n<!-- \/ Yoast SEO plugin. -->","yoast_head_json":{"title":"Volcanosurf Lanzarote surfcamp tous niveaux Famara transport location paradis surf","description":"Nous sommes une \u00e9cole de surf bas\u00e9e \u00e0, Costa Teguise. Cette merveilleuse \u00eele volcanique offre toute l\u2019ann\u00e9e de tr\u00e8s bonnes conditions de surf","robots":{"index":"index","follow":"follow","max-snippet":"max-snippet:-1","max-image-preview":"max-image-preview:large","max-video-preview":"max-video-preview:-1"},"canonical":"https:\/\/volcanosurflanzarote.com\/fr\/propos-de-nous\/","og_locale":"fr_FR","og_type":"article","og_title":"Volcanosurf Lanzarote surfcamp tous niveaux Famara transport location paradis surf","og_description":"Nous sommes une \u00e9cole de surf bas\u00e9e \u00e0, Costa Teguise. Cette merveilleuse \u00eele volcanique offre toute l\u2019ann\u00e9e de tr\u00e8s bonnes conditions de surf","og_url":"https:\/\/volcanosurflanzarote.com\/fr\/propos-de-nous\/","og_site_name":"Volcano Surf School Lanzarote","article_publisher":"https:\/\/www.facebook.com\/Volcanosurf-Lanzarote-503974406430753\/?ref=br_rs","article_modified_time":"2017-06-12T10:47:48+00:00","og_image":[{"url":"http:\/\/volcanosurflanzarote.com\/wp-content\/uploads\/2011\/07\/SurfingFamara-300x189.jpg"}],"twitter_card":"summary","twitter_misc":{"Dur\u00e9e de lecture estim\u00e9e":"3 minutes"},"schema":{"@context":"https:\/\/schema.org","@graph":[{"@type":"Organization","@id":"https:\/\/volcanosurflanzarote.com\/#organization","name":"Volcano surf school Lanzarote","url":"https:\/\/volcanosurflanzarote.com\/","sameAs":["https:\/\/www.facebook.com\/Volcanosurf-Lanzarote-503974406430753\/?ref=br_rs"],"logo":{"@type":"ImageObject","@id":"https:\/\/volcanosurflanzarote.com\/#logo","inLanguage":"fr-FR","url":"http:\/\/volcanosurflanzarote.com\/wp-content\/uploads\/2017\/03\/logo_volcanosurflanzarote.jpg","contentUrl":"http:\/\/volcanosurflanzarote.com\/wp-content\/uploads\/2017\/03\/logo_volcanosurflanzarote.jpg","width":968,"height":847,"caption":"Volcano surf school Lanzarote"},"image":{"@id":"https:\/\/volcanosurflanzarote.com\/#logo"}},{"@type":"WebSite","@id":"https:\/\/volcanosurflanzarote.com\/#website","url":"https:\/\/volcanosurflanzarote.com\/","name":"Volcano Surf School Lanzarote","description":"Surf School in Lanzarote`s Surf Paradise","publisher":{"@id":"https:\/\/volcanosurflanzarote.com\/#organization"},"potentialAction":[{"@type":"SearchAction","target":{"@type":"EntryPoint","urlTemplate":"https:\/\/volcanosurflanzarote.com\/?s={search_term_string}"},"query-input":"required name=search_term_string"}],"inLanguage":"fr-FR"},{"@type":"ImageObject","@id":"https:\/\/volcanosurflanzarote.com\/fr\/propos-de-nous\/#primaryimage","inLanguage":"fr-FR","url":"https:\/\/volcanosurflanzarote.com\/wp-content\/uploads\/2011\/07\/SurfingFamara.jpg","contentUrl":"https:\/\/volcanosurflanzarote.com\/wp-content\/uploads\/2011\/07\/SurfingFamara.jpg","width":704,"height":444,"caption":"Famara"},{"@type":"WebPage","@id":"https:\/\/volcanosurflanzarote.com\/fr\/propos-de-nous\/#webpage","url":"https:\/\/volcanosurflanzarote.com\/fr\/propos-de-nous\/","name":"Volcanosurf Lanzarote surfcamp tous niveaux Famara transport location paradis surf","isPartOf":{"@id":"https:\/\/volcanosurflanzarote.com\/#website"},"primaryImageOfPage":{"@id":"https:\/\/volcanosurflanzarote.com\/fr\/propos-de-nous\/#primaryimage"},"datePublished":"2017-04-03T10:53:33+00:00","dateModified":"2017-06-12T10:47:48+00:00","description":"Nous sommes une \u00e9cole de surf bas\u00e9e \u00e0, Costa Teguise. Cette merveilleuse \u00eele volcanique offre toute l\u2019ann\u00e9e de tr\u00e8s bonnes conditions de surf","breadcrumb":{"@id":"https:\/\/volcanosurflanzarote.com\/fr\/propos-de-nous\/#breadcrumb"},"inLanguage":"fr-FR","potentialAction":[{"@type":"ReadAction","target":["https:\/\/volcanosurflanzarote.com\/fr\/propos-de-nous\/"]}]},{"@type":"BreadcrumbList","@id":"https:\/\/volcanosurflanzarote.com\/fr\/propos-de-nous\/#breadcrumb","itemListElement":[{"@type":"ListItem","position":1,"name":"Home","item":"https:\/\/volcanosurflanzarote.com\/fr\/"},{"@type":"ListItem","position":2,"name":"\u00e0 propos de nous"}]}]}},"_links":{"self":[{"href":"https:\/\/volcanosurflanzarote.com\/fr\/wp-json\/wp\/v2\/pages\/3322"}],"collection":[{"href":"https:\/\/volcanosurflanzarote.com\/fr\/wp-json\/wp\/v2\/pages"}],"about":[{"href":"https:\/\/volcanosurflanzarote.com\/fr\/wp-json\/wp\/v2\/types\/page"}],"author":[{"embeddable":true,"href":"https:\/\/volcanosurflanzarote.com\/fr\/wp-json\/wp\/v2\/users\/1"}],"replies":[{"embeddable":true,"href":"https:\/\/volcanosurflanzarote.com\/fr\/wp-json\/wp\/v2\/comments?post=3322"}],"version-history":[{"count":28,"href":"https:\/\/volcanosurflanzarote.com\/fr\/wp-json\/wp\/v2\/pages\/3322\/revisions"}],"predecessor-version":[{"id":3509,"href":"https:\/\/volcanosurflanzarote.com\/fr\/wp-json\/wp\/v2\/pages\/3322\/revisions\/3509"}],"wp:attachment":[{"href":"https:\/\/volcanosurflanzarote.com\/fr\/wp-json\/wp\/v2\/media?parent=3322"}],"curies":[{"name":"wp","href":"https:\/\/api.w.org\/{rel}","templated":true}]}}