{"id":3317,"date":"2017-04-02T18:22:34","date_gmt":"2017-04-02T18:22:34","guid":{"rendered":"http:\/\/volcanosurflanzarote.com\/?page_id=3317\/"},"modified":"2017-05-04T22:02:22","modified_gmt":"2017-05-04T22:02:22","slug":"watersports-center","status":"publish","type":"page","link":"https:\/\/volcanosurflanzarote.com\/fr\/watersports-center\/","title":{"rendered":"Watersports Center"},"content":{"rendered":"<div class=\"well normal\"><iframe loading=\"lazy\" src=\"https:\/\/player.vimeo.com\/video\/74197591\" width=\"720\" height=\"360\" frameborder=\"0\" allowfullscreen=\"allowfullscreen\" data-mce-fragment=\"1\"><\/iframe>\u00a0 <\/div> <div class=\"well normal\">\n<h4><span style=\"color: #000000;\"><span class=\" _50f4\">L'\u00e9t\u00e9 se d\u00e9roule au Watersports center\u2026<\/span><\/span><\/h4>\n<p><span style=\"color: #808080;\"><a href=\"http:\/\/volcanosurflanzarote.com\/wp-content\/uploads\/2017\/03\/hawaiianCanoe.jpg\"><img decoding=\"async\" loading=\"lazy\" class=\"alignleft wp-image-2863\" src=\"http:\/\/volcanosurflanzarote.com\/wp-content\/uploads\/2017\/03\/hawaiianCanoe-300x200.jpg\" alt=\"\" width=\"292\" height=\"209\" \/><\/a>D'avril \u00e0 novembre, le Watersports center\u00a0ouvre\u00a0ses portes au public. Ce\u00a0centre nautique est un endroit incroyable \u00e0 Costa Teguise (plage\u00a0de sable blanc, cocotiers\u00a0\u00a0\u00e0 \u00a05 minutes \u00e0 pied de notre \u00e9cole) pour pratiquer\u00a0 diff\u00e9rentes activit\u00e9s aquatiques, cours ou location. Nous offrons, outre nos cours de surf; Cours de planche \u00e0 voile, Stand-up Cours \/ Excursions\u00a0catamaran, Excursions en kayak, Location de Bodyboard, nous louons des \u00e9quipements de plong\u00e9e et \u00a0vous pourrez prendre vos premi\u00e8res vagues\u00a0avec notre\u00a0pirogue hawaiienne\u00a0a balancier\u00a0unique sur l'\u00eele de Lanzarote. <\/span> <\/div> <div class=\"well normal\">\n<h4><a href=\"http:\/\/volcanosurflanzarote.com\/fr\/contact-nous\/\"><strong><span style=\"color: #ff9900;\">Cliquez ici pour obtenir plus d'informations sur le centre de sports aquatiques<\/span><\/strong><\/a><\/h4>\n<\/div>\n","protected":false},"excerpt":{"rendered":"","protected":false},"author":1,"featured_media":0,"parent":0,"menu_order":0,"comment_status":"closed","ping_status":"closed","template":"","meta":{"_themeisle_gutenberg_block_has_review":false},"yoast_head":"<!-- This site is optimized with the Yoast SEO plugin v18.4.1 - https:\/\/yoast.com\/wordpress\/plugins\/seo\/ -->\n<title>Watersports Center - Volcano Surf School Lanzarote<\/title>\n<meta name=\"robots\" content=\"index, follow, max-snippet:-1, max-image-preview:large, max-video-preview:-1\" \/>\n<link rel=\"canonical\" href=\"https:\/\/volcanosurflanzarote.com\/fr\/watersports-center\/\" \/>\n<meta property=\"og:locale\" content=\"fr_FR\" \/>\n<meta property=\"og:type\" content=\"article\" \/>\n<meta property=\"og:title\" content=\"Watersports Center - Volcano Surf School Lanzarote\" \/>\n<meta property=\"og:url\" content=\"https:\/\/volcanosurflanzarote.com\/fr\/watersports-center\/\" \/>\n<meta property=\"og:site_name\" content=\"Volcano Surf School Lanzarote\" \/>\n<meta property=\"article:publisher\" content=\"https:\/\/www.facebook.com\/Volcanosurf-Lanzarote-503974406430753\/?ref=br_rs\" \/>\n<meta property=\"article:modified_time\" content=\"2017-05-04T22:02:22+00:00\" \/>\n<meta property=\"og:image\" content=\"http:\/\/volcanosurflanzarote.com\/wp-content\/uploads\/2017\/03\/hawaiianCanoe-300x200.jpg\" \/>\n<meta name=\"twitter:card\" content=\"summary\" \/>\n<meta name=\"twitter:label1\" content=\"Dur\u00e9e de lecture estim\u00e9e\" \/>\n\t<meta name=\"twitter:data1\" content=\"1 minute\" \/>\n<script type=\"application\/ld+json\" class=\"yoast-schema-graph\">{\"@context\":\"https:\/\/schema.org\",\"@graph\":[{\"@type\":\"Organization\",\"@id\":\"https:\/\/volcanosurflanzarote.com\/#organization\",\"name\":\"Volcano surf school Lanzarote\",\"url\":\"https:\/\/volcanosurflanzarote.com\/\",\"sameAs\":[\"https:\/\/www.facebook.com\/Volcanosurf-Lanzarote-503974406430753\/?ref=br_rs\"],\"logo\":{\"@type\":\"ImageObject\",\"@id\":\"https:\/\/volcanosurflanzarote.com\/#logo\",\"inLanguage\":\"fr-FR\",\"url\":\"http:\/\/volcanosurflanzarote.com\/wp-content\/uploads\/2017\/03\/logo_volcanosurflanzarote.jpg\",\"contentUrl\":\"http:\/\/volcanosurflanzarote.com\/wp-content\/uploads\/2017\/03\/logo_volcanosurflanzarote.jpg\",\"width\":968,\"height\":847,\"caption\":\"Volcano surf school Lanzarote\"},\"image\":{\"@id\":\"https:\/\/volcanosurflanzarote.com\/#logo\"}},{\"@type\":\"WebSite\",\"@id\":\"https:\/\/volcanosurflanzarote.com\/#website\",\"url\":\"https:\/\/volcanosurflanzarote.com\/\",\"name\":\"Volcano Surf School Lanzarote\",\"description\":\"Surf School in Lanzarote`s Surf Paradise\",\"publisher\":{\"@id\":\"https:\/\/volcanosurflanzarote.com\/#organization\"},\"potentialAction\":[{\"@type\":\"SearchAction\",\"target\":{\"@type\":\"EntryPoint\",\"urlTemplate\":\"https:\/\/volcanosurflanzarote.com\/?s={search_term_string}\"},\"query-input\":\"required name=search_term_string\"}],\"inLanguage\":\"fr-FR\"},{\"@type\":\"ImageObject\",\"@id\":\"https:\/\/volcanosurflanzarote.com\/fr\/watersports-center\/#primaryimage\",\"inLanguage\":\"fr-FR\",\"url\":\"https:\/\/volcanosurflanzarote.com\/wp-content\/uploads\/2017\/03\/hawaiianCanoe.jpg\",\"contentUrl\":\"https:\/\/volcanosurflanzarote.com\/wp-content\/uploads\/2017\/03\/hawaiianCanoe.jpg\",\"width\":1044,\"height\":696},{\"@type\":\"WebPage\",\"@id\":\"https:\/\/volcanosurflanzarote.com\/fr\/watersports-center\/#webpage\",\"url\":\"https:\/\/volcanosurflanzarote.com\/fr\/watersports-center\/\",\"name\":\"Watersports Center - Volcano Surf School Lanzarote\",\"isPartOf\":{\"@id\":\"https:\/\/volcanosurflanzarote.com\/#website\"},\"primaryImageOfPage\":{\"@id\":\"https:\/\/volcanosurflanzarote.com\/fr\/watersports-center\/#primaryimage\"},\"datePublished\":\"2017-04-02T18:22:34+00:00\",\"dateModified\":\"2017-05-04T22:02:22+00:00\",\"breadcrumb\":{\"@id\":\"https:\/\/volcanosurflanzarote.com\/fr\/watersports-center\/#breadcrumb\"},\"inLanguage\":\"fr-FR\",\"potentialAction\":[{\"@type\":\"ReadAction\",\"target\":[\"https:\/\/volcanosurflanzarote.com\/fr\/watersports-center\/\"]}]},{\"@type\":\"BreadcrumbList\",\"@id\":\"https:\/\/volcanosurflanzarote.com\/fr\/watersports-center\/#breadcrumb\",\"itemListElement\":[{\"@type\":\"ListItem\",\"position\":1,\"name\":\"Home\",\"item\":\"https:\/\/volcanosurflanzarote.com\/fr\/\"},{\"@type\":\"ListItem\",\"position\":2,\"name\":\"Watersports Center\"}]}]}<\/script>\n<!-- \/ Yoast SEO plugin. -->","yoast_head_json":{"title":"Watersports Center - Volcano Surf School Lanzarote","robots":{"index":"index","follow":"follow","max-snippet":"max-snippet:-1","max-image-preview":"max-image-preview:large","max-video-preview":"max-video-preview:-1"},"canonical":"https:\/\/volcanosurflanzarote.com\/fr\/watersports-center\/","og_locale":"fr_FR","og_type":"article","og_title":"Watersports Center - Volcano Surf School Lanzarote","og_url":"https:\/\/volcanosurflanzarote.com\/fr\/watersports-center\/","og_site_name":"Volcano Surf School Lanzarote","article_publisher":"https:\/\/www.facebook.com\/Volcanosurf-Lanzarote-503974406430753\/?ref=br_rs","article_modified_time":"2017-05-04T22:02:22+00:00","og_image":[{"url":"http:\/\/volcanosurflanzarote.com\/wp-content\/uploads\/2017\/03\/hawaiianCanoe-300x200.jpg"}],"twitter_card":"summary","twitter_misc":{"Dur\u00e9e de lecture estim\u00e9e":"1 minute"},"schema":{"@context":"https:\/\/schema.org","@graph":[{"@type":"Organization","@id":"https:\/\/volcanosurflanzarote.com\/#organization","name":"Volcano surf school Lanzarote","url":"https:\/\/volcanosurflanzarote.com\/","sameAs":["https:\/\/www.facebook.com\/Volcanosurf-Lanzarote-503974406430753\/?ref=br_rs"],"logo":{"@type":"ImageObject","@id":"https:\/\/volcanosurflanzarote.com\/#logo","inLanguage":"fr-FR","url":"http:\/\/volcanosurflanzarote.com\/wp-content\/uploads\/2017\/03\/logo_volcanosurflanzarote.jpg","contentUrl":"http:\/\/volcanosurflanzarote.com\/wp-content\/uploads\/2017\/03\/logo_volcanosurflanzarote.jpg","width":968,"height":847,"caption":"Volcano surf school Lanzarote"},"image":{"@id":"https:\/\/volcanosurflanzarote.com\/#logo"}},{"@type":"WebSite","@id":"https:\/\/volcanosurflanzarote.com\/#website","url":"https:\/\/volcanosurflanzarote.com\/","name":"Volcano Surf School Lanzarote","description":"Surf School in Lanzarote`s Surf Paradise","publisher":{"@id":"https:\/\/volcanosurflanzarote.com\/#organization"},"potentialAction":[{"@type":"SearchAction","target":{"@type":"EntryPoint","urlTemplate":"https:\/\/volcanosurflanzarote.com\/?s={search_term_string}"},"query-input":"required name=search_term_string"}],"inLanguage":"fr-FR"},{"@type":"ImageObject","@id":"https:\/\/volcanosurflanzarote.com\/fr\/watersports-center\/#primaryimage","inLanguage":"fr-FR","url":"https:\/\/volcanosurflanzarote.com\/wp-content\/uploads\/2017\/03\/hawaiianCanoe.jpg","contentUrl":"https:\/\/volcanosurflanzarote.com\/wp-content\/uploads\/2017\/03\/hawaiianCanoe.jpg","width":1044,"height":696},{"@type":"WebPage","@id":"https:\/\/volcanosurflanzarote.com\/fr\/watersports-center\/#webpage","url":"https:\/\/volcanosurflanzarote.com\/fr\/watersports-center\/","name":"Watersports Center - Volcano Surf School Lanzarote","isPartOf":{"@id":"https:\/\/volcanosurflanzarote.com\/#website"},"primaryImageOfPage":{"@id":"https:\/\/volcanosurflanzarote.com\/fr\/watersports-center\/#primaryimage"},"datePublished":"2017-04-02T18:22:34+00:00","dateModified":"2017-05-04T22:02:22+00:00","breadcrumb":{"@id":"https:\/\/volcanosurflanzarote.com\/fr\/watersports-center\/#breadcrumb"},"inLanguage":"fr-FR","potentialAction":[{"@type":"ReadAction","target":["https:\/\/volcanosurflanzarote.com\/fr\/watersports-center\/"]}]},{"@type":"BreadcrumbList","@id":"https:\/\/volcanosurflanzarote.com\/fr\/watersports-center\/#breadcrumb","itemListElement":[{"@type":"ListItem","position":1,"name":"Home","item":"https:\/\/volcanosurflanzarote.com\/fr\/"},{"@type":"ListItem","position":2,"name":"Watersports Center"}]}]}},"_links":{"self":[{"href":"https:\/\/volcanosurflanzarote.com\/fr\/wp-json\/wp\/v2\/pages\/3317"}],"collection":[{"href":"https:\/\/volcanosurflanzarote.com\/fr\/wp-json\/wp\/v2\/pages"}],"about":[{"href":"https:\/\/volcanosurflanzarote.com\/fr\/wp-json\/wp\/v2\/types\/page"}],"author":[{"embeddable":true,"href":"https:\/\/volcanosurflanzarote.com\/fr\/wp-json\/wp\/v2\/users\/1"}],"replies":[{"embeddable":true,"href":"https:\/\/volcanosurflanzarote.com\/fr\/wp-json\/wp\/v2\/comments?post=3317"}],"version-history":[{"count":4,"href":"https:\/\/volcanosurflanzarote.com\/fr\/wp-json\/wp\/v2\/pages\/3317\/revisions"}],"predecessor-version":[{"id":3463,"href":"https:\/\/volcanosurflanzarote.com\/fr\/wp-json\/wp\/v2\/pages\/3317\/revisions\/3463"}],"wp:attachment":[{"href":"https:\/\/volcanosurflanzarote.com\/fr\/wp-json\/wp\/v2\/media?parent=3317"}],"curies":[{"name":"wp","href":"https:\/\/api.w.org\/{rel}","templated":true}]}}