{"id":3315,"date":"2017-04-02T18:19:39","date_gmt":"2017-04-02T18:19:39","guid":{"rendered":"http:\/\/volcanosurflanzarote.com\/?page_id=3315\/"},"modified":"2017-06-09T11:06:35","modified_gmt":"2017-06-09T11:06:35","slug":"volcano-surf-clip","status":"publish","type":"page","link":"https:\/\/volcanosurflanzarote.com\/fr\/volcano-surf-clip\/","title":{"rendered":"Volcano Surf Clip"},"content":{"rendered":"<div class=\"hero-unit \"><h1>VOLCANO SURF VIDEO<\/h1><\/div><!-- .hero-unit (end) -->\n<div class=\"well normal\">\n<iframe loading=\"lazy\" src=\"https:\/\/player.vimeo.com\/video\/72808070\" width=\"700\" height=\"360\" frameborder=\"0\" allowfullscreen=\"allowfullscreen\" data-mce-fragment=\"1\"><\/iframe><\/p>\n<h2><a href=\"https:\/\/vimeo.com\/72808070\">Spot Volcano Surf Lanzarote<\/a><\/h2>\n<p><span id=\"result_box\" class=\"\" lang=\"fr\"><span class=\"\">Une petite vid\u00e9o pour vous montrer une journ\u00e9e de surf avec Volcanosurf.<\/span> <span class=\"\">Nous partons normalement le matin pour les longs surftrips\u00a0et les apr\u00e8s-midi pour des lessons plus courtes.<\/span><\/span><\/p>\n<h4><span id=\"result_box\" class=\"\" lang=\"fr\"><span class=\"\">La seule \u00e9cole de surf fran\u00e7aise a Lanzarote, 355 jours de vagues dans l'ann\u00e9e, temp\u00e9rature de l'eau 22\u00bac, un paysage a couper le souffle...<\/span><\/span><\/h4>\n<\/div>\n","protected":false},"excerpt":{"rendered":"","protected":false},"author":1,"featured_media":0,"parent":0,"menu_order":0,"comment_status":"closed","ping_status":"closed","template":"","meta":{"_themeisle_gutenberg_block_has_review":false},"yoast_head":"<!-- This site is optimized with the Yoast SEO plugin v18.4.1 - https:\/\/yoast.com\/wordpress\/plugins\/seo\/ -->\n<title>une journ\u00e9e de surf avec Volcanosurf soleil vagues tubes plage de r\u00eave<\/title>\n<meta name=\"description\" content=\"Une petite vid\u00e9o pour vous montrer une journ\u00e9e de surf avec Volcanosurf. plage de sable paradisiaque, vagues parfaites tube surf spirit.\" \/>\n<meta name=\"robots\" content=\"index, follow, max-snippet:-1, max-image-preview:large, max-video-preview:-1\" \/>\n<link rel=\"canonical\" href=\"https:\/\/volcanosurflanzarote.com\/fr\/volcano-surf-clip\/\" \/>\n<meta property=\"og:locale\" content=\"fr_FR\" \/>\n<meta property=\"og:type\" content=\"article\" \/>\n<meta property=\"og:title\" content=\"une journ\u00e9e de surf avec Volcanosurf soleil vagues tubes plage de r\u00eave\" \/>\n<meta property=\"og:description\" content=\"Une petite vid\u00e9o pour vous montrer une journ\u00e9e de surf avec Volcanosurf. plage de sable paradisiaque, vagues parfaites tube surf spirit.\" \/>\n<meta property=\"og:url\" content=\"https:\/\/volcanosurflanzarote.com\/fr\/volcano-surf-clip\/\" \/>\n<meta property=\"og:site_name\" content=\"Volcano Surf School Lanzarote\" \/>\n<meta property=\"article:publisher\" content=\"https:\/\/www.facebook.com\/Volcanosurf-Lanzarote-503974406430753\/?ref=br_rs\" \/>\n<meta property=\"article:modified_time\" content=\"2017-06-09T11:06:35+00:00\" \/>\n<meta name=\"twitter:card\" content=\"summary\" \/>\n<script type=\"application\/ld+json\" class=\"yoast-schema-graph\">{\"@context\":\"https:\/\/schema.org\",\"@graph\":[{\"@type\":\"Organization\",\"@id\":\"https:\/\/volcanosurflanzarote.com\/#organization\",\"name\":\"Volcano surf school Lanzarote\",\"url\":\"https:\/\/volcanosurflanzarote.com\/\",\"sameAs\":[\"https:\/\/www.facebook.com\/Volcanosurf-Lanzarote-503974406430753\/?ref=br_rs\"],\"logo\":{\"@type\":\"ImageObject\",\"@id\":\"https:\/\/volcanosurflanzarote.com\/#logo\",\"inLanguage\":\"fr-FR\",\"url\":\"http:\/\/volcanosurflanzarote.com\/wp-content\/uploads\/2017\/03\/logo_volcanosurflanzarote.jpg\",\"contentUrl\":\"http:\/\/volcanosurflanzarote.com\/wp-content\/uploads\/2017\/03\/logo_volcanosurflanzarote.jpg\",\"width\":968,\"height\":847,\"caption\":\"Volcano surf school Lanzarote\"},\"image\":{\"@id\":\"https:\/\/volcanosurflanzarote.com\/#logo\"}},{\"@type\":\"WebSite\",\"@id\":\"https:\/\/volcanosurflanzarote.com\/#website\",\"url\":\"https:\/\/volcanosurflanzarote.com\/\",\"name\":\"Volcano Surf School Lanzarote\",\"description\":\"Surf School in Lanzarote`s Surf Paradise\",\"publisher\":{\"@id\":\"https:\/\/volcanosurflanzarote.com\/#organization\"},\"potentialAction\":[{\"@type\":\"SearchAction\",\"target\":{\"@type\":\"EntryPoint\",\"urlTemplate\":\"https:\/\/volcanosurflanzarote.com\/?s={search_term_string}\"},\"query-input\":\"required name=search_term_string\"}],\"inLanguage\":\"fr-FR\"},{\"@type\":\"WebPage\",\"@id\":\"https:\/\/volcanosurflanzarote.com\/fr\/volcano-surf-clip\/#webpage\",\"url\":\"https:\/\/volcanosurflanzarote.com\/fr\/volcano-surf-clip\/\",\"name\":\"une journ\u00e9e de surf avec Volcanosurf soleil vagues tubes plage de r\u00eave\",\"isPartOf\":{\"@id\":\"https:\/\/volcanosurflanzarote.com\/#website\"},\"datePublished\":\"2017-04-02T18:19:39+00:00\",\"dateModified\":\"2017-06-09T11:06:35+00:00\",\"description\":\"Une petite vid\u00e9o pour vous montrer une journ\u00e9e de surf avec Volcanosurf. plage de sable paradisiaque, vagues parfaites tube surf spirit.\",\"breadcrumb\":{\"@id\":\"https:\/\/volcanosurflanzarote.com\/fr\/volcano-surf-clip\/#breadcrumb\"},\"inLanguage\":\"fr-FR\",\"potentialAction\":[{\"@type\":\"ReadAction\",\"target\":[\"https:\/\/volcanosurflanzarote.com\/fr\/volcano-surf-clip\/\"]}]},{\"@type\":\"BreadcrumbList\",\"@id\":\"https:\/\/volcanosurflanzarote.com\/fr\/volcano-surf-clip\/#breadcrumb\",\"itemListElement\":[{\"@type\":\"ListItem\",\"position\":1,\"name\":\"Home\",\"item\":\"https:\/\/volcanosurflanzarote.com\/fr\/\"},{\"@type\":\"ListItem\",\"position\":2,\"name\":\"Volcano Surf Clip\"}]}]}<\/script>\n<!-- \/ Yoast SEO plugin. -->","yoast_head_json":{"title":"une journ\u00e9e de surf avec Volcanosurf soleil vagues tubes plage de r\u00eave","description":"Une petite vid\u00e9o pour vous montrer une journ\u00e9e de surf avec Volcanosurf. plage de sable paradisiaque, vagues parfaites tube surf spirit.","robots":{"index":"index","follow":"follow","max-snippet":"max-snippet:-1","max-image-preview":"max-image-preview:large","max-video-preview":"max-video-preview:-1"},"canonical":"https:\/\/volcanosurflanzarote.com\/fr\/volcano-surf-clip\/","og_locale":"fr_FR","og_type":"article","og_title":"une journ\u00e9e de surf avec Volcanosurf soleil vagues tubes plage de r\u00eave","og_description":"Une petite vid\u00e9o pour vous montrer une journ\u00e9e de surf avec Volcanosurf. plage de sable paradisiaque, vagues parfaites tube surf spirit.","og_url":"https:\/\/volcanosurflanzarote.com\/fr\/volcano-surf-clip\/","og_site_name":"Volcano Surf School Lanzarote","article_publisher":"https:\/\/www.facebook.com\/Volcanosurf-Lanzarote-503974406430753\/?ref=br_rs","article_modified_time":"2017-06-09T11:06:35+00:00","twitter_card":"summary","schema":{"@context":"https:\/\/schema.org","@graph":[{"@type":"Organization","@id":"https:\/\/volcanosurflanzarote.com\/#organization","name":"Volcano surf school Lanzarote","url":"https:\/\/volcanosurflanzarote.com\/","sameAs":["https:\/\/www.facebook.com\/Volcanosurf-Lanzarote-503974406430753\/?ref=br_rs"],"logo":{"@type":"ImageObject","@id":"https:\/\/volcanosurflanzarote.com\/#logo","inLanguage":"fr-FR","url":"http:\/\/volcanosurflanzarote.com\/wp-content\/uploads\/2017\/03\/logo_volcanosurflanzarote.jpg","contentUrl":"http:\/\/volcanosurflanzarote.com\/wp-content\/uploads\/2017\/03\/logo_volcanosurflanzarote.jpg","width":968,"height":847,"caption":"Volcano surf school Lanzarote"},"image":{"@id":"https:\/\/volcanosurflanzarote.com\/#logo"}},{"@type":"WebSite","@id":"https:\/\/volcanosurflanzarote.com\/#website","url":"https:\/\/volcanosurflanzarote.com\/","name":"Volcano Surf School Lanzarote","description":"Surf School in Lanzarote`s Surf Paradise","publisher":{"@id":"https:\/\/volcanosurflanzarote.com\/#organization"},"potentialAction":[{"@type":"SearchAction","target":{"@type":"EntryPoint","urlTemplate":"https:\/\/volcanosurflanzarote.com\/?s={search_term_string}"},"query-input":"required name=search_term_string"}],"inLanguage":"fr-FR"},{"@type":"WebPage","@id":"https:\/\/volcanosurflanzarote.com\/fr\/volcano-surf-clip\/#webpage","url":"https:\/\/volcanosurflanzarote.com\/fr\/volcano-surf-clip\/","name":"une journ\u00e9e de surf avec Volcanosurf soleil vagues tubes plage de r\u00eave","isPartOf":{"@id":"https:\/\/volcanosurflanzarote.com\/#website"},"datePublished":"2017-04-02T18:19:39+00:00","dateModified":"2017-06-09T11:06:35+00:00","description":"Une petite vid\u00e9o pour vous montrer une journ\u00e9e de surf avec Volcanosurf. plage de sable paradisiaque, vagues parfaites tube surf spirit.","breadcrumb":{"@id":"https:\/\/volcanosurflanzarote.com\/fr\/volcano-surf-clip\/#breadcrumb"},"inLanguage":"fr-FR","potentialAction":[{"@type":"ReadAction","target":["https:\/\/volcanosurflanzarote.com\/fr\/volcano-surf-clip\/"]}]},{"@type":"BreadcrumbList","@id":"https:\/\/volcanosurflanzarote.com\/fr\/volcano-surf-clip\/#breadcrumb","itemListElement":[{"@type":"ListItem","position":1,"name":"Home","item":"https:\/\/volcanosurflanzarote.com\/fr\/"},{"@type":"ListItem","position":2,"name":"Volcano Surf Clip"}]}]}},"_links":{"self":[{"href":"https:\/\/volcanosurflanzarote.com\/fr\/wp-json\/wp\/v2\/pages\/3315"}],"collection":[{"href":"https:\/\/volcanosurflanzarote.com\/fr\/wp-json\/wp\/v2\/pages"}],"about":[{"href":"https:\/\/volcanosurflanzarote.com\/fr\/wp-json\/wp\/v2\/types\/page"}],"author":[{"embeddable":true,"href":"https:\/\/volcanosurflanzarote.com\/fr\/wp-json\/wp\/v2\/users\/1"}],"replies":[{"embeddable":true,"href":"https:\/\/volcanosurflanzarote.com\/fr\/wp-json\/wp\/v2\/comments?post=3315"}],"version-history":[{"count":5,"href":"https:\/\/volcanosurflanzarote.com\/fr\/wp-json\/wp\/v2\/pages\/3315\/revisions"}],"predecessor-version":[{"id":3494,"href":"https:\/\/volcanosurflanzarote.com\/fr\/wp-json\/wp\/v2\/pages\/3315\/revisions\/3494"}],"wp:attachment":[{"href":"https:\/\/volcanosurflanzarote.com\/fr\/wp-json\/wp\/v2\/media?parent=3315"}],"curies":[{"name":"wp","href":"https:\/\/api.w.org\/{rel}","templated":true}]}}