{"id":3311,"date":"2017-04-02T17:42:44","date_gmt":"2017-04-02T17:42:44","guid":{"rendered":"http:\/\/volcanosurflanzarote.com\/?page_id=3311\/"},"modified":"2017-06-09T11:02:22","modified_gmt":"2017-06-09T11:02:22","slug":"cours-de-surf","status":"publish","type":"page","link":"https:\/\/volcanosurflanzarote.com\/fr\/cours-de-surf\/","title":{"rendered":"Cours de surf"},"content":{"rendered":"<div class=\"well normal\">\n<p><img decoding=\"async\" loading=\"lazy\" class=\"alignleft size-medium wp-image-2498\" src=\"http:\/\/volcanosurflanzarote.com\/wp-content\/uploads\/2017\/01\/fun-300x200.jpg\" alt=\"volcano surf trip short\" width=\"300\" height=\"200\" srcset=\"https:\/\/volcanosurflanzarote.com\/wp-content\/uploads\/2017\/01\/fun-300x200.jpg 300w, https:\/\/volcanosurflanzarote.com\/wp-content\/uploads\/2017\/01\/fun-768x512.jpg 768w, https:\/\/volcanosurflanzarote.com\/wp-content\/uploads\/2017\/01\/fun-1024x683.jpg 1024w, https:\/\/volcanosurflanzarote.com\/wp-content\/uploads\/2017\/01\/fun.jpg 1296w\" sizes=\"(max-width: 300px) 100vw, 300px\" \/><\/p>\n<h1><strong><span style=\"color: #ff9900;\">First Ride: 3h<br \/>\n<\/span><\/strong><\/h1>\n<p>Apr\u00e8s midi, le First Ride inclut une explication th\u00e9orique suivit de diff\u00e9rents petits exercices qui vous m\u00e8neront de pied sur votre planche. 1er take off garanti.<br \/>\nTr\u00e8s belle mani\u00e8re de d\u00e9couvrir l\u2019oc\u00e9an et les vagues.<\/p>\n<p>&nbsp;<\/p>\n<\/div>\n<div class=\"well normal\">\n<p><img decoding=\"async\" loading=\"lazy\" class=\"alignleft size-medium wp-image-2506\" src=\"http:\/\/volcanosurflanzarote.com\/wp-content\/uploads\/2017\/01\/course-300x249.jpg\" alt=\"Volcano surf course in famara\" width=\"300\" height=\"249\" srcset=\"https:\/\/volcanosurflanzarote.com\/wp-content\/uploads\/2017\/01\/course-300x249.jpg 300w, https:\/\/volcanosurflanzarote.com\/wp-content\/uploads\/2017\/01\/course-768x638.jpg 768w, https:\/\/volcanosurflanzarote.com\/wp-content\/uploads\/2017\/01\/course-1024x851.jpg 1024w, https:\/\/volcanosurflanzarote.com\/wp-content\/uploads\/2017\/01\/course.jpg 1105w\" sizes=\"(max-width: 300px) 100vw, 300px\" \/><\/p>\n<h1><strong><span style=\"color: #ff9900;\">Surf trip: 1 jour<br \/>\n<\/span><\/strong><\/h1>\n<p>Un cours complet comprenant th\u00e9orie, pratique, d\u00e9monstrations suivit d\u2019une pratique libre sous l\u2019oeil vigilant de votre moniteur. Cette journ\u00e9e se divise en deux parties entre coup\u00e9e d\u2019un break pic-nic pour r\u00e9cup\u00e9rer et profiter du paysage lanzarotien. Progression et sensations garanti.<\/p>\n<p>&nbsp;<\/p>\n<\/div>\n<div class=\"well normal\">\n<p><img decoding=\"async\" loading=\"lazy\" class=\"alignleft size-medium wp-image-2512\" src=\"http:\/\/volcanosurflanzarote.com\/wp-content\/uploads\/2017\/01\/SonjaVolcanoSurfing-300x225.jpg\" alt=\"Sonja Surfing Famara\" width=\"300\" height=\"225\" srcset=\"https:\/\/volcanosurflanzarote.com\/wp-content\/uploads\/2017\/01\/SonjaVolcanoSurfing-300x225.jpg 300w, https:\/\/volcanosurflanzarote.com\/wp-content\/uploads\/2017\/01\/SonjaVolcanoSurfing.jpg 425w\" sizes=\"(max-width: 300px) 100vw, 300px\" \/><\/p>\n<h1><strong><span style=\"color: #ff9900;\">XL RIDE: 3 jours\u00a0 <\/span><\/strong><\/h1>\n<h3><strong><span style=\"color: #ff9900;\">tous niveaux<br \/>\n<\/span><\/strong><\/h3>\n<p>Ce Ride est sp\u00e9cialement con\u00e7u pour les personnes qui veulent faire du surf et profiter d'autres activit\u00e9s sur l'\u00eele. Ce programme flexible vous donne la possibilit\u00e9 de choisir 3 jours de\u00a0surf dans vos vacances. Vous allez am\u00e9liorer vos comp\u00e9tences tout en gardant le m\u00eame instructeur de nos jours pour vous assurer que vous apprendrez autant que possible sur le surf dans ces jours choisis.<\/p>\n<\/div>\n<div class=\"well normal\">\n<p><img decoding=\"async\" loading=\"lazy\" class=\"alignleft size-medium wp-image-2041\" src=\"http:\/\/volcanosurflanzarote.com\/wp-content\/uploads\/2014\/09\/Depositphotos_27641239_original_03-300x225.jpg\" alt=\"Surfing Wave\" width=\"300\" height=\"225\" \/><\/p>\n<h1><strong><span style=\"color: #ff9900;\">XXL RIDE: 5 jours cons\u00e9cutifs <\/span><\/strong><\/h1>\n<h3><strong><span style=\"color: #ff9900;\">tous niveaux<br \/>\n<\/span><\/strong><\/h3>\n<p>Vous \u00eates r\u00e9ellement motiv\u00e9 pour apprendre \u00e0 surfer, ou am\u00e9liorer votre technique !<br \/>\nC\u2019est certainement le stage qui vous correspond. 5 jours, comprenant th\u00e9orie, pratique journali\u00e8re, formule itin\u00e9rante, vous surferez \u00e0 diff\u00e9rents endroits de l\u2019\u00eele. Pour les d\u00e9butants vous commencerez dans la mousse pour terminer en haut de la vague. Pour les meilleurs, am\u00e9liorer la prise de vitesse, ou diff\u00e9rentes manoeuvres.<\/p>\n<\/div>\n<div class=\"well normal\">\n<p><img decoding=\"async\" loading=\"lazy\" class=\"alignleft size-medium wp-image-2083\" src=\"http:\/\/volcanosurflanzarote.com\/wp-content\/uploads\/2014\/09\/Depositphotos_13056828_original-300x199.jpg\" alt=\"closeup of a surfer holding a surfboard\" width=\"300\" height=\"199\" srcset=\"https:\/\/volcanosurflanzarote.com\/wp-content\/uploads\/2014\/09\/Depositphotos_13056828_original-300x199.jpg 300w, https:\/\/volcanosurflanzarote.com\/wp-content\/uploads\/2014\/09\/Depositphotos_13056828_original-1024x681.jpg 1024w, https:\/\/volcanosurflanzarote.com\/wp-content\/uploads\/2014\/09\/Depositphotos_13056828_original.jpg 1500w\" sizes=\"(max-width: 300px) 100vw, 300px\" \/><\/p>\n<h1><strong><span style=\"color: #ff9900;\">Expert Training<br \/>\n<\/span><\/strong><\/h1>\n<h5><strong><span style=\"color: #ff9900;\">\u00a0\u201cpenser et agir comme un surfer\u201d\"<\/span><\/strong><\/h5>\n<h3><strong><span style=\"color: #ff9900;\">10 jours\u00a0- tous niveaux<\/span><\/strong><\/h3>\n<p>Un incroyable programme pour ceux qui veulent r\u00e9ellement d\u00e9couvrir la signification de \u201cl\u2019esprit surf\u201d. 10 jours de pratique dans les vagues de Lanzarote accompagn\u00e9 des conseils de votre moniteur. Mais ce stage comporte aussi,<br \/>\n\u2022 une analyse technique de votre surf, avec support vid\u00e9o, \u201c voir ses erreurs, aide \u00e0 les corriger rapidement\u201d.<br \/>\n\u2022 lors de meeting relax, \u00e0 l\u2019\u00e9cole de surf, votre moniteur approfondira des points th\u00e9oriques importants, vous fera d\u00e9couvrir l\u2019art du shape, l\u2019histoire des hommes qui ont \u201c fait \u201c le surf et comment utiliser un forecast sur internet en comprenant<br \/>\nquelques principes m\u00e9t\u00e9orologiques (formation de la houle, pr\u00e9vision des vagues...etc).<br \/>\n\u2022 durant votre s\u00e9jour,<b> une session au lever ou coucher du soleil sera organis\u00e9e<\/b>, un souvenir \u00e0 jamais graver dans votre esprit...<br \/>\n<\/div>\n<div class=\"well normal\">\n<h4><a href=\"http:\/\/volcanosurflanzarote.com\/fr\/prix-du-cours-de-surf\/\"><strong><span style=\"color: #ff9900;\">Cliquez ici pour vous informer des prix<\/span><\/strong><\/a><\/h4>\n<h4><span style=\"color: #ff9900;\"><\/div><\/span><\/h4>\n","protected":false},"excerpt":{"rendered":"","protected":false},"author":1,"featured_media":0,"parent":0,"menu_order":0,"comment_status":"closed","ping_status":"closed","template":"","meta":{"_themeisle_gutenberg_block_has_review":false},"yoast_head":"<!-- This site is optimized with the Yoast SEO plugin v18.4.1 - https:\/\/yoast.com\/wordpress\/plugins\/seo\/ -->\n<title>Volcanosurf Lanzarote \u00e9cole fran\u00e7aise surf- debutants-intermediaires- confirm\u00e9s vagues Famara<\/title>\n<meta name=\"description\" content=\"Volcanosurf Lanzarote, \u00e9cole fran\u00e7aise de surf, 1 jour, 3 jours, 5 jours ou 10 jours sur la plage de Famara, moniteurs dipl\u00f4m\u00e9s, tous les niveaux.\" \/>\n<meta name=\"robots\" content=\"index, follow, max-snippet:-1, max-image-preview:large, max-video-preview:-1\" \/>\n<link rel=\"canonical\" href=\"https:\/\/volcanosurflanzarote.com\/fr\/cours-de-surf\/\" \/>\n<meta property=\"og:locale\" content=\"fr_FR\" \/>\n<meta property=\"og:type\" content=\"article\" \/>\n<meta property=\"og:title\" content=\"Volcanosurf Lanzarote \u00e9cole fran\u00e7aise surf- debutants-intermediaires- confirm\u00e9s vagues Famara\" \/>\n<meta property=\"og:description\" content=\"Volcanosurf Lanzarote, \u00e9cole fran\u00e7aise de surf, 1 jour, 3 jours, 5 jours ou 10 jours sur la plage de Famara, moniteurs dipl\u00f4m\u00e9s, tous les niveaux.\" \/>\n<meta property=\"og:url\" content=\"https:\/\/volcanosurflanzarote.com\/fr\/cours-de-surf\/\" \/>\n<meta property=\"og:site_name\" content=\"Volcano Surf School Lanzarote\" \/>\n<meta property=\"article:publisher\" content=\"https:\/\/www.facebook.com\/Volcanosurf-Lanzarote-503974406430753\/?ref=br_rs\" \/>\n<meta property=\"article:modified_time\" content=\"2017-06-09T11:02:22+00:00\" \/>\n<meta property=\"og:image\" content=\"http:\/\/volcanosurflanzarote.com\/wp-content\/uploads\/2017\/01\/fun-300x200.jpg\" \/>\n<meta name=\"twitter:card\" content=\"summary\" \/>\n<meta name=\"twitter:label1\" content=\"Dur\u00e9e de lecture estim\u00e9e\" \/>\n\t<meta name=\"twitter:data1\" content=\"2 minutes\" \/>\n<script type=\"application\/ld+json\" class=\"yoast-schema-graph\">{\"@context\":\"https:\/\/schema.org\",\"@graph\":[{\"@type\":\"Organization\",\"@id\":\"https:\/\/volcanosurflanzarote.com\/#organization\",\"name\":\"Volcano surf school Lanzarote\",\"url\":\"https:\/\/volcanosurflanzarote.com\/\",\"sameAs\":[\"https:\/\/www.facebook.com\/Volcanosurf-Lanzarote-503974406430753\/?ref=br_rs\"],\"logo\":{\"@type\":\"ImageObject\",\"@id\":\"https:\/\/volcanosurflanzarote.com\/#logo\",\"inLanguage\":\"fr-FR\",\"url\":\"http:\/\/volcanosurflanzarote.com\/wp-content\/uploads\/2017\/03\/logo_volcanosurflanzarote.jpg\",\"contentUrl\":\"http:\/\/volcanosurflanzarote.com\/wp-content\/uploads\/2017\/03\/logo_volcanosurflanzarote.jpg\",\"width\":968,\"height\":847,\"caption\":\"Volcano surf school Lanzarote\"},\"image\":{\"@id\":\"https:\/\/volcanosurflanzarote.com\/#logo\"}},{\"@type\":\"WebSite\",\"@id\":\"https:\/\/volcanosurflanzarote.com\/#website\",\"url\":\"https:\/\/volcanosurflanzarote.com\/\",\"name\":\"Volcano Surf School Lanzarote\",\"description\":\"Surf School in Lanzarote`s Surf Paradise\",\"publisher\":{\"@id\":\"https:\/\/volcanosurflanzarote.com\/#organization\"},\"potentialAction\":[{\"@type\":\"SearchAction\",\"target\":{\"@type\":\"EntryPoint\",\"urlTemplate\":\"https:\/\/volcanosurflanzarote.com\/?s={search_term_string}\"},\"query-input\":\"required name=search_term_string\"}],\"inLanguage\":\"fr-FR\"},{\"@type\":\"ImageObject\",\"@id\":\"https:\/\/volcanosurflanzarote.com\/fr\/cours-de-surf\/#primaryimage\",\"inLanguage\":\"fr-FR\",\"url\":\"https:\/\/volcanosurflanzarote.com\/wp-content\/uploads\/2017\/01\/fun.jpg\",\"contentUrl\":\"https:\/\/volcanosurflanzarote.com\/wp-content\/uploads\/2017\/01\/fun.jpg\",\"width\":1296,\"height\":864,\"caption\":\"volcano surf trip short\"},{\"@type\":\"WebPage\",\"@id\":\"https:\/\/volcanosurflanzarote.com\/fr\/cours-de-surf\/#webpage\",\"url\":\"https:\/\/volcanosurflanzarote.com\/fr\/cours-de-surf\/\",\"name\":\"Volcanosurf Lanzarote \u00e9cole fran\u00e7aise surf- debutants-intermediaires- confirm\u00e9s vagues Famara\",\"isPartOf\":{\"@id\":\"https:\/\/volcanosurflanzarote.com\/#website\"},\"primaryImageOfPage\":{\"@id\":\"https:\/\/volcanosurflanzarote.com\/fr\/cours-de-surf\/#primaryimage\"},\"datePublished\":\"2017-04-02T17:42:44+00:00\",\"dateModified\":\"2017-06-09T11:02:22+00:00\",\"description\":\"Volcanosurf Lanzarote, \u00e9cole fran\u00e7aise de surf, 1 jour, 3 jours, 5 jours ou 10 jours sur la plage de Famara, moniteurs dipl\u00f4m\u00e9s, tous les niveaux.\",\"breadcrumb\":{\"@id\":\"https:\/\/volcanosurflanzarote.com\/fr\/cours-de-surf\/#breadcrumb\"},\"inLanguage\":\"fr-FR\",\"potentialAction\":[{\"@type\":\"ReadAction\",\"target\":[\"https:\/\/volcanosurflanzarote.com\/fr\/cours-de-surf\/\"]}]},{\"@type\":\"BreadcrumbList\",\"@id\":\"https:\/\/volcanosurflanzarote.com\/fr\/cours-de-surf\/#breadcrumb\",\"itemListElement\":[{\"@type\":\"ListItem\",\"position\":1,\"name\":\"Home\",\"item\":\"https:\/\/volcanosurflanzarote.com\/fr\/\"},{\"@type\":\"ListItem\",\"position\":2,\"name\":\"Cours de surf\"}]}]}<\/script>\n<!-- \/ Yoast SEO plugin. -->","yoast_head_json":{"title":"Volcanosurf Lanzarote \u00e9cole fran\u00e7aise surf- debutants-intermediaires- confirm\u00e9s vagues Famara","description":"Volcanosurf Lanzarote, \u00e9cole fran\u00e7aise de surf, 1 jour, 3 jours, 5 jours ou 10 jours sur la plage de Famara, moniteurs dipl\u00f4m\u00e9s, tous les niveaux.","robots":{"index":"index","follow":"follow","max-snippet":"max-snippet:-1","max-image-preview":"max-image-preview:large","max-video-preview":"max-video-preview:-1"},"canonical":"https:\/\/volcanosurflanzarote.com\/fr\/cours-de-surf\/","og_locale":"fr_FR","og_type":"article","og_title":"Volcanosurf Lanzarote \u00e9cole fran\u00e7aise surf- debutants-intermediaires- confirm\u00e9s vagues Famara","og_description":"Volcanosurf Lanzarote, \u00e9cole fran\u00e7aise de surf, 1 jour, 3 jours, 5 jours ou 10 jours sur la plage de Famara, moniteurs dipl\u00f4m\u00e9s, tous les niveaux.","og_url":"https:\/\/volcanosurflanzarote.com\/fr\/cours-de-surf\/","og_site_name":"Volcano Surf School Lanzarote","article_publisher":"https:\/\/www.facebook.com\/Volcanosurf-Lanzarote-503974406430753\/?ref=br_rs","article_modified_time":"2017-06-09T11:02:22+00:00","og_image":[{"url":"http:\/\/volcanosurflanzarote.com\/wp-content\/uploads\/2017\/01\/fun-300x200.jpg"}],"twitter_card":"summary","twitter_misc":{"Dur\u00e9e de lecture estim\u00e9e":"2 minutes"},"schema":{"@context":"https:\/\/schema.org","@graph":[{"@type":"Organization","@id":"https:\/\/volcanosurflanzarote.com\/#organization","name":"Volcano surf school Lanzarote","url":"https:\/\/volcanosurflanzarote.com\/","sameAs":["https:\/\/www.facebook.com\/Volcanosurf-Lanzarote-503974406430753\/?ref=br_rs"],"logo":{"@type":"ImageObject","@id":"https:\/\/volcanosurflanzarote.com\/#logo","inLanguage":"fr-FR","url":"http:\/\/volcanosurflanzarote.com\/wp-content\/uploads\/2017\/03\/logo_volcanosurflanzarote.jpg","contentUrl":"http:\/\/volcanosurflanzarote.com\/wp-content\/uploads\/2017\/03\/logo_volcanosurflanzarote.jpg","width":968,"height":847,"caption":"Volcano surf school Lanzarote"},"image":{"@id":"https:\/\/volcanosurflanzarote.com\/#logo"}},{"@type":"WebSite","@id":"https:\/\/volcanosurflanzarote.com\/#website","url":"https:\/\/volcanosurflanzarote.com\/","name":"Volcano Surf School Lanzarote","description":"Surf School in Lanzarote`s Surf Paradise","publisher":{"@id":"https:\/\/volcanosurflanzarote.com\/#organization"},"potentialAction":[{"@type":"SearchAction","target":{"@type":"EntryPoint","urlTemplate":"https:\/\/volcanosurflanzarote.com\/?s={search_term_string}"},"query-input":"required name=search_term_string"}],"inLanguage":"fr-FR"},{"@type":"ImageObject","@id":"https:\/\/volcanosurflanzarote.com\/fr\/cours-de-surf\/#primaryimage","inLanguage":"fr-FR","url":"https:\/\/volcanosurflanzarote.com\/wp-content\/uploads\/2017\/01\/fun.jpg","contentUrl":"https:\/\/volcanosurflanzarote.com\/wp-content\/uploads\/2017\/01\/fun.jpg","width":1296,"height":864,"caption":"volcano surf trip short"},{"@type":"WebPage","@id":"https:\/\/volcanosurflanzarote.com\/fr\/cours-de-surf\/#webpage","url":"https:\/\/volcanosurflanzarote.com\/fr\/cours-de-surf\/","name":"Volcanosurf Lanzarote \u00e9cole fran\u00e7aise surf- debutants-intermediaires- confirm\u00e9s vagues Famara","isPartOf":{"@id":"https:\/\/volcanosurflanzarote.com\/#website"},"primaryImageOfPage":{"@id":"https:\/\/volcanosurflanzarote.com\/fr\/cours-de-surf\/#primaryimage"},"datePublished":"2017-04-02T17:42:44+00:00","dateModified":"2017-06-09T11:02:22+00:00","description":"Volcanosurf Lanzarote, \u00e9cole fran\u00e7aise de surf, 1 jour, 3 jours, 5 jours ou 10 jours sur la plage de Famara, moniteurs dipl\u00f4m\u00e9s, tous les niveaux.","breadcrumb":{"@id":"https:\/\/volcanosurflanzarote.com\/fr\/cours-de-surf\/#breadcrumb"},"inLanguage":"fr-FR","potentialAction":[{"@type":"ReadAction","target":["https:\/\/volcanosurflanzarote.com\/fr\/cours-de-surf\/"]}]},{"@type":"BreadcrumbList","@id":"https:\/\/volcanosurflanzarote.com\/fr\/cours-de-surf\/#breadcrumb","itemListElement":[{"@type":"ListItem","position":1,"name":"Home","item":"https:\/\/volcanosurflanzarote.com\/fr\/"},{"@type":"ListItem","position":2,"name":"Cours de surf"}]}]}},"_links":{"self":[{"href":"https:\/\/volcanosurflanzarote.com\/fr\/wp-json\/wp\/v2\/pages\/3311"}],"collection":[{"href":"https:\/\/volcanosurflanzarote.com\/fr\/wp-json\/wp\/v2\/pages"}],"about":[{"href":"https:\/\/volcanosurflanzarote.com\/fr\/wp-json\/wp\/v2\/types\/page"}],"author":[{"embeddable":true,"href":"https:\/\/volcanosurflanzarote.com\/fr\/wp-json\/wp\/v2\/users\/1"}],"replies":[{"embeddable":true,"href":"https:\/\/volcanosurflanzarote.com\/fr\/wp-json\/wp\/v2\/comments?post=3311"}],"version-history":[{"count":8,"href":"https:\/\/volcanosurflanzarote.com\/fr\/wp-json\/wp\/v2\/pages\/3311\/revisions"}],"predecessor-version":[{"id":3470,"href":"https:\/\/volcanosurflanzarote.com\/fr\/wp-json\/wp\/v2\/pages\/3311\/revisions\/3470"}],"wp:attachment":[{"href":"https:\/\/volcanosurflanzarote.com\/fr\/wp-json\/wp\/v2\/media?parent=3311"}],"curies":[{"name":"wp","href":"https:\/\/api.w.org\/{rel}","templated":true}]}}