{"id":3303,"date":"2017-04-02T17:25:28","date_gmt":"2017-04-02T17:25:28","guid":{"rendered":"http:\/\/volcanosurflanzarote.com\/?page_id=3303\/"},"modified":"2017-04-02T17:27:50","modified_gmt":"2017-04-02T17:27:50","slug":"prix-du-cours-de-surf","status":"publish","type":"page","link":"https:\/\/volcanosurflanzarote.com\/fr\/prix-du-cours-de-surf\/","title":{"rendered":"Prix du cours de surf"},"content":{"rendered":"<h2 id=\"tablepress-3-name\" class=\"tablepress-table-name tablepress-table-name-id-3\">Volcano Surf School<\/h2>\n\n<table id=\"tablepress-3\" class=\"tablepress tablepress-id-3\" aria-labelledby=\"tablepress-3-name\">\n<thead>\n<tr class=\"row-1 odd\">\n\t<th class=\"column-1\">Courses \/Cursos\/Cours<\/th><th class=\"column-2\">Adults\/Adultos\/Adultes<\/th>\n<\/tr>\n<\/thead>\n<tbody class=\"row-hover\">\n<tr class=\"row-2 even\">\n\t<td class=\"column-1\">Surftrip (2,5 hours)<\/td><td class=\"column-2\">70\u20ac<\/td>\n<\/tr>\n<tr class=\"row-3 odd\">\n\t<td class=\"column-1\">XL Ride <\/td><td class=\"column-2\"> 180\u20ac<\/td>\n<\/tr>\n<tr class=\"row-4 even\">\n\t<td class=\"column-1\">XXL Ride <\/td><td class=\"column-2\">260<\/td>\n<\/tr>\n<tr class=\"row-5 odd\">\n\t<td class=\"column-1\">Volcanosurf Card (6 x 2,5 hours) (only residents)<\/td><td class=\"column-2\">210\u20ac<\/td>\n<\/tr>\n<tr class=\"row-6 even\">\n\t<td class=\"column-1\">Private lesson (2h)<\/td><td class=\"column-2\">1 pax: 150\u20ac<\/td>\n<\/tr>\n<tr class=\"row-7 odd\">\n\t<td class=\"column-1\"><\/td><td class=\"column-2\">2 pax: 250\u20ac<\/td>\n<\/tr>\n<\/tbody>\n<\/table>\n<!-- #tablepress-3 from cache -->\n<p>&nbsp;<\/p>\n<h2 id=\"tablepress-4-name\" class=\"tablepress-table-name tablepress-table-name-id-4\">Rental\/Alquiler\/Location<\/h2>\n\n<table id=\"tablepress-4\" class=\"tablepress tablepress-id-4\" aria-labelledby=\"tablepress-4-name\">\n<thead>\n<tr class=\"row-1 odd\">\n\t<th class=\"column-1\">SURFBOARDS<\/th><th class=\"column-2\">1 day\/d\u00eda\/jour\/journ\u00e9es<\/th><th class=\"column-3\">3 days\/d\u00edas\/journ\u00e9es<\/th><th class=\"column-4\">5 days\/d\u00edas\/journ\u00e9es<\/th><th class=\"column-5\">1 week\/semana\/semaine<\/th><th class=\"column-6\"><\/th>\n<\/tr>\n<\/thead>\n<tbody class=\"row-hover\">\n<tr class=\"row-2 even\">\n\t<td class=\"column-1\">Softboard\/Hardboard<br \/>\nInsurance<\/td><td class=\"column-2\">20\u20ac<br \/>\n5\u20ac<\/td><td class=\"column-3\">55\u20ac<br \/>\n12\u20ac<\/td><td class=\"column-4\">90\u20ac<br \/>\n20\u20ac<\/td><td class=\"column-5\">120\u20ac<br \/>\n40\u20ac<\/td><td class=\"column-6\"><\/td>\n<\/tr>\n<tr class=\"row-3 odd\">\n\t<td class=\"column-1\"><\/td><td class=\"column-2\"><\/td><td class=\"column-3\"><\/td><td class=\"column-4\"><\/td><td class=\"column-5\"><\/td><td class=\"column-6\"><\/td>\n<\/tr>\n<\/tbody>\n<\/table>\n<!-- #tablepress-4 from cache -->\n\n<table id=\"tablepress-5\" class=\"tablepress tablepress-id-5\">\n<thead>\n<tr class=\"row-1 odd\">\n\t<th class=\"column-1\">BODYBOARDS<\/th><th class=\"column-2\">1 hour\/hora<br \/>\n5\u20ac<\/th><th class=\"column-3\">1\/2 day\/d\u00eda<br \/>\n10\u20ac<\/th><th class=\"column-4\">1 day\/d\u00eda<br \/>\n15\u20ac<\/th><th class=\"column-5\">3 days\/d\u00edas<br \/>\n40\u20ac<\/th><th class=\"column-6\">5 days\/5 d\u00edas<br \/>\n65\u20ac<\/th>\n<\/tr>\n<\/thead>\n<tbody class=\"row-hover\">\n<tr class=\"row-2 even\">\n\t<td class=\"column-1\">WETSUIT \/TRAJE<\/td><td class=\"column-2\">1\/2 day\/d\u00eda<br \/>\n5\u20ac<\/td><td class=\"column-3\">1 day\/d\u00eda<br \/>\n8\u20ac<\/td><td class=\"column-4\">3 days\/d\u00edas<br \/>\n21\u20ac<\/td><td class=\"column-5\">7 days\/5 d\u00edas<br \/>\n45\u20ac<\/td><td class=\"column-6\">2 weeks \/semanas<br \/>\n80\u20ac<\/td>\n<\/tr>\n<\/tbody>\n<\/table>\n<!-- #tablepress-5 from cache -->\n<div class=\"alert alert-success fade in \">\n<p>15% de r\u00e9duction sur les cours de surf pour les r\u00e9sidents de Lanzarote (Pr\u00e9sentation de la carte de r\u00e9sident)<\/p>\n<\/div>\n<div class=\"alert alert-success fade in \">\n<p><span class=\"info\">R\u00e9ductions group\u00e9es disponibles; Veuillez contacter notre \u00e9quipe Volcanosurf pour de plus amples informations.<\/span><\/p>\n<\/div>\n","protected":false},"excerpt":{"rendered":"&nbsp;","protected":false},"author":1,"featured_media":0,"parent":0,"menu_order":0,"comment_status":"closed","ping_status":"closed","template":"","meta":{"_themeisle_gutenberg_block_has_review":false},"yoast_head":"<!-- This site is optimized with the Yoast SEO plugin v18.4.1 - https:\/\/yoast.com\/wordpress\/plugins\/seo\/ -->\n<title>Prix du cours de surf - Volcano Surf School Lanzarote<\/title>\n<meta name=\"robots\" content=\"index, follow, max-snippet:-1, max-image-preview:large, max-video-preview:-1\" \/>\n<link rel=\"canonical\" href=\"https:\/\/volcanosurflanzarote.com\/fr\/prix-du-cours-de-surf\/\" \/>\n<meta property=\"og:locale\" content=\"fr_FR\" \/>\n<meta property=\"og:type\" content=\"article\" \/>\n<meta property=\"og:title\" content=\"Prix du cours de surf - Volcano Surf School Lanzarote\" \/>\n<meta property=\"og:description\" content=\"&nbsp;\" \/>\n<meta property=\"og:url\" content=\"https:\/\/volcanosurflanzarote.com\/fr\/prix-du-cours-de-surf\/\" \/>\n<meta property=\"og:site_name\" content=\"Volcano Surf School Lanzarote\" \/>\n<meta property=\"article:publisher\" content=\"https:\/\/www.facebook.com\/Volcanosurf-Lanzarote-503974406430753\/?ref=br_rs\" \/>\n<meta property=\"article:modified_time\" content=\"2017-04-02T17:27:50+00:00\" \/>\n<meta name=\"twitter:card\" content=\"summary\" \/>\n<script type=\"application\/ld+json\" class=\"yoast-schema-graph\">{\"@context\":\"https:\/\/schema.org\",\"@graph\":[{\"@type\":\"Organization\",\"@id\":\"https:\/\/volcanosurflanzarote.com\/#organization\",\"name\":\"Volcano surf school Lanzarote\",\"url\":\"https:\/\/volcanosurflanzarote.com\/\",\"sameAs\":[\"https:\/\/www.facebook.com\/Volcanosurf-Lanzarote-503974406430753\/?ref=br_rs\"],\"logo\":{\"@type\":\"ImageObject\",\"@id\":\"https:\/\/volcanosurflanzarote.com\/#logo\",\"inLanguage\":\"fr-FR\",\"url\":\"http:\/\/volcanosurflanzarote.com\/wp-content\/uploads\/2017\/03\/logo_volcanosurflanzarote.jpg\",\"contentUrl\":\"http:\/\/volcanosurflanzarote.com\/wp-content\/uploads\/2017\/03\/logo_volcanosurflanzarote.jpg\",\"width\":968,\"height\":847,\"caption\":\"Volcano surf school Lanzarote\"},\"image\":{\"@id\":\"https:\/\/volcanosurflanzarote.com\/#logo\"}},{\"@type\":\"WebSite\",\"@id\":\"https:\/\/volcanosurflanzarote.com\/#website\",\"url\":\"https:\/\/volcanosurflanzarote.com\/\",\"name\":\"Volcano Surf School Lanzarote\",\"description\":\"Surf School in Lanzarote`s Surf Paradise\",\"publisher\":{\"@id\":\"https:\/\/volcanosurflanzarote.com\/#organization\"},\"potentialAction\":[{\"@type\":\"SearchAction\",\"target\":{\"@type\":\"EntryPoint\",\"urlTemplate\":\"https:\/\/volcanosurflanzarote.com\/?s={search_term_string}\"},\"query-input\":\"required name=search_term_string\"}],\"inLanguage\":\"fr-FR\"},{\"@type\":\"WebPage\",\"@id\":\"https:\/\/volcanosurflanzarote.com\/fr\/prix-du-cours-de-surf\/#webpage\",\"url\":\"https:\/\/volcanosurflanzarote.com\/fr\/prix-du-cours-de-surf\/\",\"name\":\"Prix du cours de surf - Volcano Surf School Lanzarote\",\"isPartOf\":{\"@id\":\"https:\/\/volcanosurflanzarote.com\/#website\"},\"datePublished\":\"2017-04-02T17:25:28+00:00\",\"dateModified\":\"2017-04-02T17:27:50+00:00\",\"breadcrumb\":{\"@id\":\"https:\/\/volcanosurflanzarote.com\/fr\/prix-du-cours-de-surf\/#breadcrumb\"},\"inLanguage\":\"fr-FR\",\"potentialAction\":[{\"@type\":\"ReadAction\",\"target\":[\"https:\/\/volcanosurflanzarote.com\/fr\/prix-du-cours-de-surf\/\"]}]},{\"@type\":\"BreadcrumbList\",\"@id\":\"https:\/\/volcanosurflanzarote.com\/fr\/prix-du-cours-de-surf\/#breadcrumb\",\"itemListElement\":[{\"@type\":\"ListItem\",\"position\":1,\"name\":\"Home\",\"item\":\"https:\/\/volcanosurflanzarote.com\/fr\/\"},{\"@type\":\"ListItem\",\"position\":2,\"name\":\"Prix du cours de surf\"}]}]}<\/script>\n<!-- \/ Yoast SEO plugin. -->","yoast_head_json":{"title":"Prix du cours de surf - Volcano Surf School Lanzarote","robots":{"index":"index","follow":"follow","max-snippet":"max-snippet:-1","max-image-preview":"max-image-preview:large","max-video-preview":"max-video-preview:-1"},"canonical":"https:\/\/volcanosurflanzarote.com\/fr\/prix-du-cours-de-surf\/","og_locale":"fr_FR","og_type":"article","og_title":"Prix du cours de surf - Volcano Surf School Lanzarote","og_description":"&nbsp;","og_url":"https:\/\/volcanosurflanzarote.com\/fr\/prix-du-cours-de-surf\/","og_site_name":"Volcano Surf School Lanzarote","article_publisher":"https:\/\/www.facebook.com\/Volcanosurf-Lanzarote-503974406430753\/?ref=br_rs","article_modified_time":"2017-04-02T17:27:50+00:00","twitter_card":"summary","schema":{"@context":"https:\/\/schema.org","@graph":[{"@type":"Organization","@id":"https:\/\/volcanosurflanzarote.com\/#organization","name":"Volcano surf school Lanzarote","url":"https:\/\/volcanosurflanzarote.com\/","sameAs":["https:\/\/www.facebook.com\/Volcanosurf-Lanzarote-503974406430753\/?ref=br_rs"],"logo":{"@type":"ImageObject","@id":"https:\/\/volcanosurflanzarote.com\/#logo","inLanguage":"fr-FR","url":"http:\/\/volcanosurflanzarote.com\/wp-content\/uploads\/2017\/03\/logo_volcanosurflanzarote.jpg","contentUrl":"http:\/\/volcanosurflanzarote.com\/wp-content\/uploads\/2017\/03\/logo_volcanosurflanzarote.jpg","width":968,"height":847,"caption":"Volcano surf school Lanzarote"},"image":{"@id":"https:\/\/volcanosurflanzarote.com\/#logo"}},{"@type":"WebSite","@id":"https:\/\/volcanosurflanzarote.com\/#website","url":"https:\/\/volcanosurflanzarote.com\/","name":"Volcano Surf School Lanzarote","description":"Surf School in Lanzarote`s Surf Paradise","publisher":{"@id":"https:\/\/volcanosurflanzarote.com\/#organization"},"potentialAction":[{"@type":"SearchAction","target":{"@type":"EntryPoint","urlTemplate":"https:\/\/volcanosurflanzarote.com\/?s={search_term_string}"},"query-input":"required name=search_term_string"}],"inLanguage":"fr-FR"},{"@type":"WebPage","@id":"https:\/\/volcanosurflanzarote.com\/fr\/prix-du-cours-de-surf\/#webpage","url":"https:\/\/volcanosurflanzarote.com\/fr\/prix-du-cours-de-surf\/","name":"Prix du cours de surf - Volcano Surf School Lanzarote","isPartOf":{"@id":"https:\/\/volcanosurflanzarote.com\/#website"},"datePublished":"2017-04-02T17:25:28+00:00","dateModified":"2017-04-02T17:27:50+00:00","breadcrumb":{"@id":"https:\/\/volcanosurflanzarote.com\/fr\/prix-du-cours-de-surf\/#breadcrumb"},"inLanguage":"fr-FR","potentialAction":[{"@type":"ReadAction","target":["https:\/\/volcanosurflanzarote.com\/fr\/prix-du-cours-de-surf\/"]}]},{"@type":"BreadcrumbList","@id":"https:\/\/volcanosurflanzarote.com\/fr\/prix-du-cours-de-surf\/#breadcrumb","itemListElement":[{"@type":"ListItem","position":1,"name":"Home","item":"https:\/\/volcanosurflanzarote.com\/fr\/"},{"@type":"ListItem","position":2,"name":"Prix du cours de surf"}]}]}},"_links":{"self":[{"href":"https:\/\/volcanosurflanzarote.com\/fr\/wp-json\/wp\/v2\/pages\/3303"}],"collection":[{"href":"https:\/\/volcanosurflanzarote.com\/fr\/wp-json\/wp\/v2\/pages"}],"about":[{"href":"https:\/\/volcanosurflanzarote.com\/fr\/wp-json\/wp\/v2\/types\/page"}],"author":[{"embeddable":true,"href":"https:\/\/volcanosurflanzarote.com\/fr\/wp-json\/wp\/v2\/users\/1"}],"replies":[{"embeddable":true,"href":"https:\/\/volcanosurflanzarote.com\/fr\/wp-json\/wp\/v2\/comments?post=3303"}],"version-history":[{"count":2,"href":"https:\/\/volcanosurflanzarote.com\/fr\/wp-json\/wp\/v2\/pages\/3303\/revisions"}],"predecessor-version":[{"id":3305,"href":"https:\/\/volcanosurflanzarote.com\/fr\/wp-json\/wp\/v2\/pages\/3303\/revisions\/3305"}],"wp:attachment":[{"href":"https:\/\/volcanosurflanzarote.com\/fr\/wp-json\/wp\/v2\/media?parent=3303"}],"curies":[{"name":"wp","href":"https:\/\/api.w.org\/{rel}","templated":true}]}}