{"id":3282,"date":"2017-04-02T16:56:05","date_gmt":"2017-04-02T16:56:05","guid":{"rendered":"http:\/\/volcanosurflanzarote.com\/?page_id=3282\/"},"modified":"2017-06-12T19:28:11","modified_gmt":"2017-06-12T19:28:11","slug":"cours-et-location","status":"publish","type":"page","link":"https:\/\/volcanosurflanzarote.com\/fr\/cours-et-location\/","title":{"rendered":"Cours et Location"},"content":{"rendered":"<div class=\"well normal\">\n<p><img decoding=\"async\" loading=\"lazy\" class=\"alignleft wp-image-2079 size-medium\" title=\"Volcano Surf Courses\" src=\"http:\/\/volcanosurflanzarote.com\/wp-content\/uploads\/2014\/09\/Depositphotos_14320895_original-300x200.jpg\" alt=\"Surfing courses and lessons\" width=\"300\" height=\"200\" \/><\/p>\n<h3><strong><span style=\"color: #ff9900;\"><a style=\"color: #ff9900;\" href=\"http:\/\/volcanosurflanzarote.com\/fr\/cours-et-location\">Cours et Location<\/a><br \/>\n<\/span><\/strong><\/h3>\n<p>Il est surprenant de voir, avec quelle rapidit\u00e9, il est possible de surfer sa premi\u00e8re vague gr\u00e2ce aux conseils et \u00e0 la p\u00e9dagogie d\u2019un moniteur, et \u00e0 l\u2019utilisation du mat\u00e9riel ad\u00e9quat. Volcanosurf vous propose de la le\u00e7on de 2 heures (d\u00e9couverte de l\u2019ocean) jusqu\u2019au Volcano expert training de 10 jours, \u00a0l\u2019opportunit\u00e9 de surfer suivant votre motivation, votre forme physique ou tout simplement suivant votre planning de vacances. Laissez vous guider par Sebastian, Marx\u00a0et Pablo,\u00a0instructeurs de Volcanosurf , Ils vous accompagnerons en toute s\u00e9curit\u00e9 dans une ambiance chaleureuse, de la mousse jusqu\u2019\u00e0 votre premi\u00e8re vague. Progr\u00e8s garanti d\u00e8s la premi\u00e8re le\u00e7on. Aloha!<\/p>\n<a href=\"http:\/\/volcanosurflanzarote.com\/fr\/cours-de-surf\/\" title=\"Course de surf\" class=\"btn btn-default btn-normal btn-inline \" target=\"_self\">Course de surf<\/a><!-- .btn -->\n<\/div>\n<div class=\"well normal\">\n<h3><img decoding=\"async\" loading=\"lazy\" class=\"alignleft wp-image-2330 size-medium\" title=\"Volcano Surf school Beginner Lessons\" src=\"http:\/\/volcanosurflanzarote.com\/wp-content\/uploads\/2016\/05\/volcanosurfBeginnerlesson-300x200.jpg\" alt=\"volcanosurfBeginnerlesson\" width=\"300\" height=\"200\" srcset=\"https:\/\/volcanosurflanzarote.com\/wp-content\/uploads\/2016\/05\/volcanosurfBeginnerlesson-300x200.jpg 300w, https:\/\/volcanosurflanzarote.com\/wp-content\/uploads\/2016\/05\/volcanosurfBeginnerlesson-768x512.jpg 768w, https:\/\/volcanosurflanzarote.com\/wp-content\/uploads\/2016\/05\/volcanosurfBeginnerlesson-1024x683.jpg 1024w, https:\/\/volcanosurflanzarote.com\/wp-content\/uploads\/2016\/05\/volcanosurfBeginnerlesson.jpg 1296w\" sizes=\"(max-width: 300px) 100vw, 300px\" \/><strong><span style=\"color: #ff9900;\">Debutant<\/span><\/strong><\/h3>\n<p>L\u2019art de l\u2019\u00e9quilibre dans le d\u00e9s\u00e9quilibre. Nos cours d\u00e9butants comportent une introduction th\u00e9orique, et pratique sur les principes de base du surf. Vous apprendrez \u00e0 g\u00e9rer votre \u00e9quilibre sur la planche, \u00e0 r\u00e9aliser votre premier \u201ctake off\u201d (se lever en un temps), d\u00e9couvrir les premi\u00e8res r\u00e8gles et m\u00e9canismes de l\u2019oc\u00e9an, mais surtout vous aurez beaucoup de fun.<br \/>\nA la question, quel \u00e9tait le meilleur surfer au monde?, un tr\u00e8s grand surfer a r\u00e9pondu,<strong>\u201c...le plus grand <\/strong><strong><em><img decoding=\"async\" loading=\"lazy\" class=\"alignleft wp-image-2331 size-medium\" title=\"Volcano Surf Beginner lesson\" src=\"http:\/\/volcanosurflanzarote.com\/wp-content\/uploads\/2016\/05\/yay-300x225.jpg\" alt=\"Surf lessons beginner\" width=\"300\" height=\"225\" srcset=\"https:\/\/volcanosurflanzarote.com\/wp-content\/uploads\/2016\/05\/yay-300x225.jpg 300w, https:\/\/volcanosurflanzarote.com\/wp-content\/uploads\/2016\/05\/yay-768x576.jpg 768w, https:\/\/volcanosurflanzarote.com\/wp-content\/uploads\/2016\/05\/yay-1024x768.jpg 1024w, https:\/\/volcanosurflanzarote.com\/wp-content\/uploads\/2016\/05\/yay.jpg 1224w\" sizes=\"(max-width: 300px) 100vw, 300px\" \/><\/em><\/strong><strong>surfer ?...celui qui a le plus de plaisir...\u201d<\/strong><br \/>\nVous commencerez votre apprentissage dans la mousse (vague qui a d\u00e9j\u00e0 cass\u00e9), confortant votre \u00e9quilibre gr\u00e2ce \u00e0 divers exercices, nouvelles sensations garanties. D\u00e8s que vous ma\u00eetrisez votre take off sur la mousse, votre moniteur vous accompagnera au peak (endroit ou cassent les vagues), et croyez nous, debout sur votre premi\u00e8re vague restera un souvenir imp\u00e9rissable. Nous pratiquons sur de belles plages de sables. Les planches que vous utilisez lors de vos premiers cours sont en mousse avec d\u00e9rives en plastique, pour assurer votre s\u00e9curit\u00e9 durant votre pratique. Notre large gamme de planches de surf nous permet de suivre votre progression, toujours une planche adapt\u00e9e \u00e0 votre niveau \u00e0 Volcanosurf.<br \/>\n<\/div>\n<div class=\"well normal\">\n<h3><img decoding=\"async\" loading=\"lazy\" class=\"alignleft wp-image-2443 size-medium\" title=\"Volcano Surf Lesson intermediate\" src=\"http:\/\/volcanosurflanzarote.com\/wp-content\/uploads\/2016\/05\/VolcanoSurfschool-intermediateweb-300x225.jpg\" alt=\"VolcanoSurfschool-intermediateweb\" width=\"300\" height=\"225\" srcset=\"https:\/\/volcanosurflanzarote.com\/wp-content\/uploads\/2016\/05\/VolcanoSurfschool-intermediateweb-300x225.jpg 300w, https:\/\/volcanosurflanzarote.com\/wp-content\/uploads\/2016\/05\/VolcanoSurfschool-intermediateweb.jpg 454w\" sizes=\"(max-width: 300px) 100vw, 300px\" \/><\/h3>\n<h3><strong><span style=\"color: #ff9900;\">Intermediaire<\/span><\/strong><\/h3>\n<p>Vous avez d\u00e9j\u00e0 une exp\u00e9rience en surf, vous vous levez sans difficult\u00e9 sur les mousses, vous ramez sur les petites vagues en prenant une direction, ce niveau est le v\u00f4tre. Suivant votre niveau et vos d\u00e9sirs de progression, vous approfondirez, avec votre moniteur, diverses techniques, telles que le \u201ccanard\u201d, un take off plus rapide, prise de direction dans la vague, voir le d\u00e9but de la prise de vitesse. Notre programme 5 jours (XXL ride) et 10 jours ( Expert training) vous permettront d\u2019\u00e9largir vos connaissances marines et techniques.<\/p>\n<\/div>\n<div class=\"well normal\">\n<h3><img decoding=\"async\" loading=\"lazy\" class=\"alignleft wp-image-2446 size-medium\" title=\"VolcanosurferPRo\" src=\"http:\/\/volcanosurflanzarote.com\/wp-content\/uploads\/2016\/05\/VolcanosurferPRo-300x200.jpg\" alt=\"VolcanosurferPRo\" width=\"300\" height=\"200\" srcset=\"https:\/\/volcanosurflanzarote.com\/wp-content\/uploads\/2016\/05\/VolcanosurferPRo-300x200.jpg 300w, https:\/\/volcanosurflanzarote.com\/wp-content\/uploads\/2016\/05\/VolcanosurferPRo.jpg 425w\" sizes=\"(max-width: 300px) 100vw, 300px\" \/><\/h3>\n<h3><strong><span style=\"color: #ff9900;\">Confirm\u00e9<\/span><\/strong><\/h3>\n<p>Vous prenez des vagues frontside et backside, vous avez des connaissances marines et peut \u00eatre une exp\u00e9rience de vagues de rochers (reefbreak). Certaines connaissances techniques ne peuvent \u00eatre assimil\u00e9es seulement par votre propre exp\u00e9rience. Avoir un moniteur dipl\u00f4m\u00e9 et exp\u00e9riment\u00e9 \u00e0 vos c\u00f4t\u00e9s, peut faire la diff\u00e9rence. Explication technique du mouvement avec d\u00e9monstration, pouvoir se mettre dans une situation de D\u00e9fi, surfer des vagues plus grosses ou plus creuses en ayant \u201cun compagnon de session\u201d exp\u00e9riment\u00e9 sur lequel on peut compter, quelque soit la situation, 100% S\u00e9curit\u00e9. Quand on se sent en s\u00e9curit\u00e9, on tente beaucoup plus de chose.<\/p>\n<\/div>\n<div class=\"well normal\">\n<h4><a href=\"http:\/\/volcanosurflanzarote.com\/fr\/prix-du-cours-de-surf\/\"><strong><span style=\"color: #ff9900;\">Cliquez ici pour vous informer des prix<\/span><\/strong><\/a><\/h4>\n<h4><span style=\"color: #ff9900;\"><\/div><\/span><\/h4>\n","protected":false},"excerpt":{"rendered":"","protected":false},"author":1,"featured_media":0,"parent":0,"menu_order":0,"comment_status":"closed","ping_status":"closed","template":"","meta":{"_themeisle_gutenberg_block_has_review":false},"yoast_head":"<!-- This site is optimized with the Yoast SEO plugin v18.4.1 - https:\/\/yoast.com\/wordpress\/plugins\/seo\/ -->\n<title>Volcanosurf Lanzarote debutants intermediaires location short board malibu niveaux glissse<\/title>\n<meta name=\"description\" content=\"L \u00e9cole de surf Volcanosurf Lanzarote organise cours de surf pour tous les niveaux et propose en location une large gamme de longboard, short boards\" \/>\n<meta name=\"robots\" content=\"index, follow, max-snippet:-1, max-image-preview:large, max-video-preview:-1\" \/>\n<link rel=\"canonical\" href=\"https:\/\/volcanosurflanzarote.com\/fr\/cours-et-location\/\" \/>\n<meta property=\"og:locale\" content=\"fr_FR\" \/>\n<meta property=\"og:type\" content=\"article\" \/>\n<meta property=\"og:title\" content=\"Volcanosurf Lanzarote debutants intermediaires location short board malibu niveaux glissse\" \/>\n<meta property=\"og:description\" content=\"L \u00e9cole de surf Volcanosurf Lanzarote organise cours de surf pour tous les niveaux et propose en location une large gamme de longboard, short boards\" \/>\n<meta property=\"og:url\" content=\"https:\/\/volcanosurflanzarote.com\/fr\/cours-et-location\/\" \/>\n<meta property=\"og:site_name\" content=\"Volcano Surf School Lanzarote\" \/>\n<meta property=\"article:publisher\" content=\"https:\/\/www.facebook.com\/Volcanosurf-Lanzarote-503974406430753\/?ref=br_rs\" \/>\n<meta property=\"article:modified_time\" content=\"2017-06-12T19:28:11+00:00\" \/>\n<meta property=\"og:image\" content=\"http:\/\/volcanosurflanzarote.com\/wp-content\/uploads\/2014\/09\/Depositphotos_14320895_original-300x200.jpg\" \/>\n<meta name=\"twitter:card\" content=\"summary\" \/>\n<meta name=\"twitter:label1\" content=\"Dur\u00e9e de lecture estim\u00e9e\" \/>\n\t<meta name=\"twitter:data1\" content=\"3 minutes\" \/>\n<script type=\"application\/ld+json\" class=\"yoast-schema-graph\">{\"@context\":\"https:\/\/schema.org\",\"@graph\":[{\"@type\":\"Organization\",\"@id\":\"https:\/\/volcanosurflanzarote.com\/#organization\",\"name\":\"Volcano surf school Lanzarote\",\"url\":\"https:\/\/volcanosurflanzarote.com\/\",\"sameAs\":[\"https:\/\/www.facebook.com\/Volcanosurf-Lanzarote-503974406430753\/?ref=br_rs\"],\"logo\":{\"@type\":\"ImageObject\",\"@id\":\"https:\/\/volcanosurflanzarote.com\/#logo\",\"inLanguage\":\"fr-FR\",\"url\":\"http:\/\/volcanosurflanzarote.com\/wp-content\/uploads\/2017\/03\/logo_volcanosurflanzarote.jpg\",\"contentUrl\":\"http:\/\/volcanosurflanzarote.com\/wp-content\/uploads\/2017\/03\/logo_volcanosurflanzarote.jpg\",\"width\":968,\"height\":847,\"caption\":\"Volcano surf school Lanzarote\"},\"image\":{\"@id\":\"https:\/\/volcanosurflanzarote.com\/#logo\"}},{\"@type\":\"WebSite\",\"@id\":\"https:\/\/volcanosurflanzarote.com\/#website\",\"url\":\"https:\/\/volcanosurflanzarote.com\/\",\"name\":\"Volcano Surf School Lanzarote\",\"description\":\"Surf School in Lanzarote`s Surf Paradise\",\"publisher\":{\"@id\":\"https:\/\/volcanosurflanzarote.com\/#organization\"},\"potentialAction\":[{\"@type\":\"SearchAction\",\"target\":{\"@type\":\"EntryPoint\",\"urlTemplate\":\"https:\/\/volcanosurflanzarote.com\/?s={search_term_string}\"},\"query-input\":\"required name=search_term_string\"}],\"inLanguage\":\"fr-FR\"},{\"@type\":\"ImageObject\",\"@id\":\"https:\/\/volcanosurflanzarote.com\/fr\/cours-et-location\/#primaryimage\",\"inLanguage\":\"fr-FR\",\"url\":\"http:\/\/volcanosurflanzarote.com\/wp-content\/uploads\/2014\/09\/Depositphotos_14320895_original-300x200.jpg\",\"contentUrl\":\"http:\/\/volcanosurflanzarote.com\/wp-content\/uploads\/2014\/09\/Depositphotos_14320895_original-300x200.jpg\"},{\"@type\":\"WebPage\",\"@id\":\"https:\/\/volcanosurflanzarote.com\/fr\/cours-et-location\/#webpage\",\"url\":\"https:\/\/volcanosurflanzarote.com\/fr\/cours-et-location\/\",\"name\":\"Volcanosurf Lanzarote debutants intermediaires location short board malibu niveaux glissse\",\"isPartOf\":{\"@id\":\"https:\/\/volcanosurflanzarote.com\/#website\"},\"primaryImageOfPage\":{\"@id\":\"https:\/\/volcanosurflanzarote.com\/fr\/cours-et-location\/#primaryimage\"},\"datePublished\":\"2017-04-02T16:56:05+00:00\",\"dateModified\":\"2017-06-12T19:28:11+00:00\",\"description\":\"L \u00e9cole de surf Volcanosurf Lanzarote organise cours de surf pour tous les niveaux et propose en location une large gamme de longboard, short boards\",\"breadcrumb\":{\"@id\":\"https:\/\/volcanosurflanzarote.com\/fr\/cours-et-location\/#breadcrumb\"},\"inLanguage\":\"fr-FR\",\"potentialAction\":[{\"@type\":\"ReadAction\",\"target\":[\"https:\/\/volcanosurflanzarote.com\/fr\/cours-et-location\/\"]}]},{\"@type\":\"BreadcrumbList\",\"@id\":\"https:\/\/volcanosurflanzarote.com\/fr\/cours-et-location\/#breadcrumb\",\"itemListElement\":[{\"@type\":\"ListItem\",\"position\":1,\"name\":\"Home\",\"item\":\"https:\/\/volcanosurflanzarote.com\/fr\/\"},{\"@type\":\"ListItem\",\"position\":2,\"name\":\"Cours et Location\"}]}]}<\/script>\n<!-- \/ Yoast SEO plugin. -->","yoast_head_json":{"title":"Volcanosurf Lanzarote debutants intermediaires location short board malibu niveaux glissse","description":"L \u00e9cole de surf Volcanosurf Lanzarote organise cours de surf pour tous les niveaux et propose en location une large gamme de longboard, short boards","robots":{"index":"index","follow":"follow","max-snippet":"max-snippet:-1","max-image-preview":"max-image-preview:large","max-video-preview":"max-video-preview:-1"},"canonical":"https:\/\/volcanosurflanzarote.com\/fr\/cours-et-location\/","og_locale":"fr_FR","og_type":"article","og_title":"Volcanosurf Lanzarote debutants intermediaires location short board malibu niveaux glissse","og_description":"L \u00e9cole de surf Volcanosurf Lanzarote organise cours de surf pour tous les niveaux et propose en location une large gamme de longboard, short boards","og_url":"https:\/\/volcanosurflanzarote.com\/fr\/cours-et-location\/","og_site_name":"Volcano Surf School Lanzarote","article_publisher":"https:\/\/www.facebook.com\/Volcanosurf-Lanzarote-503974406430753\/?ref=br_rs","article_modified_time":"2017-06-12T19:28:11+00:00","og_image":[{"url":"http:\/\/volcanosurflanzarote.com\/wp-content\/uploads\/2014\/09\/Depositphotos_14320895_original-300x200.jpg"}],"twitter_card":"summary","twitter_misc":{"Dur\u00e9e de lecture estim\u00e9e":"3 minutes"},"schema":{"@context":"https:\/\/schema.org","@graph":[{"@type":"Organization","@id":"https:\/\/volcanosurflanzarote.com\/#organization","name":"Volcano surf school Lanzarote","url":"https:\/\/volcanosurflanzarote.com\/","sameAs":["https:\/\/www.facebook.com\/Volcanosurf-Lanzarote-503974406430753\/?ref=br_rs"],"logo":{"@type":"ImageObject","@id":"https:\/\/volcanosurflanzarote.com\/#logo","inLanguage":"fr-FR","url":"http:\/\/volcanosurflanzarote.com\/wp-content\/uploads\/2017\/03\/logo_volcanosurflanzarote.jpg","contentUrl":"http:\/\/volcanosurflanzarote.com\/wp-content\/uploads\/2017\/03\/logo_volcanosurflanzarote.jpg","width":968,"height":847,"caption":"Volcano surf school Lanzarote"},"image":{"@id":"https:\/\/volcanosurflanzarote.com\/#logo"}},{"@type":"WebSite","@id":"https:\/\/volcanosurflanzarote.com\/#website","url":"https:\/\/volcanosurflanzarote.com\/","name":"Volcano Surf School Lanzarote","description":"Surf School in Lanzarote`s Surf Paradise","publisher":{"@id":"https:\/\/volcanosurflanzarote.com\/#organization"},"potentialAction":[{"@type":"SearchAction","target":{"@type":"EntryPoint","urlTemplate":"https:\/\/volcanosurflanzarote.com\/?s={search_term_string}"},"query-input":"required name=search_term_string"}],"inLanguage":"fr-FR"},{"@type":"ImageObject","@id":"https:\/\/volcanosurflanzarote.com\/fr\/cours-et-location\/#primaryimage","inLanguage":"fr-FR","url":"http:\/\/volcanosurflanzarote.com\/wp-content\/uploads\/2014\/09\/Depositphotos_14320895_original-300x200.jpg","contentUrl":"http:\/\/volcanosurflanzarote.com\/wp-content\/uploads\/2014\/09\/Depositphotos_14320895_original-300x200.jpg"},{"@type":"WebPage","@id":"https:\/\/volcanosurflanzarote.com\/fr\/cours-et-location\/#webpage","url":"https:\/\/volcanosurflanzarote.com\/fr\/cours-et-location\/","name":"Volcanosurf Lanzarote debutants intermediaires location short board malibu niveaux glissse","isPartOf":{"@id":"https:\/\/volcanosurflanzarote.com\/#website"},"primaryImageOfPage":{"@id":"https:\/\/volcanosurflanzarote.com\/fr\/cours-et-location\/#primaryimage"},"datePublished":"2017-04-02T16:56:05+00:00","dateModified":"2017-06-12T19:28:11+00:00","description":"L \u00e9cole de surf Volcanosurf Lanzarote organise cours de surf pour tous les niveaux et propose en location une large gamme de longboard, short boards","breadcrumb":{"@id":"https:\/\/volcanosurflanzarote.com\/fr\/cours-et-location\/#breadcrumb"},"inLanguage":"fr-FR","potentialAction":[{"@type":"ReadAction","target":["https:\/\/volcanosurflanzarote.com\/fr\/cours-et-location\/"]}]},{"@type":"BreadcrumbList","@id":"https:\/\/volcanosurflanzarote.com\/fr\/cours-et-location\/#breadcrumb","itemListElement":[{"@type":"ListItem","position":1,"name":"Home","item":"https:\/\/volcanosurflanzarote.com\/fr\/"},{"@type":"ListItem","position":2,"name":"Cours et Location"}]}]}},"_links":{"self":[{"href":"https:\/\/volcanosurflanzarote.com\/fr\/wp-json\/wp\/v2\/pages\/3282"}],"collection":[{"href":"https:\/\/volcanosurflanzarote.com\/fr\/wp-json\/wp\/v2\/pages"}],"about":[{"href":"https:\/\/volcanosurflanzarote.com\/fr\/wp-json\/wp\/v2\/types\/page"}],"author":[{"embeddable":true,"href":"https:\/\/volcanosurflanzarote.com\/fr\/wp-json\/wp\/v2\/users\/1"}],"replies":[{"embeddable":true,"href":"https:\/\/volcanosurflanzarote.com\/fr\/wp-json\/wp\/v2\/comments?post=3282"}],"version-history":[{"count":24,"href":"https:\/\/volcanosurflanzarote.com\/fr\/wp-json\/wp\/v2\/pages\/3282\/revisions"}],"predecessor-version":[{"id":3511,"href":"https:\/\/volcanosurflanzarote.com\/fr\/wp-json\/wp\/v2\/pages\/3282\/revisions\/3511"}],"wp:attachment":[{"href":"https:\/\/volcanosurflanzarote.com\/fr\/wp-json\/wp\/v2\/media?parent=3282"}],"curies":[{"name":"wp","href":"https:\/\/api.w.org\/{rel}","templated":true}]}}