{"id":3276,"date":"2017-04-02T16:43:38","date_gmt":"2017-04-02T16:43:38","guid":{"rendered":"http:\/\/volcanosurflanzarote.com\/?page_id=3276\/"},"modified":"2017-06-08T11:07:30","modified_gmt":"2017-06-08T11:07:30","slug":"lanzarote","status":"publish","type":"page","link":"https:\/\/volcanosurflanzarote.com\/fr\/lanzarote\/","title":{"rendered":"Lanzarote"},"content":{"rendered":"<div class=\"well normal\">\n<h1><strong><span style=\"color: #808080;\"><span id=\"result_box\" class=\"short_text\" lang=\"fr\"><span class=\"\">Franchement...<\/span><\/span><\/span><\/strong><\/h1>\n<h2><span style=\"color: #808080;\">Il y a une vie apr\u00e8s le surf!<\/span><\/h2>\n<h6>Lanzarote, Machine \u00e0 vagues depuis <span style=\"color: #ff6600;\">10 millions<\/span> d'ann\u00e9es!<\/h6>\n<h6><\/div><\/h6>\n<h6><\/h6>\n<p><iframe loading=\"lazy\" src=\"https:\/\/player.vimeo.com\/video\/83800148\" width=\"776\" height=\"360\" frameborder=\"0\" allowfullscreen=\"allowfullscreen\"><\/iframe><a href=\"https:\/\/vimeo.com\/83800148\">The Lanzarote Effect<\/a> from <a href=\"https:\/\/vimeo.com\/leaetnicolas\">Lea et Nicolas Features<\/a> on <a href=\"https:\/\/vimeo.com\">Vimeo<\/a>.<br \/>\n<div class=\"well normal\">\n<h6><span style=\"color: #808080;\">Lanzarote<\/span><\/h6>\n<p>est sans aucun doute un incomparable paradis pour les surfers. Cette magnifique \u00eele offre un climat temp\u00e9r\u00e9 et constant durant toute l\u2019ann\u00e9e, de tr\u00e8s belles plages, de magnifiques et puissantes vagues longent une c\u00f4te volcanique d\u2019un incroyable beaut\u00e9. Beach break, reefs, slabs, vagues de qualit\u00e9 mondiale, une \u00e9tape du championnat du monde tous les ans, du d\u00e9butant au niveau confirm\u00e9 chacun trouvera un endroit adapt\u00e9 a son niveau.<br \/>\nLanzarote s\u2019\u00e9tend sur 60kms de long sur 35 kms de large. Il est tr\u00e8s facile et rapide de se d\u00e9placer d\u2019un endroit a l\u2019autre.<br \/>\nLe climat est, sans doute, un autre avantage de cette \u00eele pour le surf. En effet, les temp\u00e9ratures moyennes sont de 25 \u00baC en hiver et 31 \u00baC en \u00e9t\u00e9 avec une temp\u00e9rature de l\u2019eau variant entre 18 et 25 \u00baC.<br \/>\nDe part sa situation g\u00e9ographique, Lanzarote re\u00e7oit diff\u00e9rentes directions de houle, nord, nord ouest, ouest et nord est, houle longue en hiver et houle de vent en \u00e9t\u00e9. Grosses vagues sur la c\u00f4te ouest, petites vagues sur la c\u00f4te est, il y a toujours un endroit ou surfer a Lanzarote..:)\u2028L\u2019incontournable plage de Famara, le shorebreak rapide d\u2019Arrieta ou la perfection de la vague de la Santa et beaucoup d\u2019autres endroits \u00e0 la discr\u00e9tion du surfer curieux. C\u2019est aussi une belle mani\u00e8re de d\u00e9couvrir l\u2019\u00eele aux 300 volcans.<br \/>\n<\/div>\n<p>&nbsp;<\/p>\n<p><a href=\"http:\/\/volcanosurflanzarote.com\/wp-content\/uploads\/2017\/01\/lanzarote_120x80cm.png\"><img decoding=\"async\" loading=\"lazy\" class=\"alignleft wp-image-2728\" src=\"http:\/\/volcanosurflanzarote.com\/wp-content\/uploads\/2017\/01\/lanzarote_120x80cm.png\" alt=\"surf map of lanzarote\" width=\"1164\" height=\"776\" srcset=\"https:\/\/volcanosurflanzarote.com\/wp-content\/uploads\/2017\/01\/lanzarote_120x80cm.png 3402w, https:\/\/volcanosurflanzarote.com\/wp-content\/uploads\/2017\/01\/lanzarote_120x80cm-300x200.png 300w, https:\/\/volcanosurflanzarote.com\/wp-content\/uploads\/2017\/01\/lanzarote_120x80cm-768x512.png 768w, https:\/\/volcanosurflanzarote.com\/wp-content\/uploads\/2017\/01\/lanzarote_120x80cm-1024x683.png 1024w\" sizes=\"(max-width: 1164px) 100vw, 1164px\" \/><\/a><\/p>\n<div class=\"well normal\">\n<p>&nbsp;<\/p>\n<h1>l'Ile Lanzarote.<\/h1>\n<p><a href=\"http:\/\/volcanosurflanzarote.com\/wp-content\/uploads\/2017\/01\/timanfaya.jpg\"><img decoding=\"async\" loading=\"lazy\" class=\"alignleft wp-image-2706 size-medium\" src=\"http:\/\/volcanosurflanzarote.com\/wp-content\/uploads\/2017\/01\/timanfaya-300x200.jpg\" alt=\"national park timanfaya, lanzarote\" width=\"300\" height=\"200\" srcset=\"https:\/\/volcanosurflanzarote.com\/wp-content\/uploads\/2017\/01\/timanfaya-300x200.jpg 300w, https:\/\/volcanosurflanzarote.com\/wp-content\/uploads\/2017\/01\/timanfaya.jpg 600w\" sizes=\"(max-width: 300px) 100vw, 300px\" \/><\/a>Il est impossible de parler de Lanzarote sans mentionner le nom de Cesar Manrique. Ce grand peintre mondialement reconnu a transform\u00e9 cette \u00eele en un joyau \u00abartistiquenaturel \u00bb. Pr\u00e9curseur dans le domaine de l\u2019\u00e9cologie et la protection de l'environnement, Lanzarote est sans doute, l\u2019endroit respectant le plus et l'environnement et la culture canarienne, beaut\u00e9 des sites touristiques, propret\u00e9, respect de l\u2019architecture, 70% de l\u2019\u00eele en parc naturel prot\u00e9g\u00e9.<br \/>\nLe parc volcanique de <strong>Timanfaya<\/strong>, <strong>Mirador del Rio<\/strong>, <strong>Jameos del Agua, Cueva de los Verdes, Jardin de cactus<\/strong>, ces sites touristiques vous \u00e9blouirons pour ses caract\u00e9ristiques naturelles et la touche artistique tr\u00e8s sp\u00e9ciale du ma\u00eetre lanzarotien.<\/p>\n<\/div>\n","protected":false},"excerpt":{"rendered":"The Lanzarote Effect from Lea et Nicolas Features on Vimeo. &nbsp;","protected":false},"author":1,"featured_media":0,"parent":0,"menu_order":0,"comment_status":"closed","ping_status":"closed","template":"","meta":{"_themeisle_gutenberg_block_has_review":false},"yoast_head":"<!-- This site is optimized with the Yoast SEO plugin v18.4.1 - https:\/\/yoast.com\/wordpress\/plugins\/seo\/ -->\n<title>Il ya une vie apr\u00e8s le surf a Lanzarote Cesar Manrique Volcans surf<\/title>\n<meta name=\"description\" content=\"Le parc volcanique de Timanfaya, Mirador del Rio, Jameos del Agua, Cueva de los Verdes, Jardin de cactus, ces sites touristiques vous \u00e9blouirons\" \/>\n<meta name=\"robots\" content=\"index, follow, max-snippet:-1, max-image-preview:large, max-video-preview:-1\" \/>\n<link rel=\"canonical\" href=\"https:\/\/volcanosurflanzarote.com\/fr\/lanzarote\/\" \/>\n<meta property=\"og:locale\" content=\"fr_FR\" \/>\n<meta property=\"og:type\" content=\"article\" \/>\n<meta property=\"og:title\" content=\"Il ya une vie apr\u00e8s le surf a Lanzarote Cesar Manrique Volcans surf\" \/>\n<meta property=\"og:description\" content=\"Le parc volcanique de Timanfaya, Mirador del Rio, Jameos del Agua, Cueva de los Verdes, Jardin de cactus, ces sites touristiques vous \u00e9blouirons\" \/>\n<meta property=\"og:url\" content=\"https:\/\/volcanosurflanzarote.com\/fr\/lanzarote\/\" \/>\n<meta property=\"og:site_name\" content=\"Volcano Surf School Lanzarote\" \/>\n<meta property=\"article:publisher\" content=\"https:\/\/www.facebook.com\/Volcanosurf-Lanzarote-503974406430753\/?ref=br_rs\" \/>\n<meta property=\"article:modified_time\" content=\"2017-06-08T11:07:30+00:00\" \/>\n<meta property=\"og:image\" content=\"http:\/\/volcanosurflanzarote.com\/wp-content\/uploads\/2017\/01\/lanzarote_120x80cm.png\" \/>\n<meta name=\"twitter:card\" content=\"summary\" \/>\n<meta name=\"twitter:label1\" content=\"Dur\u00e9e de lecture estim\u00e9e\" \/>\n\t<meta name=\"twitter:data1\" content=\"2 minutes\" \/>\n<script type=\"application\/ld+json\" class=\"yoast-schema-graph\">{\"@context\":\"https:\/\/schema.org\",\"@graph\":[{\"@type\":\"Organization\",\"@id\":\"https:\/\/volcanosurflanzarote.com\/#organization\",\"name\":\"Volcano surf school Lanzarote\",\"url\":\"https:\/\/volcanosurflanzarote.com\/\",\"sameAs\":[\"https:\/\/www.facebook.com\/Volcanosurf-Lanzarote-503974406430753\/?ref=br_rs\"],\"logo\":{\"@type\":\"ImageObject\",\"@id\":\"https:\/\/volcanosurflanzarote.com\/#logo\",\"inLanguage\":\"fr-FR\",\"url\":\"http:\/\/volcanosurflanzarote.com\/wp-content\/uploads\/2017\/03\/logo_volcanosurflanzarote.jpg\",\"contentUrl\":\"http:\/\/volcanosurflanzarote.com\/wp-content\/uploads\/2017\/03\/logo_volcanosurflanzarote.jpg\",\"width\":968,\"height\":847,\"caption\":\"Volcano surf school Lanzarote\"},\"image\":{\"@id\":\"https:\/\/volcanosurflanzarote.com\/#logo\"}},{\"@type\":\"WebSite\",\"@id\":\"https:\/\/volcanosurflanzarote.com\/#website\",\"url\":\"https:\/\/volcanosurflanzarote.com\/\",\"name\":\"Volcano Surf School Lanzarote\",\"description\":\"Surf School in Lanzarote`s Surf Paradise\",\"publisher\":{\"@id\":\"https:\/\/volcanosurflanzarote.com\/#organization\"},\"potentialAction\":[{\"@type\":\"SearchAction\",\"target\":{\"@type\":\"EntryPoint\",\"urlTemplate\":\"https:\/\/volcanosurflanzarote.com\/?s={search_term_string}\"},\"query-input\":\"required name=search_term_string\"}],\"inLanguage\":\"fr-FR\"},{\"@type\":\"ImageObject\",\"@id\":\"https:\/\/volcanosurflanzarote.com\/fr\/lanzarote\/#primaryimage\",\"inLanguage\":\"fr-FR\",\"url\":\"https:\/\/volcanosurflanzarote.com\/wp-content\/uploads\/2017\/01\/lanzarote_120x80cm.png\",\"contentUrl\":\"https:\/\/volcanosurflanzarote.com\/wp-content\/uploads\/2017\/01\/lanzarote_120x80cm.png\",\"width\":3402,\"height\":2268},{\"@type\":\"WebPage\",\"@id\":\"https:\/\/volcanosurflanzarote.com\/fr\/lanzarote\/#webpage\",\"url\":\"https:\/\/volcanosurflanzarote.com\/fr\/lanzarote\/\",\"name\":\"Il ya une vie apr\u00e8s le surf a Lanzarote Cesar Manrique Volcans surf\",\"isPartOf\":{\"@id\":\"https:\/\/volcanosurflanzarote.com\/#website\"},\"primaryImageOfPage\":{\"@id\":\"https:\/\/volcanosurflanzarote.com\/fr\/lanzarote\/#primaryimage\"},\"datePublished\":\"2017-04-02T16:43:38+00:00\",\"dateModified\":\"2017-06-08T11:07:30+00:00\",\"description\":\"Le parc volcanique de Timanfaya, Mirador del Rio, Jameos del Agua, Cueva de los Verdes, Jardin de cactus, ces sites touristiques vous \u00e9blouirons\",\"breadcrumb\":{\"@id\":\"https:\/\/volcanosurflanzarote.com\/fr\/lanzarote\/#breadcrumb\"},\"inLanguage\":\"fr-FR\",\"potentialAction\":[{\"@type\":\"ReadAction\",\"target\":[\"https:\/\/volcanosurflanzarote.com\/fr\/lanzarote\/\"]}]},{\"@type\":\"BreadcrumbList\",\"@id\":\"https:\/\/volcanosurflanzarote.com\/fr\/lanzarote\/#breadcrumb\",\"itemListElement\":[{\"@type\":\"ListItem\",\"position\":1,\"name\":\"Home\",\"item\":\"https:\/\/volcanosurflanzarote.com\/fr\/\"},{\"@type\":\"ListItem\",\"position\":2,\"name\":\"Lanzarote\"}]}]}<\/script>\n<!-- \/ Yoast SEO plugin. -->","yoast_head_json":{"title":"Il ya une vie apr\u00e8s le surf a Lanzarote Cesar Manrique Volcans surf","description":"Le parc volcanique de Timanfaya, Mirador del Rio, Jameos del Agua, Cueva de los Verdes, Jardin de cactus, ces sites touristiques vous \u00e9blouirons","robots":{"index":"index","follow":"follow","max-snippet":"max-snippet:-1","max-image-preview":"max-image-preview:large","max-video-preview":"max-video-preview:-1"},"canonical":"https:\/\/volcanosurflanzarote.com\/fr\/lanzarote\/","og_locale":"fr_FR","og_type":"article","og_title":"Il ya une vie apr\u00e8s le surf a Lanzarote Cesar Manrique Volcans surf","og_description":"Le parc volcanique de Timanfaya, Mirador del Rio, Jameos del Agua, Cueva de los Verdes, Jardin de cactus, ces sites touristiques vous \u00e9blouirons","og_url":"https:\/\/volcanosurflanzarote.com\/fr\/lanzarote\/","og_site_name":"Volcano Surf School Lanzarote","article_publisher":"https:\/\/www.facebook.com\/Volcanosurf-Lanzarote-503974406430753\/?ref=br_rs","article_modified_time":"2017-06-08T11:07:30+00:00","og_image":[{"url":"http:\/\/volcanosurflanzarote.com\/wp-content\/uploads\/2017\/01\/lanzarote_120x80cm.png"}],"twitter_card":"summary","twitter_misc":{"Dur\u00e9e de lecture estim\u00e9e":"2 minutes"},"schema":{"@context":"https:\/\/schema.org","@graph":[{"@type":"Organization","@id":"https:\/\/volcanosurflanzarote.com\/#organization","name":"Volcano surf school Lanzarote","url":"https:\/\/volcanosurflanzarote.com\/","sameAs":["https:\/\/www.facebook.com\/Volcanosurf-Lanzarote-503974406430753\/?ref=br_rs"],"logo":{"@type":"ImageObject","@id":"https:\/\/volcanosurflanzarote.com\/#logo","inLanguage":"fr-FR","url":"http:\/\/volcanosurflanzarote.com\/wp-content\/uploads\/2017\/03\/logo_volcanosurflanzarote.jpg","contentUrl":"http:\/\/volcanosurflanzarote.com\/wp-content\/uploads\/2017\/03\/logo_volcanosurflanzarote.jpg","width":968,"height":847,"caption":"Volcano surf school Lanzarote"},"image":{"@id":"https:\/\/volcanosurflanzarote.com\/#logo"}},{"@type":"WebSite","@id":"https:\/\/volcanosurflanzarote.com\/#website","url":"https:\/\/volcanosurflanzarote.com\/","name":"Volcano Surf School Lanzarote","description":"Surf School in Lanzarote`s Surf Paradise","publisher":{"@id":"https:\/\/volcanosurflanzarote.com\/#organization"},"potentialAction":[{"@type":"SearchAction","target":{"@type":"EntryPoint","urlTemplate":"https:\/\/volcanosurflanzarote.com\/?s={search_term_string}"},"query-input":"required name=search_term_string"}],"inLanguage":"fr-FR"},{"@type":"ImageObject","@id":"https:\/\/volcanosurflanzarote.com\/fr\/lanzarote\/#primaryimage","inLanguage":"fr-FR","url":"https:\/\/volcanosurflanzarote.com\/wp-content\/uploads\/2017\/01\/lanzarote_120x80cm.png","contentUrl":"https:\/\/volcanosurflanzarote.com\/wp-content\/uploads\/2017\/01\/lanzarote_120x80cm.png","width":3402,"height":2268},{"@type":"WebPage","@id":"https:\/\/volcanosurflanzarote.com\/fr\/lanzarote\/#webpage","url":"https:\/\/volcanosurflanzarote.com\/fr\/lanzarote\/","name":"Il ya une vie apr\u00e8s le surf a Lanzarote Cesar Manrique Volcans surf","isPartOf":{"@id":"https:\/\/volcanosurflanzarote.com\/#website"},"primaryImageOfPage":{"@id":"https:\/\/volcanosurflanzarote.com\/fr\/lanzarote\/#primaryimage"},"datePublished":"2017-04-02T16:43:38+00:00","dateModified":"2017-06-08T11:07:30+00:00","description":"Le parc volcanique de Timanfaya, Mirador del Rio, Jameos del Agua, Cueva de los Verdes, Jardin de cactus, ces sites touristiques vous \u00e9blouirons","breadcrumb":{"@id":"https:\/\/volcanosurflanzarote.com\/fr\/lanzarote\/#breadcrumb"},"inLanguage":"fr-FR","potentialAction":[{"@type":"ReadAction","target":["https:\/\/volcanosurflanzarote.com\/fr\/lanzarote\/"]}]},{"@type":"BreadcrumbList","@id":"https:\/\/volcanosurflanzarote.com\/fr\/lanzarote\/#breadcrumb","itemListElement":[{"@type":"ListItem","position":1,"name":"Home","item":"https:\/\/volcanosurflanzarote.com\/fr\/"},{"@type":"ListItem","position":2,"name":"Lanzarote"}]}]}},"_links":{"self":[{"href":"https:\/\/volcanosurflanzarote.com\/fr\/wp-json\/wp\/v2\/pages\/3276"}],"collection":[{"href":"https:\/\/volcanosurflanzarote.com\/fr\/wp-json\/wp\/v2\/pages"}],"about":[{"href":"https:\/\/volcanosurflanzarote.com\/fr\/wp-json\/wp\/v2\/types\/page"}],"author":[{"embeddable":true,"href":"https:\/\/volcanosurflanzarote.com\/fr\/wp-json\/wp\/v2\/users\/1"}],"replies":[{"embeddable":true,"href":"https:\/\/volcanosurflanzarote.com\/fr\/wp-json\/wp\/v2\/comments?post=3276"}],"version-history":[{"count":5,"href":"https:\/\/volcanosurflanzarote.com\/fr\/wp-json\/wp\/v2\/pages\/3276\/revisions"}],"predecessor-version":[{"id":3281,"href":"https:\/\/volcanosurflanzarote.com\/fr\/wp-json\/wp\/v2\/pages\/3276\/revisions\/3281"}],"wp:attachment":[{"href":"https:\/\/volcanosurflanzarote.com\/fr\/wp-json\/wp\/v2\/media?parent=3276"}],"curies":[{"name":"wp","href":"https:\/\/api.w.org\/{rel}","templated":true}]}}