{"id":3253,"date":"2017-03-31T10:13:55","date_gmt":"2017-03-31T10:13:55","guid":{"rendered":"http:\/\/volcanosurflanzarote.com\/?page_id=3253\/"},"modified":"2017-06-26T11:35:36","modified_gmt":"2017-06-26T11:35:36","slug":"home","status":"publish","type":"page","link":"https:\/\/volcanosurflanzarote.com\/fr\/","title":{"rendered":"Home"},"content":{"rendered":"<div class=\"row \">\n<div class=\"span12 \"><section class=\"lazy-load-box trigger effect-slidetop \" data-delay=\"0\" data-speed=\"600\" style=\"-webkit-transition: all 600ms ease; -moz-transition: all 600ms ease; -ms-transition: all 600ms ease; -o-transition: all 600ms ease; transition: all 600ms ease;\">\n<p>&nbsp;<\/p>\n<\/section><\/div>\n<div class=\"span3 \"><section class=\"lazy-load-box trigger effect-slidetop \" data-delay=\"0\" data-speed=\"600\" style=\"-webkit-transition: all 600ms ease; -moz-transition: all 600ms ease; -ms-transition: all 600ms ease; -o-transition: all 600ms ease; transition: all 600ms ease;\">\n<div class=\"banner-wrap banner-home\"><h5>Volcano Surf school<\/h5><figure class=\"featured-thumbnail\"><a href=\"http:\/\/volcanosurflanzarote.com\/fr\/propos-de-nous\/\" title=\"Volcano Surf school\"><img src=\"https:\/\/volcanosurflanzarote.com\/wp-content\/uploads\/2011\/09\/home1-1.jpg\" title=\"Volcano Surf school\" alt=\"\" \/><\/a><\/figure><p>Bienvenue \u00e0 l'\u00e9cole Volcano Surf! Notre \u00e9cole fran\u00e7aise de surf est situ\u00e9e dans la station baln\u00e9aire ensoleill\u00e9e de Costa Teguise, Lanzarote.<\/p><div class=\"link-align\"><a href=\"http:\/\/volcanosurflanzarote.com\/fr\/propos-de-nous\/\" title=\"plus\" class=\"btn btn-link\" target=\"_self\">plus<\/a><\/div><\/div><!-- .banner-wrap (end) -->\n<div class=\"banner-wrap \"><\/div><!-- .banner-wrap (end) -->\n<\/section><\/div>\n<div class=\"span3 \"><section class=\"lazy-load-box trigger effect-slidetop \" data-delay=\"200\" data-speed=\"600\" style=\"-webkit-transition: all 600ms ease; -moz-transition: all 600ms ease; -ms-transition: all 600ms ease; -o-transition: all 600ms ease; transition: all 600ms ease;\">\n<div class=\"banner-wrap banner-home\"><h5>Cours de<br \/>\nsurf<\/h5><figure class=\"featured-thumbnail\"><a href=\"http:\/\/volcanosurflanzarote.com\/fr\/cours-de-surf\" title=\"Cours de<br \/>\nsurf\"><img src=\"https:\/\/volcanosurflanzarote.com\/wp-content\/uploads\/2017\/01\/Foto-Lessons-and-courses.jpg\" title=\"Cours de<br \/>\nsurf\" alt=\"\" \/><\/a><\/figure><p>Nous offrons un large \u00e9ventail de cours de surf, quelque soit votre niveau, d\u00e9butants et avanc\u00e9s peuvent am\u00e9liorer leurs comp\u00e9tences.<\/p><div class=\"link-align\"><a href=\"http:\/\/volcanosurflanzarote.com\/fr\/cours-de-surf\" title=\"plus\" class=\"btn btn-link\" target=\"_self\">plus<\/a><\/div><\/div><!-- .banner-wrap (end) -->\n<\/section><\/div>\n<div class=\"span3 \"><section class=\"lazy-load-box trigger effect-slidetop \" data-delay=\"400\" data-speed=\"600\" style=\"-webkit-transition: all 600ms ease; -moz-transition: all 600ms ease; -ms-transition: all 600ms ease; -o-transition: all 600ms ease; transition: all 600ms ease;\">\n<div class=\"banner-wrap banner-home\"><h5>Ecole de Surf<br \/>\nPhotos<\/h5><figure class=\"featured-thumbnail\"><a href=\"http:\/\/volcanosurflanzarote.com\/fr\/galerie\/\" title=\"Ecole de Surf<br \/>\nPhotos\"><img src=\"https:\/\/volcanosurflanzarote.com\/wp-content\/uploads\/2016\/03\/volcanosurf-gallery.jpg\" title=\"Ecole de Surf<br \/>\nPhotos\" alt=\"\" \/><\/a><\/figure><p>Visiter notre galerie pour vous faire une id\u00e9e de nos cours de surf et des spots de l'\u00eele de Lanzarote. <\/p><div class=\"link-align\"><a href=\"http:\/\/volcanosurflanzarote.com\/fr\/galerie\/\" title=\"More\" class=\"btn btn-link\" target=\"_self\">More<\/a><\/div><\/div><!-- .banner-wrap (end) -->\n<\/section><\/div>\n<div class=\"span3 \"><section class=\"lazy-load-box trigger effect-slidetop \" data-delay=\"600\" data-speed=\"600\" style=\"-webkit-transition: all 600ms ease; -moz-transition: all 600ms ease; -ms-transition: all 600ms ease; -o-transition: all 600ms ease; transition: all 600ms ease;\">\n<div class=\"banner-wrap banner-home\"><h5>Discover other<br \/>\nWatersports<\/h5><figure class=\"featured-thumbnail\"><a href=\"http:\/\/volcanosurflanzarote.com\/fr\/watersports-center\/\" title=\"Discover other<br \/>\nWatersports\"><img src=\"https:\/\/volcanosurflanzarote.com\/wp-content\/uploads\/2017\/03\/watersport-lanzarote-1.jpg\" title=\"Discover other<br \/>\nWatersports\" alt=\"\" \/><\/a><\/figure><p>Visitez notre Watersports center et essayez Kayak, SUP, catamaran, pirogue hawaiienne et beaucoup d'autres activit\u00e9s nautiques ...<\/p><div class=\"link-align\"><a href=\"http:\/\/volcanosurflanzarote.com\/fr\/watersports-center\/\" title=\"plus\" class=\"btn btn-link\" target=\"_self\">plus<\/a><\/div><\/div><!-- .banner-wrap (end) -->\n<\/section><\/div>\n<\/div><!-- .row (end) -->\n<div class=\"row \">\n<p>&nbsp;<\/p>\n<div class=\"span6 \"><section class=\"lazy-load-box trigger effect-slidetop \" data-delay=\"0\" data-speed=\"600\" style=\"-webkit-transition: all 600ms ease; -moz-transition: all 600ms ease; -ms-transition: all 600ms ease; -o-transition: all 600ms ease; transition: all 600ms ease;\">\n<div class=\"well normal\"> <div class=\"title-box clearfix \"><h2 class=\"title-box_primary\">Bienvenue...<\/h2><h3 class=\"title-box_secondary\">\u00e9cole de surf Fran\u00e7aise<\/h3><\/div><!-- \/\/.title-box --><span style=\"color: #333333;\"><strong><a href=\"http:\/\/volcanosurflanzarote.com\/wp-content\/uploads\/2011\/09\/volcanoSurfSChool.jpg\"><img decoding=\"async\" loading=\"lazy\" class=\"alignleft size-medium wp-image-2905\" src=\"http:\/\/volcanosurflanzarote.com\/wp-content\/uploads\/2011\/09\/volcanoSurfSChool-300x219.jpg\" alt=\"Volcano surf school\" width=\"300\" height=\"219\" srcset=\"https:\/\/volcanosurflanzarote.com\/wp-content\/uploads\/2011\/09\/volcanoSurfSChool-300x219.jpg 300w, https:\/\/volcanosurflanzarote.com\/wp-content\/uploads\/2011\/09\/volcanoSurfSChool.jpg 510w\" sizes=\"(max-width: 300px) 100vw, 300px\" \/><\/a><\/strong><\/span><\/p>\n<p><span style=\"color: #808080;\"><strong>Volcano Surf School<\/strong>\u00a0<\/span><span id=\"result_box\" class=\"\" lang=\"fr\" tabindex=\"-1\"><span style=\"color: #808080;\"><span title=\"Volcano Surf School is a surf school based in the resort of Costa Teguise, Lanzarote.\"> est une \u00e9cole de surf fran\u00e7aise bas\u00e9e \u00e0 Costa Teguise, Lanzarote. <\/span><span title=\"The conditions for surfing in Lanzarote are ideal all year round.\">Les conditions de surf \u00e0 <a href=\"http:\/\/volcanosurflanzarote.com\/fr\/lanzarote\/\">Lanzarote <\/a>sont id\u00e9ales toute l'ann\u00e9e. <\/span><span title=\"so you can enjoy surfing holidays at any time of the year. \">Afin que vous puissiez profiter de ces belles vagues \u00a0tout au long\u00a0de l'ann\u00e9e.<br \/>\n<\/span><span title=\"Our aim is to offer you an amazing time surfing in different surf spots like Famara, Arrieta and other places on the island.\">Notre objectif est de vous offrir un moment\u00a0incroyable en surfant sur\u00a0diff\u00e9rents spots de surf comme Famara, Arrieta et d'autres endroits sur l'\u00eele. <\/span><span title=\"Surfing is more than just a sport.\">Le surf est plus qu'un simple sport. Prendre<\/span><span title=\"Catching waves is a feeling that we want you to share with us.\">\u00a0des vagues est une sensation\u00a0que nous\u00a0voulons vous faire partager. <\/span><span title=\"Lanzarote has a long surfing history and is an amazing surfing Spot.\"><a href=\"http:\/\/fr\/lanzarote\">Lanzarote <\/a>a une longue histoire \u00a0surf et c'est un spot de surf incroyable. <\/span><span title=\"Famara for instance, with its' long white sandy beach is an amazing place to take the first surfing lesson.\">Famara avec sa \u00ablongue plage de sable blanc est un endroit incroyable\u00a0pour une premi\u00e8re exp\u00e9rience\u00a0surf. <\/span><span title=\"Please have a look at our surf lessons to get more information about surf courses, prices and rental of surf material.The beautiful volcanic island of Lanzarote just offers amazing windsurf and surfing conditions for all levels, whether beginners, intermediate or advanced.\">Regardez nos le\u00e7ons de surf pour obtenir plus d'informations sur les <a href=\"http:\/\/volcanosurflanzarote.com\/fr\/cours-de-surf\/\">cours de surf<\/a>, les prix et la location de mat\u00e9riel. La magnifique \u00eele volcanique de Lanzarote offre des conditions de surf \u00a0 incroyables pour tous les niveaux, qu'il s'agisse de d\u00e9butants, interm\u00e9diaires ou avanc\u00e9s. <\/span><span title=\"And with our highly motivated, professional and experienced team of surf instructors we guarantee everybody amazing surfing in a really good atmosphere.\">Et avec notre \u00e9quipe d'instructeurs de surf hautement motiv\u00e9e, professionnelle et exp\u00e9riment\u00e9e, nous \u00a0vous garantissons \u00a0un surf incroyable dans une atmosph\u00e8re conviviale. <\/span><span title=\"Come and join us in order to share the feeling of surfing with us!\">Venez nous rejoindre afin de partager cette sensation\u00a0avec nous! <\/span><span title=\"Ahola!\">Ahola! <\/span><\/span><span title=\"We hope to welcome you soon in at volcano surf lanzarote.\"><span style=\"color: #808080;\">Nous esp\u00e9rons vous accueillir bient\u00f4t au volcano surf lanzarote.<\/span><\/div><\/span><\/span><br \/>\n<\/section>\n<a href=\"http:\/\/volcanosurflanzarote.com\/fr\/cours-et-location\/\" title=\"plus\" class=\"btn btn-default btn-normal btn-inline \" target=\"_self\">plus<\/a><!-- .btn --><\/div>\n<div class=\"span6 \"><p><iframe loading=\"lazy\" src=\"https:\/\/player.vimeo.com\/video\/72808070\" width=\"700\" height=\"600\" frameborder=\"0\" allowfullscreen=\"allowfullscreen\" data-mce-fragment=\"1\"><\/iframe><\/p><\/div>\n<\/div><!-- .row (end) -->\n","protected":false},"excerpt":{"rendered":"","protected":false},"author":1,"featured_media":0,"parent":0,"menu_order":0,"comment_status":"open","ping_status":"closed","template":"page-home.php","meta":{"_themeisle_gutenberg_block_has_review":false},"yoast_head":"<!-- This site is optimized with the Yoast SEO plugin v18.4.1 - https:\/\/yoast.com\/wordpress\/plugins\/seo\/ -->\n<title>Volcanosurf Lanzarote \u00e9cole fran\u00e7aise vagues Famara cours de surf tous niveaux surfcamps glisse fun<\/title>\n<meta name=\"description\" content=\"Volcanosurf Lanzarote est une \u00e9cole fran\u00e7aise de surf bas\u00e9e a Costa Teguise, cours a Famara, tous les niveaux, des vagues incroyables, des moniteurs agr\u00e9es\" \/>\n<meta name=\"robots\" content=\"index, follow, max-snippet:-1, max-image-preview:large, max-video-preview:-1\" \/>\n<link rel=\"canonical\" href=\"https:\/\/volcanosurflanzarote.com\/fr\/\" \/>\n<meta property=\"og:locale\" content=\"fr_FR\" \/>\n<meta property=\"og:type\" content=\"article\" \/>\n<meta property=\"og:title\" content=\"Volcanosurf Lanzarote \u00e9cole fran\u00e7aise vagues Famara cours de surf tous niveaux surfcamps glisse fun\" \/>\n<meta property=\"og:description\" content=\"Volcanosurf Lanzarote est une \u00e9cole fran\u00e7aise de surf bas\u00e9e a Costa Teguise, cours a Famara, tous les niveaux, des vagues incroyables, des moniteurs agr\u00e9es\" \/>\n<meta property=\"og:url\" content=\"https:\/\/volcanosurflanzarote.com\/fr\/\" \/>\n<meta property=\"og:site_name\" content=\"Volcano Surf School Lanzarote\" \/>\n<meta property=\"article:publisher\" content=\"https:\/\/www.facebook.com\/Volcanosurf-Lanzarote-503974406430753\/?ref=br_rs\" \/>\n<meta property=\"article:modified_time\" content=\"2017-06-26T11:35:36+00:00\" \/>\n<meta property=\"og:image\" content=\"http:\/\/volcanosurflanzarote.com\/wp-content\/uploads\/2011\/09\/volcanoSurfSChool-300x219.jpg\" \/>\n<meta name=\"twitter:card\" content=\"summary\" \/>\n<meta name=\"twitter:label1\" content=\"Dur\u00e9e de lecture estim\u00e9e\" \/>\n\t<meta name=\"twitter:data1\" content=\"3 minutes\" \/>\n<script type=\"application\/ld+json\" class=\"yoast-schema-graph\">{\"@context\":\"https:\/\/schema.org\",\"@graph\":[{\"@type\":\"Organization\",\"@id\":\"https:\/\/volcanosurflanzarote.com\/#organization\",\"name\":\"Volcano surf school Lanzarote\",\"url\":\"https:\/\/volcanosurflanzarote.com\/\",\"sameAs\":[\"https:\/\/www.facebook.com\/Volcanosurf-Lanzarote-503974406430753\/?ref=br_rs\"],\"logo\":{\"@type\":\"ImageObject\",\"@id\":\"https:\/\/volcanosurflanzarote.com\/#logo\",\"inLanguage\":\"fr-FR\",\"url\":\"http:\/\/volcanosurflanzarote.com\/wp-content\/uploads\/2017\/03\/logo_volcanosurflanzarote.jpg\",\"contentUrl\":\"http:\/\/volcanosurflanzarote.com\/wp-content\/uploads\/2017\/03\/logo_volcanosurflanzarote.jpg\",\"width\":968,\"height\":847,\"caption\":\"Volcano surf school Lanzarote\"},\"image\":{\"@id\":\"https:\/\/volcanosurflanzarote.com\/#logo\"}},{\"@type\":\"WebSite\",\"@id\":\"https:\/\/volcanosurflanzarote.com\/#website\",\"url\":\"https:\/\/volcanosurflanzarote.com\/\",\"name\":\"Volcano Surf School Lanzarote\",\"description\":\"Surf School in Lanzarote`s Surf Paradise\",\"publisher\":{\"@id\":\"https:\/\/volcanosurflanzarote.com\/#organization\"},\"potentialAction\":[{\"@type\":\"SearchAction\",\"target\":{\"@type\":\"EntryPoint\",\"urlTemplate\":\"https:\/\/volcanosurflanzarote.com\/?s={search_term_string}\"},\"query-input\":\"required name=search_term_string\"}],\"inLanguage\":\"fr-FR\"},{\"@type\":\"ImageObject\",\"@id\":\"https:\/\/volcanosurflanzarote.com\/fr\/#primaryimage\",\"inLanguage\":\"fr-FR\",\"url\":\"https:\/\/volcanosurflanzarote.com\/wp-content\/uploads\/2011\/09\/volcanoSurfSChool.jpg\",\"contentUrl\":\"https:\/\/volcanosurflanzarote.com\/wp-content\/uploads\/2011\/09\/volcanoSurfSChool.jpg\",\"width\":510,\"height\":373,\"caption\":\"Volcano surf school\"},{\"@type\":\"WebPage\",\"@id\":\"https:\/\/volcanosurflanzarote.com\/fr\/#webpage\",\"url\":\"https:\/\/volcanosurflanzarote.com\/fr\/\",\"name\":\"Volcanosurf Lanzarote \u00e9cole fran\u00e7aise vagues Famara cours de surf tous niveaux surfcamps glisse fun\",\"isPartOf\":{\"@id\":\"https:\/\/volcanosurflanzarote.com\/#website\"},\"primaryImageOfPage\":{\"@id\":\"https:\/\/volcanosurflanzarote.com\/fr\/#primaryimage\"},\"datePublished\":\"2017-03-31T10:13:55+00:00\",\"dateModified\":\"2017-06-26T11:35:36+00:00\",\"description\":\"Volcanosurf Lanzarote est une \u00e9cole fran\u00e7aise de surf bas\u00e9e a Costa Teguise, cours a Famara, tous les niveaux, des vagues incroyables, des moniteurs agr\u00e9es\",\"breadcrumb\":{\"@id\":\"https:\/\/volcanosurflanzarote.com\/fr\/#breadcrumb\"},\"inLanguage\":\"fr-FR\",\"potentialAction\":[{\"@type\":\"ReadAction\",\"target\":[\"https:\/\/volcanosurflanzarote.com\/fr\/\"]}]},{\"@type\":\"BreadcrumbList\",\"@id\":\"https:\/\/volcanosurflanzarote.com\/fr\/#breadcrumb\",\"itemListElement\":[{\"@type\":\"ListItem\",\"position\":1,\"name\":\"Home\",\"item\":\"https:\/\/volcanosurflanzarote.com\/fr\/\"},{\"@type\":\"ListItem\",\"position\":2,\"name\":\"Home\"}]}]}<\/script>\n<!-- \/ Yoast SEO plugin. -->","yoast_head_json":{"title":"Volcanosurf Lanzarote \u00e9cole fran\u00e7aise vagues Famara cours de surf tous niveaux surfcamps glisse fun","description":"Volcanosurf Lanzarote est une \u00e9cole fran\u00e7aise de surf bas\u00e9e a Costa Teguise, cours a Famara, tous les niveaux, des vagues incroyables, des moniteurs agr\u00e9es","robots":{"index":"index","follow":"follow","max-snippet":"max-snippet:-1","max-image-preview":"max-image-preview:large","max-video-preview":"max-video-preview:-1"},"canonical":"https:\/\/volcanosurflanzarote.com\/fr\/","og_locale":"fr_FR","og_type":"article","og_title":"Volcanosurf Lanzarote \u00e9cole fran\u00e7aise vagues Famara cours de surf tous niveaux surfcamps glisse fun","og_description":"Volcanosurf Lanzarote est une \u00e9cole fran\u00e7aise de surf bas\u00e9e a Costa Teguise, cours a Famara, tous les niveaux, des vagues incroyables, des moniteurs agr\u00e9es","og_url":"https:\/\/volcanosurflanzarote.com\/fr\/","og_site_name":"Volcano Surf School Lanzarote","article_publisher":"https:\/\/www.facebook.com\/Volcanosurf-Lanzarote-503974406430753\/?ref=br_rs","article_modified_time":"2017-06-26T11:35:36+00:00","og_image":[{"url":"http:\/\/volcanosurflanzarote.com\/wp-content\/uploads\/2011\/09\/volcanoSurfSChool-300x219.jpg"}],"twitter_card":"summary","twitter_misc":{"Dur\u00e9e de lecture estim\u00e9e":"3 minutes"},"schema":{"@context":"https:\/\/schema.org","@graph":[{"@type":"Organization","@id":"https:\/\/volcanosurflanzarote.com\/#organization","name":"Volcano surf school Lanzarote","url":"https:\/\/volcanosurflanzarote.com\/","sameAs":["https:\/\/www.facebook.com\/Volcanosurf-Lanzarote-503974406430753\/?ref=br_rs"],"logo":{"@type":"ImageObject","@id":"https:\/\/volcanosurflanzarote.com\/#logo","inLanguage":"fr-FR","url":"http:\/\/volcanosurflanzarote.com\/wp-content\/uploads\/2017\/03\/logo_volcanosurflanzarote.jpg","contentUrl":"http:\/\/volcanosurflanzarote.com\/wp-content\/uploads\/2017\/03\/logo_volcanosurflanzarote.jpg","width":968,"height":847,"caption":"Volcano surf school Lanzarote"},"image":{"@id":"https:\/\/volcanosurflanzarote.com\/#logo"}},{"@type":"WebSite","@id":"https:\/\/volcanosurflanzarote.com\/#website","url":"https:\/\/volcanosurflanzarote.com\/","name":"Volcano Surf School Lanzarote","description":"Surf School in Lanzarote`s Surf Paradise","publisher":{"@id":"https:\/\/volcanosurflanzarote.com\/#organization"},"potentialAction":[{"@type":"SearchAction","target":{"@type":"EntryPoint","urlTemplate":"https:\/\/volcanosurflanzarote.com\/?s={search_term_string}"},"query-input":"required name=search_term_string"}],"inLanguage":"fr-FR"},{"@type":"ImageObject","@id":"https:\/\/volcanosurflanzarote.com\/fr\/#primaryimage","inLanguage":"fr-FR","url":"https:\/\/volcanosurflanzarote.com\/wp-content\/uploads\/2011\/09\/volcanoSurfSChool.jpg","contentUrl":"https:\/\/volcanosurflanzarote.com\/wp-content\/uploads\/2011\/09\/volcanoSurfSChool.jpg","width":510,"height":373,"caption":"Volcano surf school"},{"@type":"WebPage","@id":"https:\/\/volcanosurflanzarote.com\/fr\/#webpage","url":"https:\/\/volcanosurflanzarote.com\/fr\/","name":"Volcanosurf Lanzarote \u00e9cole fran\u00e7aise vagues Famara cours de surf tous niveaux surfcamps glisse fun","isPartOf":{"@id":"https:\/\/volcanosurflanzarote.com\/#website"},"primaryImageOfPage":{"@id":"https:\/\/volcanosurflanzarote.com\/fr\/#primaryimage"},"datePublished":"2017-03-31T10:13:55+00:00","dateModified":"2017-06-26T11:35:36+00:00","description":"Volcanosurf Lanzarote est une \u00e9cole fran\u00e7aise de surf bas\u00e9e a Costa Teguise, cours a Famara, tous les niveaux, des vagues incroyables, des moniteurs agr\u00e9es","breadcrumb":{"@id":"https:\/\/volcanosurflanzarote.com\/fr\/#breadcrumb"},"inLanguage":"fr-FR","potentialAction":[{"@type":"ReadAction","target":["https:\/\/volcanosurflanzarote.com\/fr\/"]}]},{"@type":"BreadcrumbList","@id":"https:\/\/volcanosurflanzarote.com\/fr\/#breadcrumb","itemListElement":[{"@type":"ListItem","position":1,"name":"Home","item":"https:\/\/volcanosurflanzarote.com\/fr\/"},{"@type":"ListItem","position":2,"name":"Home"}]}]}},"_links":{"self":[{"href":"https:\/\/volcanosurflanzarote.com\/fr\/wp-json\/wp\/v2\/pages\/3253"}],"collection":[{"href":"https:\/\/volcanosurflanzarote.com\/fr\/wp-json\/wp\/v2\/pages"}],"about":[{"href":"https:\/\/volcanosurflanzarote.com\/fr\/wp-json\/wp\/v2\/types\/page"}],"author":[{"embeddable":true,"href":"https:\/\/volcanosurflanzarote.com\/fr\/wp-json\/wp\/v2\/users\/1"}],"replies":[{"embeddable":true,"href":"https:\/\/volcanosurflanzarote.com\/fr\/wp-json\/wp\/v2\/comments?post=3253"}],"version-history":[{"count":35,"href":"https:\/\/volcanosurflanzarote.com\/fr\/wp-json\/wp\/v2\/pages\/3253\/revisions"}],"predecessor-version":[{"id":3545,"href":"https:\/\/volcanosurflanzarote.com\/fr\/wp-json\/wp\/v2\/pages\/3253\/revisions\/3545"}],"wp:attachment":[{"href":"https:\/\/volcanosurflanzarote.com\/fr\/wp-json\/wp\/v2\/media?parent=3253"}],"curies":[{"name":"wp","href":"https:\/\/api.w.org\/{rel}","templated":true}]}}