{"id":3179,"date":"2017-03-27T11:02:30","date_gmt":"2017-03-27T11:02:30","guid":{"rendered":"http:\/\/volcanosurflanzarote.com\/?page_id=3179\/"},"modified":"2017-06-12T10:49:26","modified_gmt":"2017-06-12T10:49:26","slug":"nosotros","status":"publish","type":"page","link":"https:\/\/volcanosurflanzarote.com\/es\/nosotros\/","title":{"rendered":"nosotros"},"content":{"rendered":"<div class=\"well normal\">\n<h1><span style=\"color: #999999;\">Bienvenidoal paraiso del Surf!<\/span><\/h1>\n<\/div>\n<div class=\"well normal\">\n<a href=\"http:\/\/volcanosurflanzarote.com\/wp-content\/uploads\/2011\/07\/SurfingFamara.jpg\" rel=\"attachment wp-att-2197\"><img decoding=\"async\" loading=\"lazy\" class=\"alignleft wp-image-2197\" src=\"http:\/\/volcanosurflanzarote.com\/wp-content\/uploads\/2011\/07\/SurfingFamara-300x189.jpg\" alt=\"surfing-famara\" width=\"314\" height=\"198\" srcset=\"https:\/\/volcanosurflanzarote.com\/wp-content\/uploads\/2011\/07\/SurfingFamara-300x189.jpg 300w, https:\/\/volcanosurflanzarote.com\/wp-content\/uploads\/2011\/07\/SurfingFamara.jpg 704w\" sizes=\"(max-width: 314px) 100vw, 314px\" \/><\/a><\/p>\n<h4>Volcano surf school...<\/h4>\n<p>Somos una escuela de surf en <strong>Lanzarote, Costa Teguise.<\/strong> Esta bella isla volc\u00e1nica ofrece condiciones espectaculares de surf durante todo el a\u00f1o para todos los niveles. Para principiantes como de nivel medio y avanzado. Nuestro equipo de instructores\u00a0 profesional y muy motivado garantiza con su experiencia sesiones\/clases de surf fenomenales. Todo en un buen ambiente amistoso.<\/p>\n<\/div>\n<div class=\"well normal\">\n<h4><strong><a href=\"http:\/\/volcanosurflanzarote.com\/wp-content\/uploads\/2016\/04\/stretchingfamara.jpg\" rel=\"attachment wp-att-2222\"><img decoding=\"async\" loading=\"lazy\" class=\"alignleft wp-image-2222\" src=\"http:\/\/volcanosurflanzarote.com\/wp-content\/uploads\/2016\/04\/stretchingfamara-300x189.jpg\" alt=\"stretching in famara\" width=\"308\" height=\"194\" srcset=\"https:\/\/volcanosurflanzarote.com\/wp-content\/uploads\/2016\/04\/stretchingfamara-300x189.jpg 300w, https:\/\/volcanosurflanzarote.com\/wp-content\/uploads\/2016\/04\/stretchingfamara.jpg 704w\" sizes=\"(max-width: 308px) 100vw, 308px\" \/><\/a><\/strong><span style=\"color: #000000;\">Surfear es mas que practicar un deporte,<\/span><\/h4>\n<p><strong><span style=\"color: #808080;\">m\u00e1s que aprender a ponerse de pie sobre la tabla. Surfear es una filosof\u00eda que puedes descubrir con nosotros. <\/span><\/strong><\/p>\n<p><span style=\"color: #808080;\">La filosof\u00eda de nuestra escuela de surf es de dar a nuestros clientes ayuda profesional de alta calidad. Individual, para que todos, tambi\u00e9n familias y ni\u00f1os, pasen un buen rato con toda seguridad con nosotros. Cada d\u00eda el instructor elegir\u00e1 la playa al nivel de los alumnos considerando las condiciones del tiempo y de las olas para el surftrip (excursi\u00f3n). Este supone el transporte, el equipo y la instrucci\u00f3n. La excursi\u00f3n de un d\u00eda ofrece tambi\u00e9n un picnic.<\/span><\/p>\n<p><span style=\"color: #808080;\"><\/div><\/span><\/p>\n<div class=\"well normal\">\n<a href=\"http:\/\/volcanosurflanzarote.com\/wp-content\/uploads\/2016\/04\/volcanosurf-31-of-35.jpg\" rel=\"attachment wp-att-2223\"><img decoding=\"async\" loading=\"lazy\" class=\"alignleft wp-image-2223\" src=\"http:\/\/volcanosurflanzarote.com\/wp-content\/uploads\/2016\/04\/volcanosurf-31-of-35-300x200.jpg\" alt=\"sonja surfing with volcano surf\" width=\"295\" height=\"194\" \/><\/a><\/p>\n<h4><span style=\"color: #000000;\">Porque <span style=\"color: #ff9900;\">Volcano Surf School<\/span><br \/>\ny no a otra escuela?<\/span><\/h4>\n<p>Porque nuestro inter\u00e9s est\u00e1 en que cada persona que quiera surfear con nosotros aprenda o mejore las t\u00e9cnicas del surf, entendi\u00e9ndolas y luego aplic\u00e1ndolas.<\/p>\n<p>&nbsp;<\/p>\n<\/div>\n<p><a href=\"http:\/\/volcanosurflanzarote.com\/wp-content\/uploads\/2011\/07\/VolcanoSurf-AboutusBanner.jpg\" rel=\"attachment wp-att-2234\"><img decoding=\"async\" loading=\"lazy\" class=\"alignleft wp-image-2234 size-full\" src=\"http:\/\/volcanosurflanzarote.com\/wp-content\/uploads\/2011\/07\/VolcanoSurf-AboutusBanner.jpg\" alt=\"surfing lessons with volcano surf lanzarote\" width=\"1562\" height=\"413\" srcset=\"https:\/\/volcanosurflanzarote.com\/wp-content\/uploads\/2011\/07\/VolcanoSurf-AboutusBanner.jpg 1562w, https:\/\/volcanosurflanzarote.com\/wp-content\/uploads\/2011\/07\/VolcanoSurf-AboutusBanner-300x79.jpg 300w, https:\/\/volcanosurflanzarote.com\/wp-content\/uploads\/2011\/07\/VolcanoSurf-AboutusBanner-768x203.jpg 768w, https:\/\/volcanosurflanzarote.com\/wp-content\/uploads\/2011\/07\/VolcanoSurf-AboutusBanner-1024x271.jpg 1024w\" sizes=\"(max-width: 1562px) 100vw, 1562px\" \/><\/a><br \/>\n<div class=\"well normal\">\n<h4><\/h4>\n<h4>Nuestros instrucotres de surf...<\/h4>\n<p>... tienen el salvavidas LIFEGUARD RESCUE DIPLOMA. Nuestros grupos son peque\u00f1os para garantizar una atenci\u00f3n m\u00e1s individual. un instructor nuestro con un m\u00e1ximo de 8 alumnos.<br \/>\nNuestros instructores te llevar\u00e1n al mejor spot (sitio) de la isla dependiendo de las condiciones del d\u00eda. La diferencia con otros centros de surf es que cambiamos el sitio de surf para estar ah\u00ed donde est\u00e1 mejor! Nuestros monitores estar\u00e1n contigo en el agua, a tu lado para coger la primera ola y te dar\u00e1n ayudas detalladas durante el descanso en la playa o tomando un caf\u00e9 despu\u00e9s de la excursi\u00f3n.<\/p>\n<p>Queremos de verdad que tengas una experiencia inolvidable. Que sigas surfeando despu\u00e9s de haber terminado el curso con nosotros.<\/p>\n<p>Otro aspecto positivo de nuestra escuela es que est\u00e1 directamente al lado de la playa bonita \u201cLas Cucharas\u201d en Costa Teguise.<br \/>\nEn esta zona de deportes ( lugar donde tamb\u00e9n se organizan competiciones mundiales) encontrar\u00e1s el \u00ab\u00a0Windsurfing Club la Cucharas\u00a0\u00bb, la escuela m\u00e1s grande de windsurf en Lanzarote. A los que practican los dos deportes, les ofrecemos la oportunidad de surfear por la ma\u00f1ana y windsurfear por la tarde.<\/p>\n<p>En la zona de la Playa Las Cucharas encuentras tambi\u00e9n un centro de buceo, de senderismo y alquiler de bicicletas. Se puede decir que nuestro centro est\u00e1 en un \u00ab\u00a0spot\u00a0\u00bb ideal para poder combinar varios deportes\u00a0!<\/p>\n<p>Esperamos verte pronto aqu\u00ed en nuestra escuela de surf, vis\u00edtanos y si es solo para recoger informaciones sobre el surf en la isla o para hacer nuevas amistades\u00a0!<br \/>\n<\/div>\n<div class=\"hero-unit \"><h1>Esperemos verte pronto en nuestra escuela de surf !!<\/h1><\/div><!-- .hero-unit (end) -->\n<a href=\"http:\/\/volcanosurflanzarote.com\/es\/contacto\/\" title=\"Contacta con nosotros!\" class=\"btn btn-default btn-normal btn-inline \" target=\"_self\">Contacta con nosotros!<\/a><!-- .btn -->\n<p>&nbsp;<\/p>\n","protected":false},"excerpt":{"rendered":"&nbsp;","protected":false},"author":1,"featured_media":0,"parent":0,"menu_order":1,"comment_status":"open","ping_status":"closed","template":"","meta":{"_themeisle_gutenberg_block_has_review":false},"yoast_head":"<!-- This site is optimized with the Yoast SEO plugin v18.4.1 - https:\/\/yoast.com\/wordpress\/plugins\/seo\/ -->\n<title>Volcano Surf School Lanzarote - Escuela de Surf en Costa Teugise<\/title>\n<meta name=\"description\" content=\"Somos una escuela de Surf en Lanzarote, Costa Teguise. Ofrecemos diferentes cursos de Surf cada d\u00eda en sitios como Famara y otros sitios de la isla.\" \/>\n<meta name=\"robots\" content=\"index, follow, max-snippet:-1, max-image-preview:large, max-video-preview:-1\" \/>\n<link rel=\"canonical\" href=\"https:\/\/volcanosurflanzarote.com\/es\/nosotros\/\" \/>\n<meta property=\"og:locale\" content=\"es_ES\" \/>\n<meta property=\"og:type\" content=\"article\" \/>\n<meta property=\"og:title\" content=\"Volcano Surf School Lanzarote - Escuela de Surf en Costa Teugise\" \/>\n<meta property=\"og:description\" content=\"Somos una escuela de Surf en Lanzarote, Costa Teguise. Ofrecemos diferentes cursos de Surf cada d\u00eda en sitios como Famara y otros sitios de la isla.\" \/>\n<meta property=\"og:url\" content=\"https:\/\/volcanosurflanzarote.com\/es\/nosotros\/\" \/>\n<meta property=\"og:site_name\" content=\"Volcano Surf School Lanzarote\" \/>\n<meta property=\"article:publisher\" content=\"https:\/\/www.facebook.com\/Volcanosurf-Lanzarote-503974406430753\/?ref=br_rs\" \/>\n<meta property=\"article:modified_time\" content=\"2017-06-12T10:49:26+00:00\" \/>\n<meta property=\"og:image\" content=\"http:\/\/volcanosurflanzarote.com\/wp-content\/uploads\/2011\/07\/SurfingFamara-300x189.jpg\" \/>\n<meta name=\"twitter:card\" content=\"summary\" \/>\n<meta name=\"twitter:label1\" content=\"Tiempo de lectura\" \/>\n\t<meta name=\"twitter:data1\" content=\"3 minutos\" \/>\n<script type=\"application\/ld+json\" class=\"yoast-schema-graph\">{\"@context\":\"https:\/\/schema.org\",\"@graph\":[{\"@type\":\"Organization\",\"@id\":\"https:\/\/volcanosurflanzarote.com\/#organization\",\"name\":\"Volcano surf school Lanzarote\",\"url\":\"https:\/\/volcanosurflanzarote.com\/\",\"sameAs\":[\"https:\/\/www.facebook.com\/Volcanosurf-Lanzarote-503974406430753\/?ref=br_rs\"],\"logo\":{\"@type\":\"ImageObject\",\"@id\":\"https:\/\/volcanosurflanzarote.com\/#logo\",\"inLanguage\":\"es\",\"url\":\"http:\/\/volcanosurflanzarote.com\/wp-content\/uploads\/2017\/03\/logo_volcanosurflanzarote.jpg\",\"contentUrl\":\"http:\/\/volcanosurflanzarote.com\/wp-content\/uploads\/2017\/03\/logo_volcanosurflanzarote.jpg\",\"width\":968,\"height\":847,\"caption\":\"Volcano surf school Lanzarote\"},\"image\":{\"@id\":\"https:\/\/volcanosurflanzarote.com\/#logo\"}},{\"@type\":\"WebSite\",\"@id\":\"https:\/\/volcanosurflanzarote.com\/#website\",\"url\":\"https:\/\/volcanosurflanzarote.com\/\",\"name\":\"Volcano Surf School Lanzarote\",\"description\":\"Surf School in Lanzarote`s Surf Paradise\",\"publisher\":{\"@id\":\"https:\/\/volcanosurflanzarote.com\/#organization\"},\"potentialAction\":[{\"@type\":\"SearchAction\",\"target\":{\"@type\":\"EntryPoint\",\"urlTemplate\":\"https:\/\/volcanosurflanzarote.com\/?s={search_term_string}\"},\"query-input\":\"required name=search_term_string\"}],\"inLanguage\":\"es\"},{\"@type\":\"ImageObject\",\"@id\":\"https:\/\/volcanosurflanzarote.com\/es\/nosotros\/#primaryimage\",\"inLanguage\":\"es\",\"url\":\"https:\/\/volcanosurflanzarote.com\/wp-content\/uploads\/2011\/07\/SurfingFamara.jpg\",\"contentUrl\":\"https:\/\/volcanosurflanzarote.com\/wp-content\/uploads\/2011\/07\/SurfingFamara.jpg\",\"width\":704,\"height\":444,\"caption\":\"Famara\"},{\"@type\":\"WebPage\",\"@id\":\"https:\/\/volcanosurflanzarote.com\/es\/nosotros\/#webpage\",\"url\":\"https:\/\/volcanosurflanzarote.com\/es\/nosotros\/\",\"name\":\"Volcano Surf School Lanzarote - Escuela de Surf en Costa Teugise\",\"isPartOf\":{\"@id\":\"https:\/\/volcanosurflanzarote.com\/#website\"},\"primaryImageOfPage\":{\"@id\":\"https:\/\/volcanosurflanzarote.com\/es\/nosotros\/#primaryimage\"},\"datePublished\":\"2017-03-27T11:02:30+00:00\",\"dateModified\":\"2017-06-12T10:49:26+00:00\",\"description\":\"Somos una escuela de Surf en Lanzarote, Costa Teguise. Ofrecemos diferentes cursos de Surf cada d\u00eda en sitios como Famara y otros sitios de la isla.\",\"breadcrumb\":{\"@id\":\"https:\/\/volcanosurflanzarote.com\/es\/nosotros\/#breadcrumb\"},\"inLanguage\":\"es\",\"potentialAction\":[{\"@type\":\"ReadAction\",\"target\":[\"https:\/\/volcanosurflanzarote.com\/es\/nosotros\/\"]}]},{\"@type\":\"BreadcrumbList\",\"@id\":\"https:\/\/volcanosurflanzarote.com\/es\/nosotros\/#breadcrumb\",\"itemListElement\":[{\"@type\":\"ListItem\",\"position\":1,\"name\":\"Home\",\"item\":\"https:\/\/volcanosurflanzarote.com\/es\/\"},{\"@type\":\"ListItem\",\"position\":2,\"name\":\"nosotros\"}]}]}<\/script>\n<!-- \/ Yoast SEO plugin. -->","yoast_head_json":{"title":"Volcano Surf School Lanzarote - Escuela de Surf en Costa Teugise","description":"Somos una escuela de Surf en Lanzarote, Costa Teguise. Ofrecemos diferentes cursos de Surf cada d\u00eda en sitios como Famara y otros sitios de la isla.","robots":{"index":"index","follow":"follow","max-snippet":"max-snippet:-1","max-image-preview":"max-image-preview:large","max-video-preview":"max-video-preview:-1"},"canonical":"https:\/\/volcanosurflanzarote.com\/es\/nosotros\/","og_locale":"es_ES","og_type":"article","og_title":"Volcano Surf School Lanzarote - Escuela de Surf en Costa Teugise","og_description":"Somos una escuela de Surf en Lanzarote, Costa Teguise. Ofrecemos diferentes cursos de Surf cada d\u00eda en sitios como Famara y otros sitios de la isla.","og_url":"https:\/\/volcanosurflanzarote.com\/es\/nosotros\/","og_site_name":"Volcano Surf School Lanzarote","article_publisher":"https:\/\/www.facebook.com\/Volcanosurf-Lanzarote-503974406430753\/?ref=br_rs","article_modified_time":"2017-06-12T10:49:26+00:00","og_image":[{"url":"http:\/\/volcanosurflanzarote.com\/wp-content\/uploads\/2011\/07\/SurfingFamara-300x189.jpg"}],"twitter_card":"summary","twitter_misc":{"Tiempo de lectura":"3 minutos"},"schema":{"@context":"https:\/\/schema.org","@graph":[{"@type":"Organization","@id":"https:\/\/volcanosurflanzarote.com\/#organization","name":"Volcano surf school Lanzarote","url":"https:\/\/volcanosurflanzarote.com\/","sameAs":["https:\/\/www.facebook.com\/Volcanosurf-Lanzarote-503974406430753\/?ref=br_rs"],"logo":{"@type":"ImageObject","@id":"https:\/\/volcanosurflanzarote.com\/#logo","inLanguage":"es","url":"http:\/\/volcanosurflanzarote.com\/wp-content\/uploads\/2017\/03\/logo_volcanosurflanzarote.jpg","contentUrl":"http:\/\/volcanosurflanzarote.com\/wp-content\/uploads\/2017\/03\/logo_volcanosurflanzarote.jpg","width":968,"height":847,"caption":"Volcano surf school Lanzarote"},"image":{"@id":"https:\/\/volcanosurflanzarote.com\/#logo"}},{"@type":"WebSite","@id":"https:\/\/volcanosurflanzarote.com\/#website","url":"https:\/\/volcanosurflanzarote.com\/","name":"Volcano Surf School Lanzarote","description":"Surf School in Lanzarote`s Surf Paradise","publisher":{"@id":"https:\/\/volcanosurflanzarote.com\/#organization"},"potentialAction":[{"@type":"SearchAction","target":{"@type":"EntryPoint","urlTemplate":"https:\/\/volcanosurflanzarote.com\/?s={search_term_string}"},"query-input":"required name=search_term_string"}],"inLanguage":"es"},{"@type":"ImageObject","@id":"https:\/\/volcanosurflanzarote.com\/es\/nosotros\/#primaryimage","inLanguage":"es","url":"https:\/\/volcanosurflanzarote.com\/wp-content\/uploads\/2011\/07\/SurfingFamara.jpg","contentUrl":"https:\/\/volcanosurflanzarote.com\/wp-content\/uploads\/2011\/07\/SurfingFamara.jpg","width":704,"height":444,"caption":"Famara"},{"@type":"WebPage","@id":"https:\/\/volcanosurflanzarote.com\/es\/nosotros\/#webpage","url":"https:\/\/volcanosurflanzarote.com\/es\/nosotros\/","name":"Volcano Surf School Lanzarote - Escuela de Surf en Costa Teugise","isPartOf":{"@id":"https:\/\/volcanosurflanzarote.com\/#website"},"primaryImageOfPage":{"@id":"https:\/\/volcanosurflanzarote.com\/es\/nosotros\/#primaryimage"},"datePublished":"2017-03-27T11:02:30+00:00","dateModified":"2017-06-12T10:49:26+00:00","description":"Somos una escuela de Surf en Lanzarote, Costa Teguise. Ofrecemos diferentes cursos de Surf cada d\u00eda en sitios como Famara y otros sitios de la isla.","breadcrumb":{"@id":"https:\/\/volcanosurflanzarote.com\/es\/nosotros\/#breadcrumb"},"inLanguage":"es","potentialAction":[{"@type":"ReadAction","target":["https:\/\/volcanosurflanzarote.com\/es\/nosotros\/"]}]},{"@type":"BreadcrumbList","@id":"https:\/\/volcanosurflanzarote.com\/es\/nosotros\/#breadcrumb","itemListElement":[{"@type":"ListItem","position":1,"name":"Home","item":"https:\/\/volcanosurflanzarote.com\/es\/"},{"@type":"ListItem","position":2,"name":"nosotros"}]}]}},"_links":{"self":[{"href":"https:\/\/volcanosurflanzarote.com\/es\/wp-json\/wp\/v2\/pages\/3179"}],"collection":[{"href":"https:\/\/volcanosurflanzarote.com\/es\/wp-json\/wp\/v2\/pages"}],"about":[{"href":"https:\/\/volcanosurflanzarote.com\/es\/wp-json\/wp\/v2\/types\/page"}],"author":[{"embeddable":true,"href":"https:\/\/volcanosurflanzarote.com\/es\/wp-json\/wp\/v2\/users\/1"}],"replies":[{"embeddable":true,"href":"https:\/\/volcanosurflanzarote.com\/es\/wp-json\/wp\/v2\/comments?post=3179"}],"version-history":[{"count":14,"href":"https:\/\/volcanosurflanzarote.com\/es\/wp-json\/wp\/v2\/pages\/3179\/revisions"}],"predecessor-version":[{"id":3510,"href":"https:\/\/volcanosurflanzarote.com\/es\/wp-json\/wp\/v2\/pages\/3179\/revisions\/3510"}],"wp:attachment":[{"href":"https:\/\/volcanosurflanzarote.com\/es\/wp-json\/wp\/v2\/media?parent=3179"}],"curies":[{"name":"wp","href":"https:\/\/api.w.org\/{rel}","templated":true}]}}