{"id":3177,"date":"2017-03-27T10:49:56","date_gmt":"2017-03-27T10:49:56","guid":{"rendered":"http:\/\/volcanosurflanzarote.com\/?page_id=3177\/"},"modified":"2017-05-16T09:04:07","modified_gmt":"2017-05-16T09:04:07","slug":"watersports-center","status":"publish","type":"page","link":"https:\/\/volcanosurflanzarote.com\/es\/watersports-center\/","title":{"rendered":"Watersports Center"},"content":{"rendered":"<div class=\"well normal\"><iframe loading=\"lazy\" src=\"https:\/\/player.vimeo.com\/video\/74197591\" width=\"720\" height=\"360\" frameborder=\"0\" allowfullscreen=\"allowfullscreen\" data-mce-fragment=\"1\"><\/iframe><br \/>\n<\/div>\n<div class=\"well normal\">\n<h4><span style=\"color: #000000;\"><span class=\" _50f4\">Viene el verano al Watersports centre\u2026<\/span><\/span><\/h4>\n<p><span style=\"color: #808080;\"><a href=\"http:\/\/volcanosurflanzarote.com\/wp-content\/uploads\/2017\/03\/hawaiianCanoe.jpg\"><img decoding=\"async\" loading=\"lazy\" class=\"alignleft wp-image-2863\" src=\"http:\/\/volcanosurflanzarote.com\/wp-content\/uploads\/2017\/03\/hawaiianCanoe-300x200.jpg\" alt=\"\" width=\"292\" height=\"209\" \/><\/a> De abril a diciembre, estos son los meses m\u00e1gicos para que el centro de deportes acu\u00e1ticos abra sus puertas al p\u00fablico.<br \/>\nEl centro de deportes acu\u00e1ticos es un lugar incre\u00edble en Costa Teguise (playa en la parte trasera del hotel Melia Salinas. 5 minutos a pie de nuestra escuela) para alquilar y reservar todo tipo \u00a0de cursos y material. <\/span><\/p>\n<p><span style=\"color: #808080;\">Ofrecemos, adem\u00e1s de nuestros Cursos de Surf, alquiler de bodyboard, alquiler de equipos de snorkel y no olvides que puedes coger algunas olas con nuestra canoa hawaiana roja \u00fanica.<\/span><br \/>\n<\/div>\n<div class=\"well normal\">\n<h4><a href=\"http:\/\/volcanosurflanzarote.com\/es\/contacto\/\"><strong><span style=\"color: #ff9900;\">Contacta con nosotros para recibir mas informaci\u00f3n sobre el watersports center<\/span><\/strong><\/a><\/h4>\n<\/div>\n","protected":false},"excerpt":{"rendered":"","protected":false},"author":1,"featured_media":0,"parent":0,"menu_order":0,"comment_status":"closed","ping_status":"closed","template":"","meta":{"_themeisle_gutenberg_block_has_review":false},"yoast_head":"<!-- This site is optimized with the Yoast SEO plugin v18.4.1 - https:\/\/yoast.com\/wordpress\/plugins\/seo\/ -->\n<title>Watersports Center - Volcano Surf School Lanzarote<\/title>\n<meta name=\"robots\" content=\"index, follow, max-snippet:-1, max-image-preview:large, max-video-preview:-1\" \/>\n<link rel=\"canonical\" href=\"https:\/\/volcanosurflanzarote.com\/es\/watersports-center\/\" \/>\n<meta property=\"og:locale\" content=\"es_ES\" \/>\n<meta property=\"og:type\" content=\"article\" \/>\n<meta property=\"og:title\" content=\"Watersports Center - Volcano Surf School Lanzarote\" \/>\n<meta property=\"og:url\" content=\"https:\/\/volcanosurflanzarote.com\/es\/watersports-center\/\" \/>\n<meta property=\"og:site_name\" content=\"Volcano Surf School Lanzarote\" \/>\n<meta property=\"article:publisher\" content=\"https:\/\/www.facebook.com\/Volcanosurf-Lanzarote-503974406430753\/?ref=br_rs\" \/>\n<meta property=\"article:modified_time\" content=\"2017-05-16T09:04:07+00:00\" \/>\n<meta property=\"og:image\" content=\"http:\/\/volcanosurflanzarote.com\/wp-content\/uploads\/2017\/03\/hawaiianCanoe-300x200.jpg\" \/>\n<meta name=\"twitter:card\" content=\"summary\" \/>\n<meta name=\"twitter:label1\" content=\"Tiempo de lectura\" \/>\n\t<meta name=\"twitter:data1\" content=\"1 minuto\" \/>\n<script type=\"application\/ld+json\" class=\"yoast-schema-graph\">{\"@context\":\"https:\/\/schema.org\",\"@graph\":[{\"@type\":\"Organization\",\"@id\":\"https:\/\/volcanosurflanzarote.com\/#organization\",\"name\":\"Volcano surf school Lanzarote\",\"url\":\"https:\/\/volcanosurflanzarote.com\/\",\"sameAs\":[\"https:\/\/www.facebook.com\/Volcanosurf-Lanzarote-503974406430753\/?ref=br_rs\"],\"logo\":{\"@type\":\"ImageObject\",\"@id\":\"https:\/\/volcanosurflanzarote.com\/#logo\",\"inLanguage\":\"es\",\"url\":\"http:\/\/volcanosurflanzarote.com\/wp-content\/uploads\/2017\/03\/logo_volcanosurflanzarote.jpg\",\"contentUrl\":\"http:\/\/volcanosurflanzarote.com\/wp-content\/uploads\/2017\/03\/logo_volcanosurflanzarote.jpg\",\"width\":968,\"height\":847,\"caption\":\"Volcano surf school Lanzarote\"},\"image\":{\"@id\":\"https:\/\/volcanosurflanzarote.com\/#logo\"}},{\"@type\":\"WebSite\",\"@id\":\"https:\/\/volcanosurflanzarote.com\/#website\",\"url\":\"https:\/\/volcanosurflanzarote.com\/\",\"name\":\"Volcano Surf School Lanzarote\",\"description\":\"Surf School in Lanzarote`s Surf Paradise\",\"publisher\":{\"@id\":\"https:\/\/volcanosurflanzarote.com\/#organization\"},\"potentialAction\":[{\"@type\":\"SearchAction\",\"target\":{\"@type\":\"EntryPoint\",\"urlTemplate\":\"https:\/\/volcanosurflanzarote.com\/?s={search_term_string}\"},\"query-input\":\"required name=search_term_string\"}],\"inLanguage\":\"es\"},{\"@type\":\"ImageObject\",\"@id\":\"https:\/\/volcanosurflanzarote.com\/es\/watersports-center\/#primaryimage\",\"inLanguage\":\"es\",\"url\":\"https:\/\/volcanosurflanzarote.com\/wp-content\/uploads\/2017\/03\/hawaiianCanoe.jpg\",\"contentUrl\":\"https:\/\/volcanosurflanzarote.com\/wp-content\/uploads\/2017\/03\/hawaiianCanoe.jpg\",\"width\":1044,\"height\":696},{\"@type\":\"WebPage\",\"@id\":\"https:\/\/volcanosurflanzarote.com\/es\/watersports-center\/#webpage\",\"url\":\"https:\/\/volcanosurflanzarote.com\/es\/watersports-center\/\",\"name\":\"Watersports Center - Volcano Surf School Lanzarote\",\"isPartOf\":{\"@id\":\"https:\/\/volcanosurflanzarote.com\/#website\"},\"primaryImageOfPage\":{\"@id\":\"https:\/\/volcanosurflanzarote.com\/es\/watersports-center\/#primaryimage\"},\"datePublished\":\"2017-03-27T10:49:56+00:00\",\"dateModified\":\"2017-05-16T09:04:07+00:00\",\"breadcrumb\":{\"@id\":\"https:\/\/volcanosurflanzarote.com\/es\/watersports-center\/#breadcrumb\"},\"inLanguage\":\"es\",\"potentialAction\":[{\"@type\":\"ReadAction\",\"target\":[\"https:\/\/volcanosurflanzarote.com\/es\/watersports-center\/\"]}]},{\"@type\":\"BreadcrumbList\",\"@id\":\"https:\/\/volcanosurflanzarote.com\/es\/watersports-center\/#breadcrumb\",\"itemListElement\":[{\"@type\":\"ListItem\",\"position\":1,\"name\":\"Home\",\"item\":\"https:\/\/volcanosurflanzarote.com\/es\/\"},{\"@type\":\"ListItem\",\"position\":2,\"name\":\"Watersports Center\"}]}]}<\/script>\n<!-- \/ Yoast SEO plugin. -->","yoast_head_json":{"title":"Watersports Center - Volcano Surf School Lanzarote","robots":{"index":"index","follow":"follow","max-snippet":"max-snippet:-1","max-image-preview":"max-image-preview:large","max-video-preview":"max-video-preview:-1"},"canonical":"https:\/\/volcanosurflanzarote.com\/es\/watersports-center\/","og_locale":"es_ES","og_type":"article","og_title":"Watersports Center - Volcano Surf School Lanzarote","og_url":"https:\/\/volcanosurflanzarote.com\/es\/watersports-center\/","og_site_name":"Volcano Surf School Lanzarote","article_publisher":"https:\/\/www.facebook.com\/Volcanosurf-Lanzarote-503974406430753\/?ref=br_rs","article_modified_time":"2017-05-16T09:04:07+00:00","og_image":[{"url":"http:\/\/volcanosurflanzarote.com\/wp-content\/uploads\/2017\/03\/hawaiianCanoe-300x200.jpg"}],"twitter_card":"summary","twitter_misc":{"Tiempo de lectura":"1 minuto"},"schema":{"@context":"https:\/\/schema.org","@graph":[{"@type":"Organization","@id":"https:\/\/volcanosurflanzarote.com\/#organization","name":"Volcano surf school Lanzarote","url":"https:\/\/volcanosurflanzarote.com\/","sameAs":["https:\/\/www.facebook.com\/Volcanosurf-Lanzarote-503974406430753\/?ref=br_rs"],"logo":{"@type":"ImageObject","@id":"https:\/\/volcanosurflanzarote.com\/#logo","inLanguage":"es","url":"http:\/\/volcanosurflanzarote.com\/wp-content\/uploads\/2017\/03\/logo_volcanosurflanzarote.jpg","contentUrl":"http:\/\/volcanosurflanzarote.com\/wp-content\/uploads\/2017\/03\/logo_volcanosurflanzarote.jpg","width":968,"height":847,"caption":"Volcano surf school Lanzarote"},"image":{"@id":"https:\/\/volcanosurflanzarote.com\/#logo"}},{"@type":"WebSite","@id":"https:\/\/volcanosurflanzarote.com\/#website","url":"https:\/\/volcanosurflanzarote.com\/","name":"Volcano Surf School Lanzarote","description":"Surf School in Lanzarote`s Surf Paradise","publisher":{"@id":"https:\/\/volcanosurflanzarote.com\/#organization"},"potentialAction":[{"@type":"SearchAction","target":{"@type":"EntryPoint","urlTemplate":"https:\/\/volcanosurflanzarote.com\/?s={search_term_string}"},"query-input":"required name=search_term_string"}],"inLanguage":"es"},{"@type":"ImageObject","@id":"https:\/\/volcanosurflanzarote.com\/es\/watersports-center\/#primaryimage","inLanguage":"es","url":"https:\/\/volcanosurflanzarote.com\/wp-content\/uploads\/2017\/03\/hawaiianCanoe.jpg","contentUrl":"https:\/\/volcanosurflanzarote.com\/wp-content\/uploads\/2017\/03\/hawaiianCanoe.jpg","width":1044,"height":696},{"@type":"WebPage","@id":"https:\/\/volcanosurflanzarote.com\/es\/watersports-center\/#webpage","url":"https:\/\/volcanosurflanzarote.com\/es\/watersports-center\/","name":"Watersports Center - Volcano Surf School Lanzarote","isPartOf":{"@id":"https:\/\/volcanosurflanzarote.com\/#website"},"primaryImageOfPage":{"@id":"https:\/\/volcanosurflanzarote.com\/es\/watersports-center\/#primaryimage"},"datePublished":"2017-03-27T10:49:56+00:00","dateModified":"2017-05-16T09:04:07+00:00","breadcrumb":{"@id":"https:\/\/volcanosurflanzarote.com\/es\/watersports-center\/#breadcrumb"},"inLanguage":"es","potentialAction":[{"@type":"ReadAction","target":["https:\/\/volcanosurflanzarote.com\/es\/watersports-center\/"]}]},{"@type":"BreadcrumbList","@id":"https:\/\/volcanosurflanzarote.com\/es\/watersports-center\/#breadcrumb","itemListElement":[{"@type":"ListItem","position":1,"name":"Home","item":"https:\/\/volcanosurflanzarote.com\/es\/"},{"@type":"ListItem","position":2,"name":"Watersports Center"}]}]}},"_links":{"self":[{"href":"https:\/\/volcanosurflanzarote.com\/es\/wp-json\/wp\/v2\/pages\/3177"}],"collection":[{"href":"https:\/\/volcanosurflanzarote.com\/es\/wp-json\/wp\/v2\/pages"}],"about":[{"href":"https:\/\/volcanosurflanzarote.com\/es\/wp-json\/wp\/v2\/types\/page"}],"author":[{"embeddable":true,"href":"https:\/\/volcanosurflanzarote.com\/es\/wp-json\/wp\/v2\/users\/1"}],"replies":[{"embeddable":true,"href":"https:\/\/volcanosurflanzarote.com\/es\/wp-json\/wp\/v2\/comments?post=3177"}],"version-history":[{"count":5,"href":"https:\/\/volcanosurflanzarote.com\/es\/wp-json\/wp\/v2\/pages\/3177\/revisions"}],"predecessor-version":[{"id":3484,"href":"https:\/\/volcanosurflanzarote.com\/es\/wp-json\/wp\/v2\/pages\/3177\/revisions\/3484"}],"wp:attachment":[{"href":"https:\/\/volcanosurflanzarote.com\/es\/wp-json\/wp\/v2\/media?parent=3177"}],"curies":[{"name":"wp","href":"https:\/\/api.w.org\/{rel}","templated":true}]}}