{"id":3170,"date":"2017-03-27T10:36:31","date_gmt":"2017-03-27T10:36:31","guid":{"rendered":"http:\/\/volcanosurflanzarote.com\/?page_id=3170\/"},"modified":"2022-03-24T12:15:48","modified_gmt":"2022-03-24T12:15:48","slug":"cursos-de-surf","status":"publish","type":"page","link":"https:\/\/volcanosurflanzarote.com\/es\/cursos-de-surf\/","title":{"rendered":"Cursos de surf"},"content":{"rendered":"<div class=\"well normal\">\n<p><img decoding=\"async\" loading=\"lazy\" class=\"alignleft size-medium wp-image-2506\" src=\"http:\/\/volcanosurflanzarote.com\/wp-content\/uploads\/2017\/01\/course-300x249.jpg\" alt=\"Volcano surf course in famara\" width=\"300\" height=\"249\" srcset=\"https:\/\/volcanosurflanzarote.com\/wp-content\/uploads\/2017\/01\/course-300x249.jpg 300w, https:\/\/volcanosurflanzarote.com\/wp-content\/uploads\/2017\/01\/course-768x638.jpg 768w, https:\/\/volcanosurflanzarote.com\/wp-content\/uploads\/2017\/01\/course-1024x851.jpg 1024w, https:\/\/volcanosurflanzarote.com\/wp-content\/uploads\/2017\/01\/course.jpg 1105w\" sizes=\"(max-width: 300px) 100vw, 300px\" \/><\/p>\n<h1><strong><span style=\"color: #ff9900;\">Surf trip: <\/span><br \/>\n<\/strong><\/h1>\n<p>2,5h curso de surf. (incluye transporte y material.)<br \/>\nCurso completo con briefing t\u00e9cnico y ejercicios seguidos de pr\u00e1cticas en el agua. Supervisadas por el instructor.<\/p>\n<p>Te sorprender\u00e1s al ver como tu habilidad se habr\u00e1 cambiado despu\u00e9s de esta pausa! No olvides tra\u00e9r una botella de agua, porteci\u00f3n solar y.. motivaci\u00f3n \ud83d\ude09<\/p>\n<\/div>\n<div class=\"well normal\">\n<p><img decoding=\"async\" loading=\"lazy\" class=\"alignleft size-medium wp-image-2512\" src=\"http:\/\/volcanosurflanzarote.com\/wp-content\/uploads\/2017\/01\/SonjaVolcanoSurfing-300x225.jpg\" alt=\"Sonja Surfing Famara\" width=\"300\" height=\"225\" srcset=\"https:\/\/volcanosurflanzarote.com\/wp-content\/uploads\/2017\/01\/SonjaVolcanoSurfing-300x225.jpg 300w, https:\/\/volcanosurflanzarote.com\/wp-content\/uploads\/2017\/01\/SonjaVolcanoSurfing.jpg 425w\" sizes=\"(max-width: 300px) 100vw, 300px\" \/><\/p>\n<h1><strong><span style=\"color: #ff9900;\">XL RIDE: 3x 2,5 horas\u00a0 <\/span><\/strong><\/h1>\n<h3><strong><span style=\"color: #ff9900;\">todo los niveles<br \/>\n<\/span><\/strong><\/h3>\n<p>Este curso es para los que quieren ir a surfear pero tambi\u00e9n disfrutar de las otras actividades que ofrece la isla. Este programa flexible te d\u00e1 la oportunidad de\u00a0 escoger 3 dias\u00a0 de tus vacaciones para dedicarlas al surf.<\/p>\n<p>Te quedar\u00e1s con el mismo instructor durante estos d\u00edas mejorando tus habilidades y aprendiendo lo m\u00e1s posible sobre el surf.<br \/>\n<\/div>\n<div class=\"well normal\">\n<p><img decoding=\"async\" loading=\"lazy\" class=\"alignleft size-medium wp-image-2041\" src=\"http:\/\/volcanosurflanzarote.com\/wp-content\/uploads\/2014\/09\/Depositphotos_27641239_original_03-300x225.jpg\" alt=\"Surfing Wave\" width=\"300\" height=\"225\" \/><\/p>\n<h1><strong><span style=\"color: #ff9900;\">XXL RIDE: 5 x 2,5 horas<br \/>\n<\/span><\/strong><\/h1>\n<h3><strong><span style=\"color: #ff9900;\">todo los niveles<br \/>\n<\/span><\/strong><\/h3>\n<p>De verdad quieres aprender a surfear? Entonces este es el curso mas apropiado para ti. Recibir\u00e1s un curso completo, surfear\u00e1s en condiciones de surf diferentes, aprender\u00e1s todo sobre el surf y estar\u00e1s contento con tu progresi\u00f3n.<br \/>\n<\/div>\n<div class=\"well normal\">\n<p><img decoding=\"async\" loading=\"lazy\" class=\"alignleft size-medium wp-image-2083\" src=\"http:\/\/volcanosurflanzarote.com\/wp-content\/uploads\/2014\/09\/Depositphotos_13056828_original-300x199.jpg\" alt=\"closeup of a surfer holding a surfboard\" width=\"300\" height=\"199\" srcset=\"https:\/\/volcanosurflanzarote.com\/wp-content\/uploads\/2014\/09\/Depositphotos_13056828_original-300x199.jpg 300w, https:\/\/volcanosurflanzarote.com\/wp-content\/uploads\/2014\/09\/Depositphotos_13056828_original-1024x681.jpg 1024w, https:\/\/volcanosurflanzarote.com\/wp-content\/uploads\/2014\/09\/Depositphotos_13056828_original.jpg 1500w\" sizes=\"(max-width: 300px) 100vw, 300px\" \/><\/p>\n<h1><strong><span style=\"color: #ff9900;\">Expert Training<br \/>\n<\/span><\/strong><\/h1>\n<h5><strong><span style=\"color: #ff9900;\">\"Pensando y actuando como un surfero\"<\/span><\/strong><\/h5>\n<h3><strong><span style=\"color: #ff9900;\">10 d\u00ecas - todo los niveles<br \/>\n<\/span><\/strong><\/h3>\n<p>Un programa genial para todos los que de verdad quieren descubrir el esp\u00edritu del surf. Adem\u00e1s del curso completo te ofrecemos un an\u00e1lisis t\u00e9cnico de ti surfeando con la ayuda del video. En un ambiente relajado en el centro de surf tu instructor explicar\u00e1 las teor\u00edas m\u00e1s importantes de las t\u00e9cnicas de surf, hablar\u00e1 del origen y la historia del surf, del \u00ab\u00a0shape\u00a0\u00bb de\u00a0 las tablas, sobre como leer el tiempo y como este afecta el movimiento del mar, el oleaje, el viento y las olas.<\/p>\n<p>El programa SP Training\u00a0 ha sido creado para personas que quieren mejorar su surf consiguiendo la mayor mejora que es posible en 10 d\u00edas. Te har\u00e1s un \u201creal surfer\u201d\u00a0 si\u00a0 sabes leer el oc\u00e9ano, como funciona tu tabla, de donde vienen las olas y porqu\u00e9 el conocimiento de estos aspectos del surf es tan importante.<br \/>\nDivertirse es el t\u00e9rmino m\u00e1s significativo\u00a0 del surf, pero sin experiencia y conocimientos es f\u00e1cil perder este sentimiento.<\/p>\n<p><b>Durante tu entrenamiento\u00a0 y dependiendo de las condiciones, Te ofrecemos tambi\u00e9n\u00a0una sesi\u00f3n en las primeras horas de la ma\u00f1ana o durante la puesta del sol.<\/b><\/p>\n<\/div>\n<div class=\"well normal\">\n<h4><a href=\"http:\/\/volcanosurflanzarote.com\/prices\/\"><strong><span style=\"color: #ff9900;\">Informate sobre nuestros precios<\/span><\/strong><\/a><\/h4>\n<h4><span style=\"color: #ff9900;\"><\/div><\/span><\/h4>\n","protected":false},"excerpt":{"rendered":"","protected":false},"author":1,"featured_media":0,"parent":0,"menu_order":0,"comment_status":"closed","ping_status":"closed","template":"","meta":{"_themeisle_gutenberg_block_has_review":false},"yoast_head":"<!-- This site is optimized with the Yoast SEO plugin v18.4.1 - https:\/\/yoast.com\/wordpress\/plugins\/seo\/ -->\n<title>Volcano Surf School Lanzarote - ofrecemos cursos de surf para todos los niveles<\/title>\n<meta name=\"description\" content=\"En volcano surf de ofrecemos una variedad de cursos diferentes. para gente que solo quieren probar el surf hasta los surferos avanzados.\" \/>\n<meta name=\"robots\" content=\"index, follow, max-snippet:-1, max-image-preview:large, max-video-preview:-1\" \/>\n<link rel=\"canonical\" href=\"https:\/\/volcanosurflanzarote.com\/es\/cursos-de-surf\/\" \/>\n<meta property=\"og:locale\" content=\"es_ES\" \/>\n<meta property=\"og:type\" content=\"article\" \/>\n<meta property=\"og:title\" content=\"Volcano Surf School Lanzarote - ofrecemos cursos de surf para todos los niveles\" \/>\n<meta property=\"og:description\" content=\"En volcano surf de ofrecemos una variedad de cursos diferentes. para gente que solo quieren probar el surf hasta los surferos avanzados.\" \/>\n<meta property=\"og:url\" content=\"https:\/\/volcanosurflanzarote.com\/es\/cursos-de-surf\/\" \/>\n<meta property=\"og:site_name\" content=\"Volcano Surf School Lanzarote\" \/>\n<meta property=\"article:publisher\" content=\"https:\/\/www.facebook.com\/Volcanosurf-Lanzarote-503974406430753\/?ref=br_rs\" \/>\n<meta property=\"article:modified_time\" content=\"2022-03-24T12:15:48+00:00\" \/>\n<meta property=\"og:image\" content=\"http:\/\/volcanosurflanzarote.com\/wp-content\/uploads\/2017\/01\/course-300x249.jpg\" \/>\n<meta name=\"twitter:card\" content=\"summary\" \/>\n<meta name=\"twitter:label1\" content=\"Tiempo de lectura\" \/>\n\t<meta name=\"twitter:data1\" content=\"3 minutos\" \/>\n<script type=\"application\/ld+json\" class=\"yoast-schema-graph\">{\"@context\":\"https:\/\/schema.org\",\"@graph\":[{\"@type\":\"Organization\",\"@id\":\"https:\/\/volcanosurflanzarote.com\/#organization\",\"name\":\"Volcano surf school Lanzarote\",\"url\":\"https:\/\/volcanosurflanzarote.com\/\",\"sameAs\":[\"https:\/\/www.facebook.com\/Volcanosurf-Lanzarote-503974406430753\/?ref=br_rs\"],\"logo\":{\"@type\":\"ImageObject\",\"@id\":\"https:\/\/volcanosurflanzarote.com\/#logo\",\"inLanguage\":\"es\",\"url\":\"http:\/\/volcanosurflanzarote.com\/wp-content\/uploads\/2017\/03\/logo_volcanosurflanzarote.jpg\",\"contentUrl\":\"http:\/\/volcanosurflanzarote.com\/wp-content\/uploads\/2017\/03\/logo_volcanosurflanzarote.jpg\",\"width\":968,\"height\":847,\"caption\":\"Volcano surf school Lanzarote\"},\"image\":{\"@id\":\"https:\/\/volcanosurflanzarote.com\/#logo\"}},{\"@type\":\"WebSite\",\"@id\":\"https:\/\/volcanosurflanzarote.com\/#website\",\"url\":\"https:\/\/volcanosurflanzarote.com\/\",\"name\":\"Volcano Surf School Lanzarote\",\"description\":\"Surf School in Lanzarote`s Surf Paradise\",\"publisher\":{\"@id\":\"https:\/\/volcanosurflanzarote.com\/#organization\"},\"potentialAction\":[{\"@type\":\"SearchAction\",\"target\":{\"@type\":\"EntryPoint\",\"urlTemplate\":\"https:\/\/volcanosurflanzarote.com\/?s={search_term_string}\"},\"query-input\":\"required name=search_term_string\"}],\"inLanguage\":\"es\"},{\"@type\":\"ImageObject\",\"@id\":\"https:\/\/volcanosurflanzarote.com\/es\/cursos-de-surf\/#primaryimage\",\"inLanguage\":\"es\",\"url\":\"https:\/\/volcanosurflanzarote.com\/wp-content\/uploads\/2017\/01\/course.jpg\",\"contentUrl\":\"https:\/\/volcanosurflanzarote.com\/wp-content\/uploads\/2017\/01\/course.jpg\",\"width\":1105,\"height\":918,\"caption\":\"Volcano surf course in famara\"},{\"@type\":\"WebPage\",\"@id\":\"https:\/\/volcanosurflanzarote.com\/es\/cursos-de-surf\/#webpage\",\"url\":\"https:\/\/volcanosurflanzarote.com\/es\/cursos-de-surf\/\",\"name\":\"Volcano Surf School Lanzarote - ofrecemos cursos de surf para todos los niveles\",\"isPartOf\":{\"@id\":\"https:\/\/volcanosurflanzarote.com\/#website\"},\"primaryImageOfPage\":{\"@id\":\"https:\/\/volcanosurflanzarote.com\/es\/cursos-de-surf\/#primaryimage\"},\"datePublished\":\"2017-03-27T10:36:31+00:00\",\"dateModified\":\"2022-03-24T12:15:48+00:00\",\"description\":\"En volcano surf de ofrecemos una variedad de cursos diferentes. para gente que solo quieren probar el surf hasta los surferos avanzados.\",\"breadcrumb\":{\"@id\":\"https:\/\/volcanosurflanzarote.com\/es\/cursos-de-surf\/#breadcrumb\"},\"inLanguage\":\"es\",\"potentialAction\":[{\"@type\":\"ReadAction\",\"target\":[\"https:\/\/volcanosurflanzarote.com\/es\/cursos-de-surf\/\"]}]},{\"@type\":\"BreadcrumbList\",\"@id\":\"https:\/\/volcanosurflanzarote.com\/es\/cursos-de-surf\/#breadcrumb\",\"itemListElement\":[{\"@type\":\"ListItem\",\"position\":1,\"name\":\"Home\",\"item\":\"https:\/\/volcanosurflanzarote.com\/es\/\"},{\"@type\":\"ListItem\",\"position\":2,\"name\":\"Cursos de surf\"}]}]}<\/script>\n<!-- \/ Yoast SEO plugin. -->","yoast_head_json":{"title":"Volcano Surf School Lanzarote - ofrecemos cursos de surf para todos los niveles","description":"En volcano surf de ofrecemos una variedad de cursos diferentes. para gente que solo quieren probar el surf hasta los surferos avanzados.","robots":{"index":"index","follow":"follow","max-snippet":"max-snippet:-1","max-image-preview":"max-image-preview:large","max-video-preview":"max-video-preview:-1"},"canonical":"https:\/\/volcanosurflanzarote.com\/es\/cursos-de-surf\/","og_locale":"es_ES","og_type":"article","og_title":"Volcano Surf School Lanzarote - ofrecemos cursos de surf para todos los niveles","og_description":"En volcano surf de ofrecemos una variedad de cursos diferentes. para gente que solo quieren probar el surf hasta los surferos avanzados.","og_url":"https:\/\/volcanosurflanzarote.com\/es\/cursos-de-surf\/","og_site_name":"Volcano Surf School Lanzarote","article_publisher":"https:\/\/www.facebook.com\/Volcanosurf-Lanzarote-503974406430753\/?ref=br_rs","article_modified_time":"2022-03-24T12:15:48+00:00","og_image":[{"url":"http:\/\/volcanosurflanzarote.com\/wp-content\/uploads\/2017\/01\/course-300x249.jpg"}],"twitter_card":"summary","twitter_misc":{"Tiempo de lectura":"3 minutos"},"schema":{"@context":"https:\/\/schema.org","@graph":[{"@type":"Organization","@id":"https:\/\/volcanosurflanzarote.com\/#organization","name":"Volcano surf school Lanzarote","url":"https:\/\/volcanosurflanzarote.com\/","sameAs":["https:\/\/www.facebook.com\/Volcanosurf-Lanzarote-503974406430753\/?ref=br_rs"],"logo":{"@type":"ImageObject","@id":"https:\/\/volcanosurflanzarote.com\/#logo","inLanguage":"es","url":"http:\/\/volcanosurflanzarote.com\/wp-content\/uploads\/2017\/03\/logo_volcanosurflanzarote.jpg","contentUrl":"http:\/\/volcanosurflanzarote.com\/wp-content\/uploads\/2017\/03\/logo_volcanosurflanzarote.jpg","width":968,"height":847,"caption":"Volcano surf school Lanzarote"},"image":{"@id":"https:\/\/volcanosurflanzarote.com\/#logo"}},{"@type":"WebSite","@id":"https:\/\/volcanosurflanzarote.com\/#website","url":"https:\/\/volcanosurflanzarote.com\/","name":"Volcano Surf School Lanzarote","description":"Surf School in Lanzarote`s Surf Paradise","publisher":{"@id":"https:\/\/volcanosurflanzarote.com\/#organization"},"potentialAction":[{"@type":"SearchAction","target":{"@type":"EntryPoint","urlTemplate":"https:\/\/volcanosurflanzarote.com\/?s={search_term_string}"},"query-input":"required name=search_term_string"}],"inLanguage":"es"},{"@type":"ImageObject","@id":"https:\/\/volcanosurflanzarote.com\/es\/cursos-de-surf\/#primaryimage","inLanguage":"es","url":"https:\/\/volcanosurflanzarote.com\/wp-content\/uploads\/2017\/01\/course.jpg","contentUrl":"https:\/\/volcanosurflanzarote.com\/wp-content\/uploads\/2017\/01\/course.jpg","width":1105,"height":918,"caption":"Volcano surf course in famara"},{"@type":"WebPage","@id":"https:\/\/volcanosurflanzarote.com\/es\/cursos-de-surf\/#webpage","url":"https:\/\/volcanosurflanzarote.com\/es\/cursos-de-surf\/","name":"Volcano Surf School Lanzarote - ofrecemos cursos de surf para todos los niveles","isPartOf":{"@id":"https:\/\/volcanosurflanzarote.com\/#website"},"primaryImageOfPage":{"@id":"https:\/\/volcanosurflanzarote.com\/es\/cursos-de-surf\/#primaryimage"},"datePublished":"2017-03-27T10:36:31+00:00","dateModified":"2022-03-24T12:15:48+00:00","description":"En volcano surf de ofrecemos una variedad de cursos diferentes. para gente que solo quieren probar el surf hasta los surferos avanzados.","breadcrumb":{"@id":"https:\/\/volcanosurflanzarote.com\/es\/cursos-de-surf\/#breadcrumb"},"inLanguage":"es","potentialAction":[{"@type":"ReadAction","target":["https:\/\/volcanosurflanzarote.com\/es\/cursos-de-surf\/"]}]},{"@type":"BreadcrumbList","@id":"https:\/\/volcanosurflanzarote.com\/es\/cursos-de-surf\/#breadcrumb","itemListElement":[{"@type":"ListItem","position":1,"name":"Home","item":"https:\/\/volcanosurflanzarote.com\/es\/"},{"@type":"ListItem","position":2,"name":"Cursos de surf"}]}]}},"_links":{"self":[{"href":"https:\/\/volcanosurflanzarote.com\/es\/wp-json\/wp\/v2\/pages\/3170"}],"collection":[{"href":"https:\/\/volcanosurflanzarote.com\/es\/wp-json\/wp\/v2\/pages"}],"about":[{"href":"https:\/\/volcanosurflanzarote.com\/es\/wp-json\/wp\/v2\/types\/page"}],"author":[{"embeddable":true,"href":"https:\/\/volcanosurflanzarote.com\/es\/wp-json\/wp\/v2\/users\/1"}],"replies":[{"embeddable":true,"href":"https:\/\/volcanosurflanzarote.com\/es\/wp-json\/wp\/v2\/comments?post=3170"}],"version-history":[{"count":6,"href":"https:\/\/volcanosurflanzarote.com\/es\/wp-json\/wp\/v2\/pages\/3170\/revisions"}],"predecessor-version":[{"id":3648,"href":"https:\/\/volcanosurflanzarote.com\/es\/wp-json\/wp\/v2\/pages\/3170\/revisions\/3648"}],"wp:attachment":[{"href":"https:\/\/volcanosurflanzarote.com\/es\/wp-json\/wp\/v2\/media?parent=3170"}],"curies":[{"name":"wp","href":"https:\/\/api.w.org\/{rel}","templated":true}]}}