{"id":3148,"date":"2017-03-26T17:27:00","date_gmt":"2017-03-26T17:27:00","guid":{"rendered":"http:\/\/volcanosurflanzarote.com\/?page_id=3148\/"},"modified":"2017-05-16T09:07:13","modified_gmt":"2017-05-16T09:07:13","slug":"cursos-y-alquiler","status":"publish","type":"page","link":"https:\/\/volcanosurflanzarote.com\/es\/cursos-y-alquiler\/","title":{"rendered":"Cursos y Alquiler"},"content":{"rendered":"<div class=\"well normal\">\n<p><img decoding=\"async\" loading=\"lazy\" class=\"alignleft wp-image-2079 size-medium\" title=\"volcano surf cursos y alquiler\" src=\"http:\/\/volcanosurflanzarote.com\/wp-content\/uploads\/2014\/09\/Depositphotos_14320895_original-300x200.jpg\" alt=\"volcano surf cursos y alquiler\" width=\"300\" height=\"200\" \/><\/p>\n<h3><strong><span style=\"color: #ff9900;\"><a style=\"color: #ff9900;\" href=\"http:\/\/volcanosurflanzarote.com\/surf-lessons\/\">Cursos y alquiler<\/a><br \/>\n<\/span><\/strong><\/h3>\n<p>Es incre\u00edble con que rapidez uno es capaz de coger una ola con buenas instrucciones y el equipo adecuado. Volcano Surf propone cursos de 2 horas hasta salidas de 10 dias. Asi damos\u00a0 la oportunidad a todo el mundo a \u201cdream and conquer\u201d (so\u00f1ar y conquistar).<\/p>\n<p>Bajo la supervisi\u00f3n de Seb y Marx ( monitores de surf con experiencia de mas de 15 a\u00f1os), pasar\u00e1s unas horas fenomenales con \u00e9xito ya despu\u00e9s del primer curso. Nuestros monitores te llevar\u00e1n de la espuma al \"peak\" par\u00e1ndote y disfrutando del RIDE de forma segura y\u00a0 divertida.<\/p>\n<a href=\"http:\/\/volcanosurflanzarote.com\/es\/cursos-de-surf\/\" title=\"Cursos de Surf\" class=\"btn btn-default btn-normal btn-inline \" target=\"_self\">Cursos de Surf<\/a><!-- .btn --><\/div>\n<div class=\"well normal\">\n<h3><img decoding=\"async\" loading=\"lazy\" class=\"alignleft wp-image-2330 size-medium\" title=\"curso de surf principiante\" src=\"http:\/\/volcanosurflanzarote.com\/wp-content\/uploads\/2016\/05\/volcanosurfBeginnerlesson-300x200.jpg\" alt=\"curso de surf principiante\" width=\"300\" height=\"200\" srcset=\"https:\/\/volcanosurflanzarote.com\/wp-content\/uploads\/2016\/05\/volcanosurfBeginnerlesson-300x200.jpg 300w, https:\/\/volcanosurflanzarote.com\/wp-content\/uploads\/2016\/05\/volcanosurfBeginnerlesson-768x512.jpg 768w, https:\/\/volcanosurflanzarote.com\/wp-content\/uploads\/2016\/05\/volcanosurfBeginnerlesson-1024x683.jpg 1024w, https:\/\/volcanosurflanzarote.com\/wp-content\/uploads\/2016\/05\/volcanosurfBeginnerlesson.jpg 1296w\" sizes=\"(max-width: 300px) 100vw, 300px\" \/><strong><span style=\"color: #ff9900;\">Cursos Principiantes<br \/>\n<\/span><\/strong><\/h3>\n<p>Nuestros cursos de principiantes empiezan con una introducci\u00f3n te\u00f3rica y pr\u00e1ctica al surf. Aprender\u00e1s sobre como equilibrarte en la tabla, aspectos de seguridad, como hacer el \u201ctake off\u201d para ponerte de pie en la tabla. Sobre el oceano, como moverse y lo m\u00e1s importante de todo <strong>como divertirse!<\/strong> Un surfero famoso respondi\u00f3 a la pregunta de qui\u00e9n era el mejor surfero: <em><strong>\"The best Surfer in the world?<br \/>\n.. The one having the most fun!\"<br \/>\n<\/strong><\/em>Empiezar\u00e1s <img decoding=\"async\" loading=\"lazy\" class=\"alignleft wp-image-2331 size-medium\" title=\"Volcano Surf Beginner lesson\" src=\"http:\/\/volcanosurflanzarote.com\/wp-content\/uploads\/2016\/05\/yay-300x225.jpg\" alt=\"Surf lessons beginner\" width=\"300\" height=\"225\" srcset=\"https:\/\/volcanosurflanzarote.com\/wp-content\/uploads\/2016\/05\/yay-300x225.jpg 300w, https:\/\/volcanosurflanzarote.com\/wp-content\/uploads\/2016\/05\/yay-768x576.jpg 768w, https:\/\/volcanosurflanzarote.com\/wp-content\/uploads\/2016\/05\/yay-1024x768.jpg 1024w, https:\/\/volcanosurflanzarote.com\/wp-content\/uploads\/2016\/05\/yay.jpg 1224w\" sizes=\"(max-width: 300px) 100vw, 300px\" \/> en la espuma para aprender los movimientos y como es estar encima de la tabla. Cuando estar\u00e1s cogiendo las olas m\u00e1s confortablemente y poni\u00e9ndote de pie el instructor te llevar\u00e1 al \u00ab line-up \u00bb donde coger\u00e1s la ola desde donde empieza a romperse. Ya ver\u00e1s, la primera vez que montar\u00e1s una ola... Vas a tener un sentimiento que no olvidar\u00e1s en toda tu vida.<br \/>\nLas tablas de principiantes son de espuma para tu seguridad durante el curso.<\/p>\n<p>&nbsp;<\/p>\n<\/div>\n<div class=\"well normal\">\n<h3><img decoding=\"async\" loading=\"lazy\" class=\"alignleft wp-image-2443 size-medium\" title=\"Volcano Surf curso intermedio\" src=\"http:\/\/volcanosurflanzarote.com\/wp-content\/uploads\/2016\/05\/VolcanoSurfschool-intermediateweb-300x225.jpg\" alt=\"VolcanoSurfschool-intermedio\" width=\"300\" height=\"225\" srcset=\"https:\/\/volcanosurflanzarote.com\/wp-content\/uploads\/2016\/05\/VolcanoSurfschool-intermediateweb-300x225.jpg 300w, https:\/\/volcanosurflanzarote.com\/wp-content\/uploads\/2016\/05\/VolcanoSurfschool-intermediateweb.jpg 454w\" sizes=\"(max-width: 300px) 100vw, 300px\" \/><\/h3>\n<h3><strong><span style=\"color: #ff9900;\">Intermedios<\/span><\/strong><\/h3>\n<p>Ya has surfeado, consigues coger olas en su punto rompiente y conoces las reglas este es tu curso. Nuestros instructores te llevar\u00e1n al spot compatible con tu nivel para ampliar tus conocimientos y tu surf.<\/p>\n<p>Los aspectos principales ser\u00e1n el \u00ab duck dive \u00bb, y un \u00ab take-off \u00bb correcto y reconocer cuando y en que direcci\u00f3n debes de coger la ola. De todas formas el instructor hablar\u00e1 contigo antes de ir al agua. Es para informarse donde est\u00e1s y hasta donde quieres llegar.<img decoding=\"async\" loading=\"lazy\" class=\"alignleft wp-image-2444\" src=\"http:\/\/volcanosurflanzarote.com\/wp-content\/uploads\/2016\/05\/sonja-surfingnew-intermediate.jpg\" alt=\"sonja-surfenando-intermedio\" width=\"301\" height=\"210\" \/><\/p>\n<p>&nbsp;<\/p>\n<p>&nbsp;<\/p>\n<p>&nbsp;<\/p>\n<p>&nbsp;<\/p>\n<\/div>\n<div class=\"well normal\">\n<h3><img decoding=\"async\" loading=\"lazy\" class=\"alignleft wp-image-2446 size-medium\" title=\"VolcanosurferPRo\" src=\"http:\/\/volcanosurflanzarote.com\/wp-content\/uploads\/2016\/05\/VolcanosurferPRo-300x200.jpg\" alt=\"VolcanosurferPRo\" width=\"300\" height=\"200\" srcset=\"https:\/\/volcanosurflanzarote.com\/wp-content\/uploads\/2016\/05\/VolcanosurferPRo-300x200.jpg 300w, https:\/\/volcanosurflanzarote.com\/wp-content\/uploads\/2016\/05\/VolcanosurferPRo.jpg 425w\" sizes=\"(max-width: 300px) 100vw, 300px\" \/><\/h3>\n<h3><strong><span style=\"color: #ff9900;\">Avancados<\/span><\/strong><\/h3>\n<p>Ya surfeas bien. Conoces el oc\u00e9ano y tienes experiencias con \u00ab reef breaks \u00bb. Nosotros encontraremos el spot mas adecuado a tu nivel. Nuestros monitores te guiar\u00e1n y te indicar\u00e1n las puntos mas importantes que tienes que saber sobre el spot. Sobre el comportamiento de la ola y como entrar y salir.<br \/>\nSalir con un instructor certificado y con muchos a\u00f1os de experiencia de ense\u00f1anza y surf te ayudar\u00e1 mucho con tu progreso. Nuestros instructores ayudar\u00e1n incluso a surferos con experiencia a mejorar su estilo y deshacerse de \u00ab malas costumbres \u00bb.<\/p>\n<\/div>\n<div class=\"well normal\">\n<h4><a href=\"http:\/\/volcanosurflanzarote.com\/es\/precios-cursos-de-surf\/\"><strong><span style=\"color: #ff9900;\">informate sobre nuestros precios<\/span><\/strong><\/a><\/h4>\n<h4><span style=\"color: #ff9900;\"><\/div><\/span><\/h4>\n","protected":false},"excerpt":{"rendered":"","protected":false},"author":1,"featured_media":0,"parent":0,"menu_order":0,"comment_status":"closed","ping_status":"closed","template":"","meta":{"_themeisle_gutenberg_block_has_review":false},"yoast_head":"<!-- This site is optimized with the Yoast SEO plugin v18.4.1 - https:\/\/yoast.com\/wordpress\/plugins\/seo\/ -->\n<title>Volcano Surf Lanzarote - Cursos de surf y alquiler de material<\/title>\n<meta name=\"description\" content=\"en volcano surf te ofrecemos diferentes tipos de cursos para principiantes y por surferos con nivel alto. Alquiler, Cursos y venta de tablas de segunda mano\" \/>\n<meta name=\"robots\" content=\"index, follow, max-snippet:-1, max-image-preview:large, max-video-preview:-1\" \/>\n<link rel=\"canonical\" href=\"https:\/\/volcanosurflanzarote.com\/es\/cursos-y-alquiler\/\" \/>\n<meta property=\"og:locale\" content=\"es_ES\" \/>\n<meta property=\"og:type\" content=\"article\" \/>\n<meta property=\"og:title\" content=\"Volcano Surf Lanzarote - Cursos de surf y alquiler de material\" \/>\n<meta property=\"og:description\" content=\"en volcano surf te ofrecemos diferentes tipos de cursos para principiantes y por surferos con nivel alto. Alquiler, Cursos y venta de tablas de segunda mano\" \/>\n<meta property=\"og:url\" content=\"https:\/\/volcanosurflanzarote.com\/es\/cursos-y-alquiler\/\" \/>\n<meta property=\"og:site_name\" content=\"Volcano Surf School Lanzarote\" \/>\n<meta property=\"article:publisher\" content=\"https:\/\/www.facebook.com\/Volcanosurf-Lanzarote-503974406430753\/?ref=br_rs\" \/>\n<meta property=\"article:modified_time\" content=\"2017-05-16T09:07:13+00:00\" \/>\n<meta property=\"og:image\" content=\"http:\/\/volcanosurflanzarote.com\/wp-content\/uploads\/2014\/09\/Depositphotos_14320895_original-300x200.jpg\" \/>\n<meta name=\"twitter:card\" content=\"summary\" \/>\n<meta name=\"twitter:label1\" content=\"Tiempo de lectura\" \/>\n\t<meta name=\"twitter:data1\" content=\"2 minutos\" \/>\n<script type=\"application\/ld+json\" class=\"yoast-schema-graph\">{\"@context\":\"https:\/\/schema.org\",\"@graph\":[{\"@type\":\"Organization\",\"@id\":\"https:\/\/volcanosurflanzarote.com\/#organization\",\"name\":\"Volcano surf school Lanzarote\",\"url\":\"https:\/\/volcanosurflanzarote.com\/\",\"sameAs\":[\"https:\/\/www.facebook.com\/Volcanosurf-Lanzarote-503974406430753\/?ref=br_rs\"],\"logo\":{\"@type\":\"ImageObject\",\"@id\":\"https:\/\/volcanosurflanzarote.com\/#logo\",\"inLanguage\":\"es\",\"url\":\"http:\/\/volcanosurflanzarote.com\/wp-content\/uploads\/2017\/03\/logo_volcanosurflanzarote.jpg\",\"contentUrl\":\"http:\/\/volcanosurflanzarote.com\/wp-content\/uploads\/2017\/03\/logo_volcanosurflanzarote.jpg\",\"width\":968,\"height\":847,\"caption\":\"Volcano surf school Lanzarote\"},\"image\":{\"@id\":\"https:\/\/volcanosurflanzarote.com\/#logo\"}},{\"@type\":\"WebSite\",\"@id\":\"https:\/\/volcanosurflanzarote.com\/#website\",\"url\":\"https:\/\/volcanosurflanzarote.com\/\",\"name\":\"Volcano Surf School Lanzarote\",\"description\":\"Surf School in Lanzarote`s Surf Paradise\",\"publisher\":{\"@id\":\"https:\/\/volcanosurflanzarote.com\/#organization\"},\"potentialAction\":[{\"@type\":\"SearchAction\",\"target\":{\"@type\":\"EntryPoint\",\"urlTemplate\":\"https:\/\/volcanosurflanzarote.com\/?s={search_term_string}\"},\"query-input\":\"required name=search_term_string\"}],\"inLanguage\":\"es\"},{\"@type\":\"ImageObject\",\"@id\":\"https:\/\/volcanosurflanzarote.com\/es\/cursos-y-alquiler\/#primaryimage\",\"inLanguage\":\"es\",\"url\":\"http:\/\/volcanosurflanzarote.com\/wp-content\/uploads\/2014\/09\/Depositphotos_14320895_original-300x200.jpg\",\"contentUrl\":\"http:\/\/volcanosurflanzarote.com\/wp-content\/uploads\/2014\/09\/Depositphotos_14320895_original-300x200.jpg\"},{\"@type\":\"WebPage\",\"@id\":\"https:\/\/volcanosurflanzarote.com\/es\/cursos-y-alquiler\/#webpage\",\"url\":\"https:\/\/volcanosurflanzarote.com\/es\/cursos-y-alquiler\/\",\"name\":\"Volcano Surf Lanzarote - Cursos de surf y alquiler de material\",\"isPartOf\":{\"@id\":\"https:\/\/volcanosurflanzarote.com\/#website\"},\"primaryImageOfPage\":{\"@id\":\"https:\/\/volcanosurflanzarote.com\/es\/cursos-y-alquiler\/#primaryimage\"},\"datePublished\":\"2017-03-26T17:27:00+00:00\",\"dateModified\":\"2017-05-16T09:07:13+00:00\",\"description\":\"en volcano surf te ofrecemos diferentes tipos de cursos para principiantes y por surferos con nivel alto. Alquiler, Cursos y venta de tablas de segunda mano\",\"breadcrumb\":{\"@id\":\"https:\/\/volcanosurflanzarote.com\/es\/cursos-y-alquiler\/#breadcrumb\"},\"inLanguage\":\"es\",\"potentialAction\":[{\"@type\":\"ReadAction\",\"target\":[\"https:\/\/volcanosurflanzarote.com\/es\/cursos-y-alquiler\/\"]}]},{\"@type\":\"BreadcrumbList\",\"@id\":\"https:\/\/volcanosurflanzarote.com\/es\/cursos-y-alquiler\/#breadcrumb\",\"itemListElement\":[{\"@type\":\"ListItem\",\"position\":1,\"name\":\"Home\",\"item\":\"https:\/\/volcanosurflanzarote.com\/es\/\"},{\"@type\":\"ListItem\",\"position\":2,\"name\":\"Cursos y Alquiler\"}]}]}<\/script>\n<!-- \/ Yoast SEO plugin. -->","yoast_head_json":{"title":"Volcano Surf Lanzarote - Cursos de surf y alquiler de material","description":"en volcano surf te ofrecemos diferentes tipos de cursos para principiantes y por surferos con nivel alto. Alquiler, Cursos y venta de tablas de segunda mano","robots":{"index":"index","follow":"follow","max-snippet":"max-snippet:-1","max-image-preview":"max-image-preview:large","max-video-preview":"max-video-preview:-1"},"canonical":"https:\/\/volcanosurflanzarote.com\/es\/cursos-y-alquiler\/","og_locale":"es_ES","og_type":"article","og_title":"Volcano Surf Lanzarote - Cursos de surf y alquiler de material","og_description":"en volcano surf te ofrecemos diferentes tipos de cursos para principiantes y por surferos con nivel alto. Alquiler, Cursos y venta de tablas de segunda mano","og_url":"https:\/\/volcanosurflanzarote.com\/es\/cursos-y-alquiler\/","og_site_name":"Volcano Surf School Lanzarote","article_publisher":"https:\/\/www.facebook.com\/Volcanosurf-Lanzarote-503974406430753\/?ref=br_rs","article_modified_time":"2017-05-16T09:07:13+00:00","og_image":[{"url":"http:\/\/volcanosurflanzarote.com\/wp-content\/uploads\/2014\/09\/Depositphotos_14320895_original-300x200.jpg"}],"twitter_card":"summary","twitter_misc":{"Tiempo de lectura":"2 minutos"},"schema":{"@context":"https:\/\/schema.org","@graph":[{"@type":"Organization","@id":"https:\/\/volcanosurflanzarote.com\/#organization","name":"Volcano surf school Lanzarote","url":"https:\/\/volcanosurflanzarote.com\/","sameAs":["https:\/\/www.facebook.com\/Volcanosurf-Lanzarote-503974406430753\/?ref=br_rs"],"logo":{"@type":"ImageObject","@id":"https:\/\/volcanosurflanzarote.com\/#logo","inLanguage":"es","url":"http:\/\/volcanosurflanzarote.com\/wp-content\/uploads\/2017\/03\/logo_volcanosurflanzarote.jpg","contentUrl":"http:\/\/volcanosurflanzarote.com\/wp-content\/uploads\/2017\/03\/logo_volcanosurflanzarote.jpg","width":968,"height":847,"caption":"Volcano surf school Lanzarote"},"image":{"@id":"https:\/\/volcanosurflanzarote.com\/#logo"}},{"@type":"WebSite","@id":"https:\/\/volcanosurflanzarote.com\/#website","url":"https:\/\/volcanosurflanzarote.com\/","name":"Volcano Surf School Lanzarote","description":"Surf School in Lanzarote`s Surf Paradise","publisher":{"@id":"https:\/\/volcanosurflanzarote.com\/#organization"},"potentialAction":[{"@type":"SearchAction","target":{"@type":"EntryPoint","urlTemplate":"https:\/\/volcanosurflanzarote.com\/?s={search_term_string}"},"query-input":"required name=search_term_string"}],"inLanguage":"es"},{"@type":"ImageObject","@id":"https:\/\/volcanosurflanzarote.com\/es\/cursos-y-alquiler\/#primaryimage","inLanguage":"es","url":"http:\/\/volcanosurflanzarote.com\/wp-content\/uploads\/2014\/09\/Depositphotos_14320895_original-300x200.jpg","contentUrl":"http:\/\/volcanosurflanzarote.com\/wp-content\/uploads\/2014\/09\/Depositphotos_14320895_original-300x200.jpg"},{"@type":"WebPage","@id":"https:\/\/volcanosurflanzarote.com\/es\/cursos-y-alquiler\/#webpage","url":"https:\/\/volcanosurflanzarote.com\/es\/cursos-y-alquiler\/","name":"Volcano Surf Lanzarote - Cursos de surf y alquiler de material","isPartOf":{"@id":"https:\/\/volcanosurflanzarote.com\/#website"},"primaryImageOfPage":{"@id":"https:\/\/volcanosurflanzarote.com\/es\/cursos-y-alquiler\/#primaryimage"},"datePublished":"2017-03-26T17:27:00+00:00","dateModified":"2017-05-16T09:07:13+00:00","description":"en volcano surf te ofrecemos diferentes tipos de cursos para principiantes y por surferos con nivel alto. Alquiler, Cursos y venta de tablas de segunda mano","breadcrumb":{"@id":"https:\/\/volcanosurflanzarote.com\/es\/cursos-y-alquiler\/#breadcrumb"},"inLanguage":"es","potentialAction":[{"@type":"ReadAction","target":["https:\/\/volcanosurflanzarote.com\/es\/cursos-y-alquiler\/"]}]},{"@type":"BreadcrumbList","@id":"https:\/\/volcanosurflanzarote.com\/es\/cursos-y-alquiler\/#breadcrumb","itemListElement":[{"@type":"ListItem","position":1,"name":"Home","item":"https:\/\/volcanosurflanzarote.com\/es\/"},{"@type":"ListItem","position":2,"name":"Cursos y Alquiler"}]}]}},"_links":{"self":[{"href":"https:\/\/volcanosurflanzarote.com\/es\/wp-json\/wp\/v2\/pages\/3148"}],"collection":[{"href":"https:\/\/volcanosurflanzarote.com\/es\/wp-json\/wp\/v2\/pages"}],"about":[{"href":"https:\/\/volcanosurflanzarote.com\/es\/wp-json\/wp\/v2\/types\/page"}],"author":[{"embeddable":true,"href":"https:\/\/volcanosurflanzarote.com\/es\/wp-json\/wp\/v2\/users\/1"}],"replies":[{"embeddable":true,"href":"https:\/\/volcanosurflanzarote.com\/es\/wp-json\/wp\/v2\/comments?post=3148"}],"version-history":[{"count":15,"href":"https:\/\/volcanosurflanzarote.com\/es\/wp-json\/wp\/v2\/pages\/3148\/revisions"}],"predecessor-version":[{"id":3486,"href":"https:\/\/volcanosurflanzarote.com\/es\/wp-json\/wp\/v2\/pages\/3148\/revisions\/3486"}],"wp:attachment":[{"href":"https:\/\/volcanosurflanzarote.com\/es\/wp-json\/wp\/v2\/media?parent=3148"}],"curies":[{"name":"wp","href":"https:\/\/api.w.org\/{rel}","templated":true}]}}