{"id":3115,"date":"2017-03-26T16:09:15","date_gmt":"2017-03-26T16:09:15","guid":{"rendered":"http:\/\/volcanosurflanzarote.com\/?page_id=3115\/"},"modified":"2017-05-16T09:22:21","modified_gmt":"2017-05-16T09:22:21","slug":"lanzarote","status":"publish","type":"page","link":"https:\/\/volcanosurflanzarote.com\/es\/lanzarote\/","title":{"rendered":"Lanzarote"},"content":{"rendered":"<div class=\"well normal\">\n<h1><span style=\"color: #808080;\">Lanzarote..<\/span><\/h1>\n<h3><span style=\"color: #808080;\">hay vida aparte del surf! \ud83d\ude09<\/span><\/h3>\n<h6>Lanzarote, maquina de olas desde <span style=\"color: #ff6600;\">10 milliones<\/span> de a\u00f1os!<\/h6>\n<\/div>\n<iframe loading=\"lazy\" src=\"https:\/\/player.vimeo.com\/video\/83800148\" width=\"776\" height=\"360\" frameborder=\"0\" allowfullscreen=\"allowfullscreen\" data-mce-fragment=\"1\"><\/iframe><a href=\"https:\/\/vimeo.com\/83800148\">The Lanzarote Effect<\/a> from <a href=\"https:\/\/vimeo.com\/leaetnicolas\">Lea et Nicolas Features<\/a> on <a href=\"https:\/\/vimeo.com\">Vimeo<\/a>.<\/p>\n<div class=\"well normal\"> Sin duda Lanzarote es\u00a0 un para\u00edso incomprable de surf. Esta hermosa isla volc\u00e1nica ofrece un clima fenomenal durante todo el a\u00f1o. Bell\u00edsimas playas largas y para nosotros olas impresionantes durante todo el a\u00f1o a lo largo de la costa de un \u201cpaisaje lun\u00e1tico de una belleza incre\u00edble\u201d. BEACH BREAKS; REEF BREAKS, olas europeas de primera. Lugar de campeonato mundial. Esta isla tiene de todo para todos, de los surferos buenos a los principiantes motivados.<\/p>\n<p>Lanzarote mide 60 km de largo y 35 km de ancho, es muy f\u00e1cil llegar de un lado al otro.<br \/>\nUna de las razones principales porque tantos eligen esta isla como destino para surfear es su clima. Las temperaturas oscilan entre\u00a0 21\u00b0C en enero y 28 \u00b0C en agosto. La temperatura del agua var\u00eda de 17\u00b0C a 24\u00b0C. Su locaci\u00f3n geogr\u00e1fica la provee olas durante todo el a\u00f1o, del oeste y sur durante el verano y grande del norte y noroeste durante el invierno. Resultando en olas grandes en la costa oeste y peque\u00f1as en la costa este. Siempre se encuentra un spot para surfear, sea para principiantes como para avanzados.<\/p>\n<\/div>\n<h6><\/h6>\n<p>&nbsp;<\/p>\n<p><a href=\"http:\/\/volcanosurflanzarote.com\/wp-content\/uploads\/2017\/01\/lanzarote_120x80cm.png\"><img decoding=\"async\" loading=\"lazy\" class=\"alignleft wp-image-2728\" src=\"http:\/\/volcanosurflanzarote.com\/wp-content\/uploads\/2017\/01\/lanzarote_120x80cm.png\" alt=\"surf map of lanzarote\" width=\"1164\" height=\"776\" srcset=\"https:\/\/volcanosurflanzarote.com\/wp-content\/uploads\/2017\/01\/lanzarote_120x80cm.png 3402w, https:\/\/volcanosurflanzarote.com\/wp-content\/uploads\/2017\/01\/lanzarote_120x80cm-300x200.png 300w, https:\/\/volcanosurflanzarote.com\/wp-content\/uploads\/2017\/01\/lanzarote_120x80cm-768x512.png 768w, https:\/\/volcanosurflanzarote.com\/wp-content\/uploads\/2017\/01\/lanzarote_120x80cm-1024x683.png 1024w\" sizes=\"(max-width: 1164px) 100vw, 1164px\" \/><\/a><\/p>\n<p>&nbsp;<\/p>\n<p>&nbsp;<\/p>\n<div class=\"well normal\">\n<p>&nbsp;<\/p>\n<h1>The island...<\/h1>\n<p><a href=\"http:\/\/volcanosurflanzarote.com\/wp-content\/uploads\/2017\/01\/timanfaya.jpg\"><img decoding=\"async\" loading=\"lazy\" class=\"alignleft wp-image-2706 size-medium\" src=\"http:\/\/volcanosurflanzarote.com\/wp-content\/uploads\/2017\/01\/timanfaya-300x200.jpg\" alt=\"national park timanfaya, lanzarote\" width=\"300\" height=\"200\" srcset=\"https:\/\/volcanosurflanzarote.com\/wp-content\/uploads\/2017\/01\/timanfaya-300x200.jpg 300w, https:\/\/volcanosurflanzarote.com\/wp-content\/uploads\/2017\/01\/timanfaya.jpg 600w\" sizes=\"(max-width: 300px) 100vw, 300px\" \/><\/a><\/p>\n<p>... ofrece atracciones \u00fanicas y sitios espectaculares para visitar. Por ejemplo el <span class=\"text-highlight\"><strong>Parque Nacional de Timanfaya<\/strong> <\/span><!-- .highlight (end) -->, uno de los mejores ejemplos de un h\u00e1bitat volc\u00e1nico de poca vegetaci\u00f3n donde viven esp\u00e9cies raras que se alimentan de mat\u00e9ria org\u00e1nica que trae el viento. <span class=\"text-highlight\"><strong>Jameos del Agua<\/span><!-- .highlight (end) --><\/strong>, un labirinto de cuevas y grutas subterr\u00e1neas, el crater <span class=\"text-highlight\"><strong>El Golfo<\/strong>, <strong>el Mirador del R\u00edo<\/span><!-- .highlight (end) --><\/strong> con sus vistas espectaculares, <span class=\"text-highlight\"><strong>Cueva de los Verdes<\/span><!-- .highlight (end) -->, <span class=\"text-highlight\">Jard\u00edn de Cactus<\/span><!-- .highlight (end) -->, <span class=\"text-highlight\">Teguise<\/span><!-- .highlight (end) -->, <span class=\"text-highlight\">el <span class=\"text-highlight\"><\/span><!-- .highlight (end) -->Museo de Arte Contempor\u00e1nea<\/span><!-- .highlight (end) -->, etc ..<\/strong><\/p>\n<\/div>\n","protected":false},"excerpt":{"rendered":"The Lanzarote Effect from Lea et Nicolas Features on Vimeo. &nbsp; &nbsp; &nbsp;","protected":false},"author":1,"featured_media":0,"parent":0,"menu_order":0,"comment_status":"closed","ping_status":"closed","template":"","meta":{"_themeisle_gutenberg_block_has_review":false},"yoast_head":"<!-- This site is optimized with the Yoast SEO plugin v18.4.1 - https:\/\/yoast.com\/wordpress\/plugins\/seo\/ -->\n<title>Volcano Surf Lanzarote - Lanzarote, hay vida aparte del surf!<\/title>\n<meta name=\"description\" content=\"Sin duda Lanzarote es un para\u00edso incomprable de surf. Esta hermosa isla volc\u00e1nica ofrece un clima fenomenal durante todo el a\u00f1o.\" \/>\n<meta name=\"robots\" content=\"index, follow, max-snippet:-1, max-image-preview:large, max-video-preview:-1\" \/>\n<link rel=\"canonical\" href=\"https:\/\/volcanosurflanzarote.com\/es\/lanzarote\/\" \/>\n<meta property=\"og:locale\" content=\"es_ES\" \/>\n<meta property=\"og:type\" content=\"article\" \/>\n<meta property=\"og:title\" content=\"Volcano Surf Lanzarote - Lanzarote, hay vida aparte del surf!\" \/>\n<meta property=\"og:description\" content=\"Sin duda Lanzarote es un para\u00edso incomprable de surf. Esta hermosa isla volc\u00e1nica ofrece un clima fenomenal durante todo el a\u00f1o.\" \/>\n<meta property=\"og:url\" content=\"https:\/\/volcanosurflanzarote.com\/es\/lanzarote\/\" \/>\n<meta property=\"og:site_name\" content=\"Volcano Surf School Lanzarote\" \/>\n<meta property=\"article:publisher\" content=\"https:\/\/www.facebook.com\/Volcanosurf-Lanzarote-503974406430753\/?ref=br_rs\" \/>\n<meta property=\"article:modified_time\" content=\"2017-05-16T09:22:21+00:00\" \/>\n<meta property=\"og:image\" content=\"http:\/\/volcanosurflanzarote.com\/wp-content\/uploads\/2017\/01\/lanzarote_120x80cm.png\" \/>\n<meta name=\"twitter:card\" content=\"summary\" \/>\n<meta name=\"twitter:label1\" content=\"Tiempo de lectura\" \/>\n\t<meta name=\"twitter:data1\" content=\"2 minutos\" \/>\n<script type=\"application\/ld+json\" class=\"yoast-schema-graph\">{\"@context\":\"https:\/\/schema.org\",\"@graph\":[{\"@type\":\"Organization\",\"@id\":\"https:\/\/volcanosurflanzarote.com\/#organization\",\"name\":\"Volcano surf school Lanzarote\",\"url\":\"https:\/\/volcanosurflanzarote.com\/\",\"sameAs\":[\"https:\/\/www.facebook.com\/Volcanosurf-Lanzarote-503974406430753\/?ref=br_rs\"],\"logo\":{\"@type\":\"ImageObject\",\"@id\":\"https:\/\/volcanosurflanzarote.com\/#logo\",\"inLanguage\":\"es\",\"url\":\"http:\/\/volcanosurflanzarote.com\/wp-content\/uploads\/2017\/03\/logo_volcanosurflanzarote.jpg\",\"contentUrl\":\"http:\/\/volcanosurflanzarote.com\/wp-content\/uploads\/2017\/03\/logo_volcanosurflanzarote.jpg\",\"width\":968,\"height\":847,\"caption\":\"Volcano surf school Lanzarote\"},\"image\":{\"@id\":\"https:\/\/volcanosurflanzarote.com\/#logo\"}},{\"@type\":\"WebSite\",\"@id\":\"https:\/\/volcanosurflanzarote.com\/#website\",\"url\":\"https:\/\/volcanosurflanzarote.com\/\",\"name\":\"Volcano Surf School Lanzarote\",\"description\":\"Surf School in Lanzarote`s Surf Paradise\",\"publisher\":{\"@id\":\"https:\/\/volcanosurflanzarote.com\/#organization\"},\"potentialAction\":[{\"@type\":\"SearchAction\",\"target\":{\"@type\":\"EntryPoint\",\"urlTemplate\":\"https:\/\/volcanosurflanzarote.com\/?s={search_term_string}\"},\"query-input\":\"required name=search_term_string\"}],\"inLanguage\":\"es\"},{\"@type\":\"ImageObject\",\"@id\":\"https:\/\/volcanosurflanzarote.com\/es\/lanzarote\/#primaryimage\",\"inLanguage\":\"es\",\"url\":\"https:\/\/volcanosurflanzarote.com\/wp-content\/uploads\/2017\/01\/lanzarote_120x80cm.png\",\"contentUrl\":\"https:\/\/volcanosurflanzarote.com\/wp-content\/uploads\/2017\/01\/lanzarote_120x80cm.png\",\"width\":3402,\"height\":2268},{\"@type\":\"WebPage\",\"@id\":\"https:\/\/volcanosurflanzarote.com\/es\/lanzarote\/#webpage\",\"url\":\"https:\/\/volcanosurflanzarote.com\/es\/lanzarote\/\",\"name\":\"Volcano Surf Lanzarote - Lanzarote, hay vida aparte del surf!\",\"isPartOf\":{\"@id\":\"https:\/\/volcanosurflanzarote.com\/#website\"},\"primaryImageOfPage\":{\"@id\":\"https:\/\/volcanosurflanzarote.com\/es\/lanzarote\/#primaryimage\"},\"datePublished\":\"2017-03-26T16:09:15+00:00\",\"dateModified\":\"2017-05-16T09:22:21+00:00\",\"description\":\"Sin duda Lanzarote es un para\u00edso incomprable de surf. Esta hermosa isla volc\u00e1nica ofrece un clima fenomenal durante todo el a\u00f1o.\",\"breadcrumb\":{\"@id\":\"https:\/\/volcanosurflanzarote.com\/es\/lanzarote\/#breadcrumb\"},\"inLanguage\":\"es\",\"potentialAction\":[{\"@type\":\"ReadAction\",\"target\":[\"https:\/\/volcanosurflanzarote.com\/es\/lanzarote\/\"]}]},{\"@type\":\"BreadcrumbList\",\"@id\":\"https:\/\/volcanosurflanzarote.com\/es\/lanzarote\/#breadcrumb\",\"itemListElement\":[{\"@type\":\"ListItem\",\"position\":1,\"name\":\"Home\",\"item\":\"https:\/\/volcanosurflanzarote.com\/es\/\"},{\"@type\":\"ListItem\",\"position\":2,\"name\":\"Lanzarote\"}]}]}<\/script>\n<!-- \/ Yoast SEO plugin. -->","yoast_head_json":{"title":"Volcano Surf Lanzarote - Lanzarote, hay vida aparte del surf!","description":"Sin duda Lanzarote es un para\u00edso incomprable de surf. Esta hermosa isla volc\u00e1nica ofrece un clima fenomenal durante todo el a\u00f1o.","robots":{"index":"index","follow":"follow","max-snippet":"max-snippet:-1","max-image-preview":"max-image-preview:large","max-video-preview":"max-video-preview:-1"},"canonical":"https:\/\/volcanosurflanzarote.com\/es\/lanzarote\/","og_locale":"es_ES","og_type":"article","og_title":"Volcano Surf Lanzarote - Lanzarote, hay vida aparte del surf!","og_description":"Sin duda Lanzarote es un para\u00edso incomprable de surf. Esta hermosa isla volc\u00e1nica ofrece un clima fenomenal durante todo el a\u00f1o.","og_url":"https:\/\/volcanosurflanzarote.com\/es\/lanzarote\/","og_site_name":"Volcano Surf School Lanzarote","article_publisher":"https:\/\/www.facebook.com\/Volcanosurf-Lanzarote-503974406430753\/?ref=br_rs","article_modified_time":"2017-05-16T09:22:21+00:00","og_image":[{"url":"http:\/\/volcanosurflanzarote.com\/wp-content\/uploads\/2017\/01\/lanzarote_120x80cm.png"}],"twitter_card":"summary","twitter_misc":{"Tiempo de lectura":"2 minutos"},"schema":{"@context":"https:\/\/schema.org","@graph":[{"@type":"Organization","@id":"https:\/\/volcanosurflanzarote.com\/#organization","name":"Volcano surf school Lanzarote","url":"https:\/\/volcanosurflanzarote.com\/","sameAs":["https:\/\/www.facebook.com\/Volcanosurf-Lanzarote-503974406430753\/?ref=br_rs"],"logo":{"@type":"ImageObject","@id":"https:\/\/volcanosurflanzarote.com\/#logo","inLanguage":"es","url":"http:\/\/volcanosurflanzarote.com\/wp-content\/uploads\/2017\/03\/logo_volcanosurflanzarote.jpg","contentUrl":"http:\/\/volcanosurflanzarote.com\/wp-content\/uploads\/2017\/03\/logo_volcanosurflanzarote.jpg","width":968,"height":847,"caption":"Volcano surf school Lanzarote"},"image":{"@id":"https:\/\/volcanosurflanzarote.com\/#logo"}},{"@type":"WebSite","@id":"https:\/\/volcanosurflanzarote.com\/#website","url":"https:\/\/volcanosurflanzarote.com\/","name":"Volcano Surf School Lanzarote","description":"Surf School in Lanzarote`s Surf Paradise","publisher":{"@id":"https:\/\/volcanosurflanzarote.com\/#organization"},"potentialAction":[{"@type":"SearchAction","target":{"@type":"EntryPoint","urlTemplate":"https:\/\/volcanosurflanzarote.com\/?s={search_term_string}"},"query-input":"required name=search_term_string"}],"inLanguage":"es"},{"@type":"ImageObject","@id":"https:\/\/volcanosurflanzarote.com\/es\/lanzarote\/#primaryimage","inLanguage":"es","url":"https:\/\/volcanosurflanzarote.com\/wp-content\/uploads\/2017\/01\/lanzarote_120x80cm.png","contentUrl":"https:\/\/volcanosurflanzarote.com\/wp-content\/uploads\/2017\/01\/lanzarote_120x80cm.png","width":3402,"height":2268},{"@type":"WebPage","@id":"https:\/\/volcanosurflanzarote.com\/es\/lanzarote\/#webpage","url":"https:\/\/volcanosurflanzarote.com\/es\/lanzarote\/","name":"Volcano Surf Lanzarote - Lanzarote, hay vida aparte del surf!","isPartOf":{"@id":"https:\/\/volcanosurflanzarote.com\/#website"},"primaryImageOfPage":{"@id":"https:\/\/volcanosurflanzarote.com\/es\/lanzarote\/#primaryimage"},"datePublished":"2017-03-26T16:09:15+00:00","dateModified":"2017-05-16T09:22:21+00:00","description":"Sin duda Lanzarote es un para\u00edso incomprable de surf. Esta hermosa isla volc\u00e1nica ofrece un clima fenomenal durante todo el a\u00f1o.","breadcrumb":{"@id":"https:\/\/volcanosurflanzarote.com\/es\/lanzarote\/#breadcrumb"},"inLanguage":"es","potentialAction":[{"@type":"ReadAction","target":["https:\/\/volcanosurflanzarote.com\/es\/lanzarote\/"]}]},{"@type":"BreadcrumbList","@id":"https:\/\/volcanosurflanzarote.com\/es\/lanzarote\/#breadcrumb","itemListElement":[{"@type":"ListItem","position":1,"name":"Home","item":"https:\/\/volcanosurflanzarote.com\/es\/"},{"@type":"ListItem","position":2,"name":"Lanzarote"}]}]}},"_links":{"self":[{"href":"https:\/\/volcanosurflanzarote.com\/es\/wp-json\/wp\/v2\/pages\/3115"}],"collection":[{"href":"https:\/\/volcanosurflanzarote.com\/es\/wp-json\/wp\/v2\/pages"}],"about":[{"href":"https:\/\/volcanosurflanzarote.com\/es\/wp-json\/wp\/v2\/types\/page"}],"author":[{"embeddable":true,"href":"https:\/\/volcanosurflanzarote.com\/es\/wp-json\/wp\/v2\/users\/1"}],"replies":[{"embeddable":true,"href":"https:\/\/volcanosurflanzarote.com\/es\/wp-json\/wp\/v2\/comments?post=3115"}],"version-history":[{"count":20,"href":"https:\/\/volcanosurflanzarote.com\/es\/wp-json\/wp\/v2\/pages\/3115\/revisions"}],"predecessor-version":[{"id":3490,"href":"https:\/\/volcanosurflanzarote.com\/es\/wp-json\/wp\/v2\/pages\/3115\/revisions\/3490"}],"wp:attachment":[{"href":"https:\/\/volcanosurflanzarote.com\/es\/wp-json\/wp\/v2\/media?parent=3115"}],"curies":[{"name":"wp","href":"https:\/\/api.w.org\/{rel}","templated":true}]}}