{"id":2968,"date":"2017-03-26T11:13:39","date_gmt":"2017-03-26T11:13:39","guid":{"rendered":"http:\/\/volcanosurflanzarote.com\/?page_id=2968\/"},"modified":"2017-06-26T11:32:45","modified_gmt":"2017-06-26T11:32:45","slug":"home","status":"publish","type":"page","link":"https:\/\/volcanosurflanzarote.com\/es\/","title":{"rendered":"Home"},"content":{"rendered":"<div class=\"row \">\n<div class=\"span12 \"><section class=\"lazy-load-box trigger effect-slidetop \" data-delay=\"0\" data-speed=\"600\" style=\"-webkit-transition: all 600ms ease; -moz-transition: all 600ms ease; -ms-transition: all 600ms ease; -o-transition: all 600ms ease; transition: all 600ms ease;\">\n<p>&nbsp;<\/p>\n<\/section><\/div>\n<div class=\"span3 \"><section class=\"lazy-load-box trigger effect-slidetop \" data-delay=\"0\" data-speed=\"600\" style=\"-webkit-transition: all 600ms ease; -moz-transition: all 600ms ease; -ms-transition: all 600ms ease; -o-transition: all 600ms ease; transition: all 600ms ease;\">\n<div class=\"banner-wrap banner-home\"><h5>Escuela de Surf Volcano<br \/>\n<\/h5><figure class=\"featured-thumbnail\"><a href=\"http:\/\/volcanosurflanzarote.com\/es\/nosotros\" title=\"Escuela de Surf Volcano<br \/>\n\"><img src=\"https:\/\/volcanosurflanzarote.com\/wp-content\/uploads\/2011\/09\/home1-1.jpg\" title=\"Escuela de Surf Volcano<br \/>\n\" alt=\"\" \/><\/a><\/figure><p>\u00a1Bienvenido a la escuela Volcano Surf! Nuestra escuela est\u00e1 ubicada en el soleado y hermoso balneario de Costa Teguise, Lanzarote. <\/p><div class=\"link-align\"><a href=\"http:\/\/volcanosurflanzarote.com\/es\/nosotros\" title=\"leer m\u00e1s\" class=\"btn btn-link\" target=\"_self\">leer m\u00e1s<\/a><\/div><\/div><!-- .banner-wrap (end) -->\n<div class=\"banner-wrap \"><\/div><!-- .banner-wrap (end) -->\n<\/section><\/div>\n<div class=\"span3 \"><section class=\"lazy-load-box trigger effect-slidetop \" data-delay=\"200\" data-speed=\"600\" style=\"-webkit-transition: all 600ms ease; -moz-transition: all 600ms ease; -ms-transition: all 600ms ease; -o-transition: all 600ms ease; transition: all 600ms ease;\">\n<div class=\"banner-wrap banner-home\"><h5>Cursos Volcano Surf<\/h5><figure class=\"featured-thumbnail\"><a href=\"http:\/\/volcanosurflanzarote.com\/es\/cursos-de-surf\/\" title=\"Cursos Volcano Surf\"><img src=\"https:\/\/volcanosurflanzarote.com\/wp-content\/uploads\/2017\/01\/Foto-Lessons-and-courses.jpg\" title=\"Cursos Volcano Surf\" alt=\"\" \/><\/a><\/figure><p>Ofrecemos una amplia gama de cursos diferentes a nuestros clientes. As\u00ed que los principiantes y los surfistas avanzados pueden mejorar sus habilidades. <\/p><div class=\"link-align\"><a href=\"http:\/\/volcanosurflanzarote.com\/es\/cursos-de-surf\/\" title=\"leer m\u00e1s\" class=\"btn btn-link\" target=\"_self\">leer m\u00e1s<\/a><\/div><\/div><!-- .banner-wrap (end) -->\n<\/section><\/div>\n<div class=\"span3 \"><section class=\"lazy-load-box trigger effect-slidetop \" data-delay=\"400\" data-speed=\"600\" style=\"-webkit-transition: all 600ms ease; -moz-transition: all 600ms ease; -ms-transition: all 600ms ease; -o-transition: all 600ms ease; transition: all 600ms ease;\">\n<div class=\"banner-wrap banner-home\"><h5>Volcano Surf<br \/>\nFotos<\/h5><figure class=\"featured-thumbnail\"><a href=\"http:\/\/volcanosurflanzarote.com\/es\/galeria-de-fotos\" title=\"Volcano Surf<br \/>\nFotos\"><img src=\"https:\/\/volcanosurflanzarote.com\/wp-content\/uploads\/2016\/03\/volcanosurf-gallery.jpg\" title=\"Volcano Surf<br \/>\nFotos\" alt=\"\" \/><\/a><\/figure><p>Venga a echar un vistazo a nuestra galer\u00eda para obtener una mejor impresi\u00f3n de nuestros cursos de surf y tambi\u00e9n lugares de surf en la isla.<\/p><div class=\"link-align\"><a href=\"http:\/\/volcanosurflanzarote.com\/es\/galeria-de-fotos\" title=\"leer m\u00e1s\" class=\"btn btn-link\" target=\"_self\">leer m\u00e1s<\/a><\/div><\/div><!-- .banner-wrap (end) -->\n<\/section><\/div>\n<div class=\"span3 \"><section class=\"lazy-load-box trigger effect-slidetop \" data-delay=\"600\" data-speed=\"600\" style=\"-webkit-transition: all 600ms ease; -moz-transition: all 600ms ease; -ms-transition: all 600ms ease; -o-transition: all 600ms ease; transition: all 600ms ease;\">\n<div class=\"banner-wrap banner-home\"><h5>Descubre otros actividades<\/h5><figure class=\"featured-thumbnail\"><a href=\"http:\/\/volcanosurflanzarote.com\/es\/watersports-center\/\" title=\"Descubre otros actividades\"><img src=\"https:\/\/volcanosurflanzarote.com\/wp-content\/uploads\/2017\/03\/watersport-lanzarote-1.jpg\" title=\"Descubre otros actividades\" alt=\"\" \/><\/a><\/figure><p> Visite nuestro centro de deportes acu\u00e1ticos y pruebe Kayak, Stand Up Paddle, Windsurf y muchos m\u00e1s deportes acu\u00e1ticos ...<\/p><div class=\"link-align\"><a href=\"http:\/\/volcanosurflanzarote.com\/es\/watersports-center\/\" title=\"leer m\u00e1s\" class=\"btn btn-link\" target=\"_self\">leer m\u00e1s<\/a><\/div><\/div><!-- .banner-wrap (end) -->\n<\/section><\/div>\n<\/div><!-- .row (end) -->\n<div class=\"row \">\n<p>&nbsp;<\/p>\n<div class=\"span6 \"><section class=\"lazy-load-box trigger effect-slidetop \" data-delay=\"0\" data-speed=\"600\" style=\"-webkit-transition: all 600ms ease; -moz-transition: all 600ms ease; -ms-transition: all 600ms ease; -o-transition: all 600ms ease; transition: all 600ms ease;\"><\/section>\n<div class=\"well normal\"><div class=\"title-box clearfix \"><h2 class=\"title-box_primary\">Bienvenido...<\/h2><h3 class=\"title-box_secondary\">a nuestra escuela de surf!<\/h3><\/div><!-- \/\/.title-box --><span style=\"color: #333333;\"><strong><a href=\"http:\/\/volcanosurflanzarote.com\/wp-content\/uploads\/2011\/09\/volcanoSurfSChool.jpg\"><img decoding=\"async\" loading=\"lazy\" class=\"alignleft size-medium wp-image-2905\" src=\"http:\/\/volcanosurflanzarote.com\/wp-content\/uploads\/2011\/09\/volcanoSurfSChool-300x219.jpg\" alt=\"Volcano surf school\" width=\"300\" height=\"219\" srcset=\"https:\/\/volcanosurflanzarote.com\/wp-content\/uploads\/2011\/09\/volcanoSurfSChool-300x219.jpg 300w, https:\/\/volcanosurflanzarote.com\/wp-content\/uploads\/2011\/09\/volcanoSurfSChool.jpg 510w\" sizes=\"(max-width: 300px) 100vw, 300px\" \/><\/a><\/strong><\/span><\/p>\n<p><span style=\"color: #808080;\"><strong>Volcano Surf School<\/strong> es una escuela de surf en Costa Teguise, Lanzarote. Los condiciones en <a href=\"http:\/\/volcanosurflanzarote.com\/es\/lanzarote\">Lanzarot<\/a><a href=\"http:\/\/volcanosurflanzarote.com\/lanzarote\/\">e<\/a> estan perfectos todo el a\u00f1o. Se puede disfrutar a cojer olas todo en invierno y en verano.<\/span><br \/>\n<span style=\"color: #808080;\"> Nuestro objetivo es ofrecerte un tiempo incre\u00edble navegando en diferentes puntos de surf como Famara, Arrieta y otros lugares de la isla. Surf es algo m\u00e1s que un deporte. La captura de olas es un sentimiento que queremos que comparta con nosotros. Lanzarote tiene una larga historia de surf y es un punto de surf incre\u00edble. Famara, por ejemplo, con su \"larga playa de arena blanca es un lugar incre\u00edble para tomar la primera lecci\u00f3n de surf. Por favor, eche un vistazo a nuestra <a href=\"http:\/\/volcanosurflanzarote.com\/es\/cursos-de-surf\/\">cursos de surf <\/a>para obtener m\u00e1s informaci\u00f3n sobre los cursos de surf, <a href=\"http:\/\/volcanosurflanzarote.com\/prices\/\">prices<\/a> y <a href=\"http:\/\/volcanosurflanzarote.com\/courses\/\">rental <\/a>nuestro material de surf. La hermosa isla volcanica <a href=\"http:\/\/volcanosurflanzarote.com\/es\/lanzarote\/\">Lanzarote <\/a>ofrece incre\u00edbles condiciones de windsurf y surf para todos los niveles.\u00a0 Sean principiantes, intermedios o avanzados. Y con nuestro equipo altamente motivado, profesional y experimentado de instructores de surf le garantizamos a todo el mundo el surf incre\u00edble en un ambiente realmente bueno. \u00a1Ven y \u00fanete a nosotros para compartir la sensaci\u00f3n de surfear con nosotros! Ahola Esperamos darle la bienvenida pronto en volcanosurf lanzarote.<\/span><\/div>\n<a href=\"http:\/\/volcanosurflanzarote.com\/es\/cursos-y-alquiler\/\" title=\"Mas informaci\u00f3n...\" class=\"btn btn-default btn-normal btn-inline \" target=\"_self\">Mas informaci\u00f3n...<\/a><!-- .btn --><\/div>\n<div class=\"span6 \"><p><iframe loading=\"lazy\" src=\"https:\/\/player.vimeo.com\/video\/72808070\" width=\"700\" height=\"600\" frameborder=\"0\" allowfullscreen=\"allowfullscreen\" data-mce-fragment=\"1\"><\/iframe><\/p><\/div>\n<\/div><!-- .row (end) -->\n","protected":false},"excerpt":{"rendered":"","protected":false},"author":1,"featured_media":0,"parent":0,"menu_order":0,"comment_status":"open","ping_status":"closed","template":"page-home.php","meta":{"_themeisle_gutenberg_block_has_review":false},"yoast_head":"<!-- This site is optimized with the Yoast SEO plugin v18.4.1 - https:\/\/yoast.com\/wordpress\/plugins\/seo\/ -->\n<title>Volcano Surf Lanzarote - Escuela de Surf en Costa Teguise, Lanzarote<\/title>\n<meta name=\"description\" content=\"Volcano Surf Lanzarote es una escuela de Surf en Costa Teguise, Lanzarote. Salimos todo los dias por cursos de Surf en Famara y otros sitios de la isla.\" \/>\n<meta name=\"robots\" content=\"index, follow, max-snippet:-1, max-image-preview:large, max-video-preview:-1\" \/>\n<link rel=\"canonical\" href=\"https:\/\/volcanosurflanzarote.com\/es\/\" \/>\n<meta property=\"og:locale\" content=\"es_ES\" \/>\n<meta property=\"og:type\" content=\"article\" \/>\n<meta property=\"og:title\" content=\"Volcano Surf Lanzarote - Escuela de Surf en Costa Teguise, Lanzarote\" \/>\n<meta property=\"og:description\" content=\"Volcano Surf Lanzarote es una escuela de Surf en Costa Teguise, Lanzarote. Salimos todo los dias por cursos de Surf en Famara y otros sitios de la isla.\" \/>\n<meta property=\"og:url\" content=\"https:\/\/volcanosurflanzarote.com\/es\/\" \/>\n<meta property=\"og:site_name\" content=\"Volcano Surf School Lanzarote\" \/>\n<meta property=\"article:publisher\" content=\"https:\/\/www.facebook.com\/Volcanosurf-Lanzarote-503974406430753\/?ref=br_rs\" \/>\n<meta property=\"article:modified_time\" content=\"2017-06-26T11:32:45+00:00\" \/>\n<meta property=\"og:image\" content=\"http:\/\/volcanosurflanzarote.com\/wp-content\/uploads\/2011\/09\/volcanoSurfSChool-300x219.jpg\" \/>\n<meta name=\"twitter:card\" content=\"summary\" \/>\n<meta name=\"twitter:label1\" content=\"Tiempo de lectura\" \/>\n\t<meta name=\"twitter:data1\" content=\"3 minutos\" \/>\n<script type=\"application\/ld+json\" class=\"yoast-schema-graph\">{\"@context\":\"https:\/\/schema.org\",\"@graph\":[{\"@type\":\"Organization\",\"@id\":\"https:\/\/volcanosurflanzarote.com\/#organization\",\"name\":\"Volcano surf school Lanzarote\",\"url\":\"https:\/\/volcanosurflanzarote.com\/\",\"sameAs\":[\"https:\/\/www.facebook.com\/Volcanosurf-Lanzarote-503974406430753\/?ref=br_rs\"],\"logo\":{\"@type\":\"ImageObject\",\"@id\":\"https:\/\/volcanosurflanzarote.com\/#logo\",\"inLanguage\":\"es\",\"url\":\"http:\/\/volcanosurflanzarote.com\/wp-content\/uploads\/2017\/03\/logo_volcanosurflanzarote.jpg\",\"contentUrl\":\"http:\/\/volcanosurflanzarote.com\/wp-content\/uploads\/2017\/03\/logo_volcanosurflanzarote.jpg\",\"width\":968,\"height\":847,\"caption\":\"Volcano surf school Lanzarote\"},\"image\":{\"@id\":\"https:\/\/volcanosurflanzarote.com\/#logo\"}},{\"@type\":\"WebSite\",\"@id\":\"https:\/\/volcanosurflanzarote.com\/#website\",\"url\":\"https:\/\/volcanosurflanzarote.com\/\",\"name\":\"Volcano Surf School Lanzarote\",\"description\":\"Surf School in Lanzarote`s Surf Paradise\",\"publisher\":{\"@id\":\"https:\/\/volcanosurflanzarote.com\/#organization\"},\"potentialAction\":[{\"@type\":\"SearchAction\",\"target\":{\"@type\":\"EntryPoint\",\"urlTemplate\":\"https:\/\/volcanosurflanzarote.com\/?s={search_term_string}\"},\"query-input\":\"required name=search_term_string\"}],\"inLanguage\":\"es\"},{\"@type\":\"ImageObject\",\"@id\":\"https:\/\/volcanosurflanzarote.com\/es\/#primaryimage\",\"inLanguage\":\"es\",\"url\":\"https:\/\/volcanosurflanzarote.com\/wp-content\/uploads\/2011\/09\/volcanoSurfSChool.jpg\",\"contentUrl\":\"https:\/\/volcanosurflanzarote.com\/wp-content\/uploads\/2011\/09\/volcanoSurfSChool.jpg\",\"width\":510,\"height\":373,\"caption\":\"Volcano surf school\"},{\"@type\":\"WebPage\",\"@id\":\"https:\/\/volcanosurflanzarote.com\/es\/#webpage\",\"url\":\"https:\/\/volcanosurflanzarote.com\/es\/\",\"name\":\"Volcano Surf Lanzarote - Escuela de Surf en Costa Teguise, Lanzarote\",\"isPartOf\":{\"@id\":\"https:\/\/volcanosurflanzarote.com\/#website\"},\"primaryImageOfPage\":{\"@id\":\"https:\/\/volcanosurflanzarote.com\/es\/#primaryimage\"},\"datePublished\":\"2017-03-26T11:13:39+00:00\",\"dateModified\":\"2017-06-26T11:32:45+00:00\",\"description\":\"Volcano Surf Lanzarote es una escuela de Surf en Costa Teguise, Lanzarote. Salimos todo los dias por cursos de Surf en Famara y otros sitios de la isla.\",\"breadcrumb\":{\"@id\":\"https:\/\/volcanosurflanzarote.com\/es\/#breadcrumb\"},\"inLanguage\":\"es\",\"potentialAction\":[{\"@type\":\"ReadAction\",\"target\":[\"https:\/\/volcanosurflanzarote.com\/es\/\"]}]},{\"@type\":\"BreadcrumbList\",\"@id\":\"https:\/\/volcanosurflanzarote.com\/es\/#breadcrumb\",\"itemListElement\":[{\"@type\":\"ListItem\",\"position\":1,\"name\":\"Home\",\"item\":\"https:\/\/volcanosurflanzarote.com\/es\/\"},{\"@type\":\"ListItem\",\"position\":2,\"name\":\"Home\"}]}]}<\/script>\n<!-- \/ Yoast SEO plugin. -->","yoast_head_json":{"title":"Volcano Surf Lanzarote - Escuela de Surf en Costa Teguise, Lanzarote","description":"Volcano Surf Lanzarote es una escuela de Surf en Costa Teguise, Lanzarote. Salimos todo los dias por cursos de Surf en Famara y otros sitios de la isla.","robots":{"index":"index","follow":"follow","max-snippet":"max-snippet:-1","max-image-preview":"max-image-preview:large","max-video-preview":"max-video-preview:-1"},"canonical":"https:\/\/volcanosurflanzarote.com\/es\/","og_locale":"es_ES","og_type":"article","og_title":"Volcano Surf Lanzarote - Escuela de Surf en Costa Teguise, Lanzarote","og_description":"Volcano Surf Lanzarote es una escuela de Surf en Costa Teguise, Lanzarote. Salimos todo los dias por cursos de Surf en Famara y otros sitios de la isla.","og_url":"https:\/\/volcanosurflanzarote.com\/es\/","og_site_name":"Volcano Surf School Lanzarote","article_publisher":"https:\/\/www.facebook.com\/Volcanosurf-Lanzarote-503974406430753\/?ref=br_rs","article_modified_time":"2017-06-26T11:32:45+00:00","og_image":[{"url":"http:\/\/volcanosurflanzarote.com\/wp-content\/uploads\/2011\/09\/volcanoSurfSChool-300x219.jpg"}],"twitter_card":"summary","twitter_misc":{"Tiempo de lectura":"3 minutos"},"schema":{"@context":"https:\/\/schema.org","@graph":[{"@type":"Organization","@id":"https:\/\/volcanosurflanzarote.com\/#organization","name":"Volcano surf school Lanzarote","url":"https:\/\/volcanosurflanzarote.com\/","sameAs":["https:\/\/www.facebook.com\/Volcanosurf-Lanzarote-503974406430753\/?ref=br_rs"],"logo":{"@type":"ImageObject","@id":"https:\/\/volcanosurflanzarote.com\/#logo","inLanguage":"es","url":"http:\/\/volcanosurflanzarote.com\/wp-content\/uploads\/2017\/03\/logo_volcanosurflanzarote.jpg","contentUrl":"http:\/\/volcanosurflanzarote.com\/wp-content\/uploads\/2017\/03\/logo_volcanosurflanzarote.jpg","width":968,"height":847,"caption":"Volcano surf school Lanzarote"},"image":{"@id":"https:\/\/volcanosurflanzarote.com\/#logo"}},{"@type":"WebSite","@id":"https:\/\/volcanosurflanzarote.com\/#website","url":"https:\/\/volcanosurflanzarote.com\/","name":"Volcano Surf School Lanzarote","description":"Surf School in Lanzarote`s Surf Paradise","publisher":{"@id":"https:\/\/volcanosurflanzarote.com\/#organization"},"potentialAction":[{"@type":"SearchAction","target":{"@type":"EntryPoint","urlTemplate":"https:\/\/volcanosurflanzarote.com\/?s={search_term_string}"},"query-input":"required name=search_term_string"}],"inLanguage":"es"},{"@type":"ImageObject","@id":"https:\/\/volcanosurflanzarote.com\/es\/#primaryimage","inLanguage":"es","url":"https:\/\/volcanosurflanzarote.com\/wp-content\/uploads\/2011\/09\/volcanoSurfSChool.jpg","contentUrl":"https:\/\/volcanosurflanzarote.com\/wp-content\/uploads\/2011\/09\/volcanoSurfSChool.jpg","width":510,"height":373,"caption":"Volcano surf school"},{"@type":"WebPage","@id":"https:\/\/volcanosurflanzarote.com\/es\/#webpage","url":"https:\/\/volcanosurflanzarote.com\/es\/","name":"Volcano Surf Lanzarote - Escuela de Surf en Costa Teguise, Lanzarote","isPartOf":{"@id":"https:\/\/volcanosurflanzarote.com\/#website"},"primaryImageOfPage":{"@id":"https:\/\/volcanosurflanzarote.com\/es\/#primaryimage"},"datePublished":"2017-03-26T11:13:39+00:00","dateModified":"2017-06-26T11:32:45+00:00","description":"Volcano Surf Lanzarote es una escuela de Surf en Costa Teguise, Lanzarote. Salimos todo los dias por cursos de Surf en Famara y otros sitios de la isla.","breadcrumb":{"@id":"https:\/\/volcanosurflanzarote.com\/es\/#breadcrumb"},"inLanguage":"es","potentialAction":[{"@type":"ReadAction","target":["https:\/\/volcanosurflanzarote.com\/es\/"]}]},{"@type":"BreadcrumbList","@id":"https:\/\/volcanosurflanzarote.com\/es\/#breadcrumb","itemListElement":[{"@type":"ListItem","position":1,"name":"Home","item":"https:\/\/volcanosurflanzarote.com\/es\/"},{"@type":"ListItem","position":2,"name":"Home"}]}]}},"_links":{"self":[{"href":"https:\/\/volcanosurflanzarote.com\/es\/wp-json\/wp\/v2\/pages\/2968"}],"collection":[{"href":"https:\/\/volcanosurflanzarote.com\/es\/wp-json\/wp\/v2\/pages"}],"about":[{"href":"https:\/\/volcanosurflanzarote.com\/es\/wp-json\/wp\/v2\/types\/page"}],"author":[{"embeddable":true,"href":"https:\/\/volcanosurflanzarote.com\/es\/wp-json\/wp\/v2\/users\/1"}],"replies":[{"embeddable":true,"href":"https:\/\/volcanosurflanzarote.com\/es\/wp-json\/wp\/v2\/comments?post=2968"}],"version-history":[{"count":25,"href":"https:\/\/volcanosurflanzarote.com\/es\/wp-json\/wp\/v2\/pages\/2968\/revisions"}],"predecessor-version":[{"id":3543,"href":"https:\/\/volcanosurflanzarote.com\/es\/wp-json\/wp\/v2\/pages\/2968\/revisions\/3543"}],"wp:attachment":[{"href":"https:\/\/volcanosurflanzarote.com\/es\/wp-json\/wp\/v2\/media?parent=2968"}],"curies":[{"name":"wp","href":"https:\/\/api.w.org\/{rel}","templated":true}]}}